{"id":149642,"date":"2021-01-15T11:00:22","date_gmt":"2021-01-15T11:00:22","guid":{"rendered":"https:\/\/codengine3.ch\/?product=import-placeholder-for-200734"},"modified":"2025-01-14T09:59:30","modified_gmt":"2025-01-14T08:59:30","slug":"die-schoensten-alpenpaesse-mit-dem-rennrad","status":"publish","type":"product","link":"https:\/\/pizbube.ch\/en\/shop\/die-schoensten-alpenpaesse-mit-dem-rennrad\/","title":{"rendered":"120 Alpenp\u00e4sse mit dem Rennrad"},"content":{"rendered":"<p>Alle Klassiker zwischen Berchtesgaden und Nizza<\/p>\n<p><span class=\"value\">Passstra\u00dfen in den Alpen sind eine Herausforderung &#8211; und eine Leidenschaft f\u00fcr jeden sportlich ambitionierten Radrennradfahrer. Dieser Band vereint die 120 sch\u00f6nsten Rennradp\u00e4sse im gesamten Alpenraum: vom Timmelsjoch \u00fcber den Furkapass, von der Seiser Alm bis zum Mont Ventoux. Pr\u00e4sentiert wird jeder Pass mit Fotos, genauer Routenbeschreibung, Steigungsangaben, Detailkarte, H\u00f6henprofil &#8211; und Sehenswertem auf der Tour.<\/span><\/p>\n<p>F\u00fcr jeden sportlich ambitionierten Rennradfahrer sind die Passstra\u00dfen der Alpen eine Herausforderung. In diesem Band sind die 100 sch\u00f6nsten Rennradp\u00e4sse im gesamten Alpenraum zusammengestellt mit allen Schwierigkeitsgraden. Jeder Pass wird mit aktuellen Fotos, genauer Routenbeschreibung, Steigungsangaben, Detailkarte und H\u00f6henprofil pr\u00e4sentiert. Au\u00dferdem: zahlreiche Hinweise zu Natur und Sehensw\u00fcrdigkeiten entlang der Route<\/p>\n<ul>\n<li class=\"base-info--entry\">288 Seiten<\/li>\n<li class=\"base-info--entry\">ca. 200 Abbildungen<\/li>\n<li class=\"base-info--entry\">Format 16,5 x 23,5 cm<\/li>\n<li class=\"base-info--entry\">Klappenbroschur mit Fadenheftung<\/li>\n<\/ul>","protected":false},"excerpt":{"rendered":"<p>Alle Klassiker zwischen Berchtesgaden und Nizza Passstra\u00dfen in den Alpen sind eine Herausforderung &#8211; und eine Leidenschaft f\u00fcr jeden sportlich ambitionierten Radrennradfahrer. Dieser Band vereint die 120 sch\u00f6nsten Rennradp\u00e4sse im gesamten Alpenraum: vom Timmelsjoch \u00fcber den Furkapass, von der Seiser Alm bis zum Mont Ventoux. Pr\u00e4sentiert wird jeder Pass mit Fotos, genauer Routenbeschreibung, Steigungsangaben, Detailkarte, [&#8230;]\n","protected":false},"featured_media":178064,"template":"","meta":[],"product_brand":[],"product_cat":[21606],"product_tag":[],"class_list":{"0":"post-149642","1":"product","2":"type-product","3":"status-publish","4":"has-post-thumbnail","6":"product_cat-mountainbikefuehrer","7":"pa_autor-geser","8":"pa_erscheinungsjahr-27129","9":"pa_region-schweiz","10":"pa_sprache-de","12":"first","13":"instock","14":"taxable","15":"shipping-taxable","16":"purchasable","17":"product-type-simple"},"_links":{"self":[{"href":"https:\/\/pizbube.ch\/en\/wp-json\/wp\/v2\/product\/149642","targetHints":{"allow":["GET"]}}],"collection":[{"href":"https:\/\/pizbube.ch\/en\/wp-json\/wp\/v2\/product"}],"about":[{"href":"https:\/\/pizbube.ch\/en\/wp-json\/wp\/v2\/types\/product"}],"wp:featuredmedia":[{"embeddable":true,"href":"https:\/\/pizbube.ch\/en\/wp-json\/wp\/v2\/media\/178064"}],"wp:attachment":[{"href":"https:\/\/pizbube.ch\/en\/wp-json\/wp\/v2\/media?parent=149642"}],"wp:term":[{"taxonomy":"product_brand","embeddable":true,"href":"https:\/\/pizbube.ch\/en\/wp-json\/wp\/v2\/product_brand?post=149642"},{"taxonomy":"product_cat","embeddable":true,"href":"https:\/\/pizbube.ch\/en\/wp-json\/wp\/v2\/product_cat?post=149642"},{"taxonomy":"product_tag","embeddable":true,"href":"https:\/\/pizbube.ch\/en\/wp-json\/wp\/v2\/product_tag?post=149642"}],"curies":[{"name":"wp","href":"https:\/\/api.w.org\/{rel}","templated":true}]}}