{"id":149646,"date":"2021-01-15T11:00:22","date_gmt":"2021-01-15T11:00:22","guid":{"rendered":"https:\/\/codengine3.ch\/?product=import-placeholder-for-208789"},"modified":"2021-01-15T17:57:50","modified_gmt":"2021-01-15T17:57:50","slug":"alpine-bergtouren-wetterstein-und-karwendel","status":"publish","type":"product","link":"https:\/\/pizbube.ch\/en\/shop\/alpine-bergtouren-wetterstein-und-karwendel\/","title":{"rendered":"Alpine Bergtouren Wetterstein und Karwendel"},"content":{"rendered":"<p>50 anspruchsvolle Gipfelziele zwischen Zugspitze und Achsensee<\/p>\n<p>Karwendel und Wetterstein lassen mit unz\u00e4hligen felsigen Gipfelzielen<br \/>\nBergsteigerherzen h\u00f6her schlagen. Vom Zugspitzklassiker Jubil\u00e4umsgrat bis zur<br \/>\nunbekannteren Gr\u00fcnstein-\u00dcberschreitung konzentriert sich dieser Band auf<br \/>\nanspruchsvolle Normalrouten bis zum II. Schwierigkeitsgrad, die alpintechnisch<br \/>\nzwischen Wandern und Klettern anzusiedeln sind. Der erfahrene, klassisch<br \/>\norientierte Bergsteiger hat die Qual der Wahl zwischen 50 kernigen alpinen<br \/>\nTouren.<br \/>\n192 Seiten, ca. 160 Abbildungen, Format 16,5 x 23,5 cm, Klappenbroschur mit<br \/>\nFadenheftung<\/p>","protected":false},"excerpt":{"rendered":"<p>50 anspruchsvolle Gipfelziele zwischen Zugspitze und Achsensee Karwendel und Wetterstein lassen mit unz\u00e4hligen felsigen Gipfelzielen Bergsteigerherzen h\u00f6her schlagen. Vom Zugspitzklassiker Jubil\u00e4umsgrat bis zur unbekannteren Gr\u00fcnstein-\u00dcberschreitung konzentriert sich dieser Band auf anspruchsvolle Normalrouten bis zum II. Schwierigkeitsgrad, die alpintechnisch zwischen Wandern und Klettern anzusiedeln sind. Der erfahrene, klassisch orientierte Bergsteiger hat die Qual der Wahl zwischen [&#8230;]\n","protected":false},"featured_media":41361,"template":"","meta":[],"product_brand":[],"product_cat":[21544],"product_tag":[],"class_list":{"0":"post-149646","1":"product","2":"type-product","3":"status-publish","4":"has-post-thumbnail","6":"product_cat-fuehrerliteratur-alpin-sommer","7":"pa_autor-zahel","8":"pa_erscheinungsjahr-21550","9":"pa_region-deutschland","10":"pa_sprache-de","12":"first","13":"instock","14":"taxable","15":"shipping-taxable","16":"purchasable","17":"product-type-simple"},"_links":{"self":[{"href":"https:\/\/pizbube.ch\/en\/wp-json\/wp\/v2\/product\/149646","targetHints":{"allow":["GET"]}}],"collection":[{"href":"https:\/\/pizbube.ch\/en\/wp-json\/wp\/v2\/product"}],"about":[{"href":"https:\/\/pizbube.ch\/en\/wp-json\/wp\/v2\/types\/product"}],"wp:featuredmedia":[{"embeddable":true,"href":"https:\/\/pizbube.ch\/en\/wp-json\/wp\/v2\/media\/41361"}],"wp:attachment":[{"href":"https:\/\/pizbube.ch\/en\/wp-json\/wp\/v2\/media?parent=149646"}],"wp:term":[{"taxonomy":"product_brand","embeddable":true,"href":"https:\/\/pizbube.ch\/en\/wp-json\/wp\/v2\/product_brand?post=149646"},{"taxonomy":"product_cat","embeddable":true,"href":"https:\/\/pizbube.ch\/en\/wp-json\/wp\/v2\/product_cat?post=149646"},{"taxonomy":"product_tag","embeddable":true,"href":"https:\/\/pizbube.ch\/en\/wp-json\/wp\/v2\/product_tag?post=149646"}],"curies":[{"name":"wp","href":"https:\/\/api.w.org\/{rel}","templated":true}]}}