{"id":149649,"date":"2021-01-15T11:00:22","date_gmt":"2021-01-15T11:00:22","guid":{"rendered":"https:\/\/codengine3.ch\/?product=import-placeholder-for-200736"},"modified":"2021-01-15T11:00:27","modified_gmt":"2021-01-15T11:00:27","slug":"pourquoi-nous-aimons-gravir-les-montagnes","status":"publish","type":"product","link":"https:\/\/pizbube.ch\/en\/shop\/pourquoi-nous-aimons-gravir-les-montagnes\/","title":{"rendered":"Pourquoi nous aimons gravir les montagnes"},"content":{"rendered":"<p>Ab\u00e9c\u00e9daire po\u00e9tique de la montagne<\/p>\n<p>Pourquoi allons-nous en montagne ? Pourquoi allons-nous sur les montagnes ?<br \/>\nPour la performance ? Le d\u00e9passement de soi ? Peut-\u00eatre simplement pour l\u2019air<br \/>\npur ?<\/p>\n<p>S\u00fbrement pour tout cela \u00e0 la fois\u2026 mais surtout, surtout, parce qu\u2019elles sont<br \/>\nbelles\u2026 tellement belles\u2026 dangereusement belles !<\/p>\n<p>Comme beaucoup, Marco Troussier a c\u00e9d\u00e9 aux charmes des parois de calcaire et<br \/>\nde granit\u2026 et \u00e0 leur po\u00e9sie. Il vous propose, que vous soyez alpiniste<br \/>\nchevronn\u00e9 ou n\u00e9ophyte, de d\u00e9couvrir (ou red\u00e9couvrir) une vision de ces<br \/>\nmontagnes, de ce qui les rend si attachantes.<\/p>","protected":false},"excerpt":{"rendered":"<p>Ab\u00e9c\u00e9daire po\u00e9tique de la montagne Pourquoi allons-nous en montagne ? Pourquoi allons-nous sur les montagnes ? Pour la performance ? Le d\u00e9passement de soi ? Peut-\u00eatre simplement pour l\u2019air pur ? S\u00fbrement pour tout cela \u00e0 la fois\u2026 mais surtout, surtout, parce qu\u2019elles sont belles\u2026 tellement belles\u2026 dangereusement belles ! Comme beaucoup, Marco Troussier a [&#8230;]\n","protected":false},"featured_media":28361,"template":"","meta":[],"product_brand":[],"product_cat":[21542],"product_tag":[],"class_list":{"0":"post-149649","1":"product","2":"type-product","3":"status-publish","4":"has-post-thumbnail","6":"product_cat-sachbuecher-dokumentationen","7":"pa_autor-troussier","8":"pa_erscheinungsjahr-21574","9":"pa_region-frankreich","10":"pa_sprache-fr","12":"first","13":"instock","14":"taxable","15":"shipping-taxable","16":"purchasable","17":"product-type-simple"},"_links":{"self":[{"href":"https:\/\/pizbube.ch\/en\/wp-json\/wp\/v2\/product\/149649","targetHints":{"allow":["GET"]}}],"collection":[{"href":"https:\/\/pizbube.ch\/en\/wp-json\/wp\/v2\/product"}],"about":[{"href":"https:\/\/pizbube.ch\/en\/wp-json\/wp\/v2\/types\/product"}],"wp:featuredmedia":[{"embeddable":true,"href":"https:\/\/pizbube.ch\/en\/wp-json\/wp\/v2\/media\/28361"}],"wp:attachment":[{"href":"https:\/\/pizbube.ch\/en\/wp-json\/wp\/v2\/media?parent=149649"}],"wp:term":[{"taxonomy":"product_brand","embeddable":true,"href":"https:\/\/pizbube.ch\/en\/wp-json\/wp\/v2\/product_brand?post=149649"},{"taxonomy":"product_cat","embeddable":true,"href":"https:\/\/pizbube.ch\/en\/wp-json\/wp\/v2\/product_cat?post=149649"},{"taxonomy":"product_tag","embeddable":true,"href":"https:\/\/pizbube.ch\/en\/wp-json\/wp\/v2\/product_tag?post=149649"}],"curies":[{"name":"wp","href":"https:\/\/api.w.org\/{rel}","templated":true}]}}