{"id":149650,"date":"2021-01-15T11:00:22","date_gmt":"2021-01-15T11:00:22","guid":{"rendered":"https:\/\/codengine3.ch\/?product=import-placeholder-for-207175"},"modified":"2021-01-15T14:55:50","modified_gmt":"2021-01-15T14:55:50","slug":"pourquoi-grimper-sur-les-montagnes","status":"publish","type":"product","link":"https:\/\/pizbube.ch\/en\/shop\/pourquoi-grimper-sur-les-montagnes\/","title":{"rendered":"Pourquoi grimper sur les montagnes?"},"content":{"rendered":"<p>L&#8217;alpiniste invite le philosophe (et r\u00e9ciproquement) pour nous expliquer<br \/>\npourquoi il est tellement utile de conqu\u00e9rir l&#8217;inutile.  <\/p>\n<p>Alors\u2026 Pourquoi grimper sur les montagnes ?<br \/>\nPar plaisir, par amour ou pour le go\u00fbt du danger ?<br \/>\nEst-ce que tout simplement, comme Mallory,<br \/>\non grimpe les montagnes &#8218;parce qu\u2019elles sont l\u00e0&#8216; ?  <\/p>\n<p>On peut aussi tranquillement ruminer la phrase de Samivel : &#8218;Il y a des gens<br \/>\nqui ne veulent rien partager<br \/>\navec les vaches&#8216;.<br \/>\nCe petit livre convoque nombre de philosophes, d\u2019Aristote \u00e0 \u00c9picure,<br \/>\nDescartes, Nietsche ou Spinoza; pour lancer &#8218;quelques bribes d\u2019explications \u00e0<br \/>\nce genre de comportement \u00e9trange qui consiste \u00e0 grimper sur toutes<br \/>\nprotub\u00e9rances ridicules&#8216;.<br \/>\nOn reconna\u00eetra \u00e0 Patrick Dupouey la ma\u00eetrise des connaissances et une aisance<br \/>\ndans le maniement des id\u00e9es comme dans celui de la corde et du piolet. Avec<br \/>\nlui, tout para\u00eet facile, grimper et philosopher.  <\/p>\n<p>Ancien de la rue d\u2019Ulm et professeur agr\u00e9g\u00e9 de philosophie, Patrick Dupouey a<br \/>\ntrente-cinq ans de montagne dans les jambes et autant d\u2019ann\u00e9es de philo dans<br \/>\nla t\u00eate, pour r\u00e9pondre \u00e0 la question qui nous occupe. Dont on comprend qu\u2019il y<br \/>\na peut-\u00eatre autant de r\u00e9ponses que d\u2019int\u00e9ress\u00e9s. Et que chacune d\u2019entre elles<br \/>\nnous int\u00e9resse.  <\/p>","protected":false},"excerpt":{"rendered":"<p>L&#8217;alpiniste invite le philosophe (et r\u00e9ciproquement) pour nous expliquer pourquoi il est tellement utile de conqu\u00e9rir l&#8217;inutile. Alors\u2026 Pourquoi grimper sur les montagnes ? Par plaisir, par amour ou pour le go\u00fbt du danger ? Est-ce que tout simplement, comme Mallory, on grimpe les montagnes &#8218;parce qu\u2019elles sont l\u00e0&#8216; ? On peut aussi tranquillement ruminer [&#8230;]\n","protected":false},"featured_media":36804,"template":"","meta":[],"product_brand":[],"product_cat":[21629],"product_tag":[],"class_list":{"0":"post-149650","1":"product","2":"type-product","3":"status-publish","4":"has-post-thumbnail","6":"product_cat-belletristik","7":"pa_autor-dupouey","8":"pa_erscheinungsjahr-21621","9":"pa_region-frankreich","10":"pa_sprache-fr","12":"first","13":"instock","14":"taxable","15":"shipping-taxable","16":"purchasable","17":"product-type-simple"},"_links":{"self":[{"href":"https:\/\/pizbube.ch\/en\/wp-json\/wp\/v2\/product\/149650","targetHints":{"allow":["GET"]}}],"collection":[{"href":"https:\/\/pizbube.ch\/en\/wp-json\/wp\/v2\/product"}],"about":[{"href":"https:\/\/pizbube.ch\/en\/wp-json\/wp\/v2\/types\/product"}],"wp:featuredmedia":[{"embeddable":true,"href":"https:\/\/pizbube.ch\/en\/wp-json\/wp\/v2\/media\/36804"}],"wp:attachment":[{"href":"https:\/\/pizbube.ch\/en\/wp-json\/wp\/v2\/media?parent=149650"}],"wp:term":[{"taxonomy":"product_brand","embeddable":true,"href":"https:\/\/pizbube.ch\/en\/wp-json\/wp\/v2\/product_brand?post=149650"},{"taxonomy":"product_cat","embeddable":true,"href":"https:\/\/pizbube.ch\/en\/wp-json\/wp\/v2\/product_cat?post=149650"},{"taxonomy":"product_tag","embeddable":true,"href":"https:\/\/pizbube.ch\/en\/wp-json\/wp\/v2\/product_tag?post=149650"}],"curies":[{"name":"wp","href":"https:\/\/api.w.org\/{rel}","templated":true}]}}