{"id":149653,"date":"2021-01-15T11:00:23","date_gmt":"2021-01-15T11:00:23","guid":{"rendered":"https:\/\/codengine3.ch\/?product=import-placeholder-for-206183"},"modified":"2021-01-15T14:47:02","modified_gmt":"2021-01-15T14:47:02","slug":"wege-zum-pik-stalin","status":"publish","type":"product","link":"https:\/\/pizbube.ch\/en\/shop\/wege-zum-pik-stalin\/","title":{"rendered":"Wege zum Pik Stalin"},"content":{"rendered":"<p>Sowjetische Alpinisten 1928\u20131953  <\/p>\n<p>Vom Kaukasus bis in den Pamir und vom Tien-Shan zur\u00fcck nach Moskau, St.<br \/>\nPetersburg und Kiew: Die Geschichte der sowjetischen Bergsteiger und ihrer<br \/>\nFormen von Gemeinschaft gew\u00e4hrt zum einen neue Einblicke in die Kultur-,<br \/>\nAlltags- und Sozialgeschichte der stalinistischen Sowjetunion und in die<br \/>\nLebenswelten eines Teils der intellektuellen Elite, zum andern in die<br \/>\nunterschiedliche Symbolik und Funktion dieser nichtrussischen Bergperipherien<br \/>\nf\u00fcr das Selbstverst\u00e4ndnis des multinationalen sowjetischen Herrschaftsgebiets.<br \/>\nDas Machtzentrum Moskau ist dabei geographisch oft weit entfernt und doch<br \/>\nstets pr\u00e4sent \u2013 ob in der politischen Symbolik vertikaler Berghierarchien (so<br \/>\nam Pik Stalin mitten im Pamir) oder in den Repressionen des `Grossen Terrors`,<br \/>\nder auch die Alpinisten traf.  <\/p>\n<p>Die Studie stellt die Bergsteiger als erfolgreiche Akteure in eigener Sache<br \/>\nins Zentrum und er\u00f6ffnet so eine Perspektive auf die Ebene zwischen Individuum<br \/>\nund Staatsmacht im Stalinismus. Sie zeigt, wie die staatlichen<br \/>\nMonopolorganisationen im Bereich des Sports und der Freizeit nicht nur der<br \/>\nKontrolle und Sozialisierung ins Sowjetsystem dienten, sondern auch als<br \/>\nAusgangspunkt f\u00fcr eigene Aktivit\u00e4ten und manchmal sogar als halb\u00f6ffentliche<br \/>\nNischen des R\u00fcckzugs und der Kritik genutzt werden konnten. Der zeitliche<br \/>\nBogen spannt sich von den zwanziger bis zu den ausgehenden f\u00fcnfziger Jahren<br \/>\ndes 20. Jahrhunderts. Ein ausf\u00fchrliches Einleitungskapitel bietet ausserdem<br \/>\neinen Einblick in die Entstehung des russl\u00e4ndischen Bergsteigens vor der<br \/>\nRevolution.  <\/p>","protected":false},"excerpt":{"rendered":"<p>Sowjetische Alpinisten 1928\u20131953 Vom Kaukasus bis in den Pamir und vom Tien-Shan zur\u00fcck nach Moskau, St. Petersburg und Kiew: Die Geschichte der sowjetischen Bergsteiger und ihrer Formen von Gemeinschaft gew\u00e4hrt zum einen neue Einblicke in die Kultur-, Alltags- und Sozialgeschichte der stalinistischen Sowjetunion und in die Lebenswelten eines Teils der intellektuellen Elite, zum andern in [&#8230;]\n","protected":false},"featured_media":35128,"template":"","meta":[],"product_brand":[],"product_cat":[21542],"product_tag":[],"class_list":{"0":"post-149653","1":"product","2":"type-product","3":"status-publish","4":"has-post-thumbnail","6":"product_cat-sachbuecher-dokumentationen","7":"pa_autor-maurer","8":"pa_erscheinungsjahr-21830","9":"pa_region-schweiz","10":"pa_sprache-de","12":"first","13":"instock","14":"taxable","15":"shipping-taxable","16":"purchasable","17":"product-type-simple"},"_links":{"self":[{"href":"https:\/\/pizbube.ch\/en\/wp-json\/wp\/v2\/product\/149653","targetHints":{"allow":["GET"]}}],"collection":[{"href":"https:\/\/pizbube.ch\/en\/wp-json\/wp\/v2\/product"}],"about":[{"href":"https:\/\/pizbube.ch\/en\/wp-json\/wp\/v2\/types\/product"}],"wp:featuredmedia":[{"embeddable":true,"href":"https:\/\/pizbube.ch\/en\/wp-json\/wp\/v2\/media\/35128"}],"wp:attachment":[{"href":"https:\/\/pizbube.ch\/en\/wp-json\/wp\/v2\/media?parent=149653"}],"wp:term":[{"taxonomy":"product_brand","embeddable":true,"href":"https:\/\/pizbube.ch\/en\/wp-json\/wp\/v2\/product_brand?post=149653"},{"taxonomy":"product_cat","embeddable":true,"href":"https:\/\/pizbube.ch\/en\/wp-json\/wp\/v2\/product_cat?post=149653"},{"taxonomy":"product_tag","embeddable":true,"href":"https:\/\/pizbube.ch\/en\/wp-json\/wp\/v2\/product_tag?post=149653"}],"curies":[{"name":"wp","href":"https:\/\/api.w.org\/{rel}","templated":true}]}}