{"id":149654,"date":"2021-01-15T11:00:23","date_gmt":"2021-01-15T11:00:23","guid":{"rendered":"https:\/\/codengine3.ch\/?product=import-placeholder-for-200738"},"modified":"2021-01-15T11:00:28","modified_gmt":"2021-01-15T11:00:28","slug":"aus-eis-und-schnee","status":"publish","type":"product","link":"https:\/\/pizbube.ch\/en\/shop\/aus-eis-und-schnee\/","title":{"rendered":"Aus Eis und Schnee"},"content":{"rendered":"<p>NZZ Folio 7\/97;<br \/>\nSchnee ist nicht nur eine Sache des Winters, das weiss jeder, der auf einer<br \/>\nfr\u00fch- oder sp\u00e4tsommerlichen Wanderung in den Bergen schon unversehens von ihm<br \/>\n\u00fcberrascht worden ist oder sich gar in die H\u00f6hen des ewigen Schnees vorgewagt<br \/>\nhat. Und Eis ist es erst recht nicht, nimmt es doch beispielsweise, wie die<br \/>\nAusgabe von Meyers Konversationslexikon von 1907 schreibt, &#8218;erheblichen Anteil<br \/>\nan der Bildung der Erdrinde&#8216;, weshalb es &#8218;in diesem Sinne zu den Gesteinen zu<br \/>\nrechnen&#8216; sei. Zu keiner Zeit auch gibt man sich dem Genuss eisgek\u00fchlter Dinge<br \/>\nlieber hin als im Sommer, der hoffentlich auf seinem H\u00f6hepunkt ist, wenn Ihnen<br \/>\ndieses Heft in die H\u00e4nde ger\u00e4t. Sonst legen Sie es bitte so lange zur Seite.  <\/p>","protected":false},"excerpt":{"rendered":"<p>NZZ Folio 7\/97; Schnee ist nicht nur eine Sache des Winters, das weiss jeder, der auf einer fr\u00fch- oder sp\u00e4tsommerlichen Wanderung in den Bergen schon unversehens von ihm \u00fcberrascht worden ist oder sich gar in die H\u00f6hen des ewigen Schnees vorgewagt hat. Und Eis ist es erst recht nicht, nimmt es doch beispielsweise, wie die [&#8230;]\n","protected":false},"featured_media":27781,"template":"","meta":[],"product_brand":[],"product_cat":[21541],"product_tag":[],"class_list":{"0":"post-149654","1":"product","2":"type-product","3":"status-publish","4":"has-post-thumbnail","6":"product_cat-zeitschriften","7":"pa_autor-diverse","8":"pa_erscheinungsjahr-22133","9":"pa_region-schweiz","10":"pa_sprache-de","12":"first","13":"instock","14":"taxable","15":"shipping-taxable","16":"purchasable","17":"product-type-simple"},"_links":{"self":[{"href":"https:\/\/pizbube.ch\/en\/wp-json\/wp\/v2\/product\/149654","targetHints":{"allow":["GET"]}}],"collection":[{"href":"https:\/\/pizbube.ch\/en\/wp-json\/wp\/v2\/product"}],"about":[{"href":"https:\/\/pizbube.ch\/en\/wp-json\/wp\/v2\/types\/product"}],"wp:featuredmedia":[{"embeddable":true,"href":"https:\/\/pizbube.ch\/en\/wp-json\/wp\/v2\/media\/27781"}],"wp:attachment":[{"href":"https:\/\/pizbube.ch\/en\/wp-json\/wp\/v2\/media?parent=149654"}],"wp:term":[{"taxonomy":"product_brand","embeddable":true,"href":"https:\/\/pizbube.ch\/en\/wp-json\/wp\/v2\/product_brand?post=149654"},{"taxonomy":"product_cat","embeddable":true,"href":"https:\/\/pizbube.ch\/en\/wp-json\/wp\/v2\/product_cat?post=149654"},{"taxonomy":"product_tag","embeddable":true,"href":"https:\/\/pizbube.ch\/en\/wp-json\/wp\/v2\/product_tag?post=149654"}],"curies":[{"name":"wp","href":"https:\/\/api.w.org\/{rel}","templated":true}]}}