{"id":149656,"date":"2021-01-15T11:00:23","date_gmt":"2021-01-15T11:00:23","guid":{"rendered":"https:\/\/codengine3.ch\/?product=import-placeholder-for-203528"},"modified":"2021-01-15T14:24:08","modified_gmt":"2021-01-15T14:24:08","slug":"weisse-wunderware-schnee","status":"publish","type":"product","link":"https:\/\/pizbube.ch\/en\/shop\/weisse-wunderware-schnee\/","title":{"rendered":"weisse wunderware schnee"},"content":{"rendered":"<p>Schnee ist in alpinen Regionen eine selbstverst\u00e4ndliche Realit\u00e4t. Vom Schnee<br \/>\nh\u00e4ngt manches Einkommen ab, ein \u00dcbermass an Schnee ist ebenso verheerend wie<br \/>\ndessen Mangel. Die drei B\u00fcndner Museen n\u00e4hern sich dem Schnee aus<br \/>\nverschiedenen Blickwinkeln. Das Buch bezieht den gesamten Alpenraum mit ein<br \/>\nund zeigt k\u00fcnstlerische, naturwissenschaftliche, technische, historische und<br \/>\nsoziologische Aspekte dieses faszinierenden Elements.<br \/>\nDas Buch erscheint zur gleichnamigen Ausstellung vom 19.11.2004 bis zum<br \/>\n27.2.2005 im B\u00fcndner Naturmuseum<\/p>","protected":false},"excerpt":{"rendered":"<p>Schnee ist in alpinen Regionen eine selbstverst\u00e4ndliche Realit\u00e4t. Vom Schnee h\u00e4ngt manches Einkommen ab, ein \u00dcbermass an Schnee ist ebenso verheerend wie dessen Mangel. Die drei B\u00fcndner Museen n\u00e4hern sich dem Schnee aus verschiedenen Blickwinkeln. Das Buch bezieht den gesamten Alpenraum mit ein und zeigt k\u00fcnstlerische, naturwissenschaftliche, technische, historische und soziologische Aspekte dieses faszinierenden Elements. [&#8230;]\n","protected":false},"featured_media":31158,"template":"","meta":[],"product_brand":[],"product_cat":[21580],"product_tag":[],"class_list":{"0":"post-149656","1":"product","2":"type-product","3":"status-publish","4":"has-post-thumbnail","6":"product_cat-kunst-kultur","7":"pa_autor-buendner-kunstmuseum","8":"pa_erscheinungsjahr-21920","9":"pa_region-schweiz","10":"pa_sprache-de","12":"first","13":"instock","14":"taxable","15":"shipping-taxable","16":"purchasable","17":"product-type-simple"},"_links":{"self":[{"href":"https:\/\/pizbube.ch\/en\/wp-json\/wp\/v2\/product\/149656","targetHints":{"allow":["GET"]}}],"collection":[{"href":"https:\/\/pizbube.ch\/en\/wp-json\/wp\/v2\/product"}],"about":[{"href":"https:\/\/pizbube.ch\/en\/wp-json\/wp\/v2\/types\/product"}],"wp:featuredmedia":[{"embeddable":true,"href":"https:\/\/pizbube.ch\/en\/wp-json\/wp\/v2\/media\/31158"}],"wp:attachment":[{"href":"https:\/\/pizbube.ch\/en\/wp-json\/wp\/v2\/media?parent=149656"}],"wp:term":[{"taxonomy":"product_brand","embeddable":true,"href":"https:\/\/pizbube.ch\/en\/wp-json\/wp\/v2\/product_brand?post=149656"},{"taxonomy":"product_cat","embeddable":true,"href":"https:\/\/pizbube.ch\/en\/wp-json\/wp\/v2\/product_cat?post=149656"},{"taxonomy":"product_tag","embeddable":true,"href":"https:\/\/pizbube.ch\/en\/wp-json\/wp\/v2\/product_tag?post=149656"}],"curies":[{"name":"wp","href":"https:\/\/api.w.org\/{rel}","templated":true}]}}