{"id":149659,"date":"2021-01-15T11:00:28","date_gmt":"2021-01-15T11:00:28","guid":{"rendered":"https:\/\/codengine3.ch\/?product=import-placeholder-for-200740"},"modified":"2021-01-15T11:00:32","modified_gmt":"2021-01-15T11:00:32","slug":"berge","status":"publish","type":"product","link":"https:\/\/pizbube.ch\/en\/shop\/berge\/","title":{"rendered":"Berge"},"content":{"rendered":"<p>Themenheft mit monatlichem Gebiet: BERGE- das Fotomagazin der Bergwelt<br \/>\nentf\u00fchrt Sie in die sch\u00f6nsten Bergregionen in aller Welt!  <\/p>\n<p>An Lager ist normalerweise die aktuellste No.(Titelbild)- \u00e4ltere Ausgaben auf<br \/>\nNachfrage meist auch lieferbar!<\/p>","protected":false},"excerpt":{"rendered":"<p>Themenheft mit monatlichem Gebiet: BERGE- das Fotomagazin der Bergwelt entf\u00fchrt Sie in die sch\u00f6nsten Bergregionen in aller Welt! An Lager ist normalerweise die aktuellste No.(Titelbild)- \u00e4ltere Ausgaben auf Nachfrage meist auch lieferbar!<\/p>","protected":false},"featured_media":27783,"template":"","meta":[],"product_brand":[],"product_cat":[21541],"product_tag":[],"class_list":{"0":"post-149659","1":"product","2":"type-product","3":"status-publish","4":"has-post-thumbnail","6":"product_cat-zeitschriften","7":"pa_autor-monatszeitschrift","8":"pa_region-uebrigers-europa","9":"pa_sprache-de","11":"first","12":"instock","13":"taxable","14":"shipping-taxable","15":"purchasable","16":"product-type-simple"},"_links":{"self":[{"href":"https:\/\/pizbube.ch\/en\/wp-json\/wp\/v2\/product\/149659","targetHints":{"allow":["GET"]}}],"collection":[{"href":"https:\/\/pizbube.ch\/en\/wp-json\/wp\/v2\/product"}],"about":[{"href":"https:\/\/pizbube.ch\/en\/wp-json\/wp\/v2\/types\/product"}],"wp:featuredmedia":[{"embeddable":true,"href":"https:\/\/pizbube.ch\/en\/wp-json\/wp\/v2\/media\/27783"}],"wp:attachment":[{"href":"https:\/\/pizbube.ch\/en\/wp-json\/wp\/v2\/media?parent=149659"}],"wp:term":[{"taxonomy":"product_brand","embeddable":true,"href":"https:\/\/pizbube.ch\/en\/wp-json\/wp\/v2\/product_brand?post=149659"},{"taxonomy":"product_cat","embeddable":true,"href":"https:\/\/pizbube.ch\/en\/wp-json\/wp\/v2\/product_cat?post=149659"},{"taxonomy":"product_tag","embeddable":true,"href":"https:\/\/pizbube.ch\/en\/wp-json\/wp\/v2\/product_tag?post=149659"}],"curies":[{"name":"wp","href":"https:\/\/api.w.org\/{rel}","templated":true}]}}