{"id":149667,"date":"2021-01-15T11:00:29","date_gmt":"2021-01-15T11:00:29","guid":{"rendered":"https:\/\/codengine3.ch\/?product=import-placeholder-for-207511"},"modified":"2021-01-15T16:04:07","modified_gmt":"2021-01-15T16:04:07","slug":"kuriose-geschichten-aus-den-alpen","status":"publish","type":"product","link":"https:\/\/pizbube.ch\/en\/shop\/kuriose-geschichten-aus-den-alpen\/","title":{"rendered":"Kuriose Geschichten aus den Alpen"},"content":{"rendered":"<p>Vom Wienerwald bis zum Mont Blanc<\/p>\n<p>F\u00fcr Freunde ausgefallener Berichte aus der fr\u00fcheren Alpinliteratur hat der<br \/>\nAutor in seinem neuen Buch \u00fcber achtzig meist kuriose und heitere Texte aus<br \/>\nseiner reichhaltigen Bibliothek zusammengestellt. Der Gro\u00dfteil dieser alpinen<br \/>\nSchmankerln aus dem 19. und 20. Jahrhundert wurde bisher nur in Zeitschriften<br \/>\noder in f\u00fcr die Allgemeinheit wenig zug\u00e4nglichen Vereinsbrosch\u00fcren abgedruckt.<br \/>\nDie \u201eKuriosen Geschichten\u201c spielen sich im gesamten Alpenraum mit Schwerpunkt<br \/>\nOstalpen ab. Einige interessante und ereignisreiche Anekdoten aus den<br \/>\nSchweizer und franz\u00f6sischen Bergen runden den Inhalt des Buches ab.<\/p>\n<p>Das Zusammenstellen der Beitr\u00e4ge erfolgte mit gr\u00f6\u00dfter M\u00fche und Aufmerksamkeit<br \/>\nund jedes dieser etwas anderen Erlebnisse wurde mit einem oder mehreren<br \/>\n\u201egenau\u201c dazu passenden Bild \u2013 aus demselben Zeitabschnitt \u2013 und dem \u201eexakt\u201c<br \/>\nrichtigen Bergmotiv dazu versehen. Auf ca. 260 Seiten mit 50 farbigen und 100<br \/>\nSchwarz-Wei\u00df-Abbildungen wird es sicherlich gelingen, auch \u201eNichtalpinisten\u201c<br \/>\nmit den sehr kurzweiligen Texten zu unterhalten.<br \/>\n256 Seiten<\/p>","protected":false},"excerpt":{"rendered":"<p>Vom Wienerwald bis zum Mont Blanc F\u00fcr Freunde ausgefallener Berichte aus der fr\u00fcheren Alpinliteratur hat der Autor in seinem neuen Buch \u00fcber achtzig meist kuriose und heitere Texte aus seiner reichhaltigen Bibliothek zusammengestellt. Der Gro\u00dfteil dieser alpinen Schmankerln aus dem 19. und 20. Jahrhundert wurde bisher nur in Zeitschriften oder in f\u00fcr die Allgemeinheit wenig [&#8230;]\n","protected":false},"featured_media":37685,"template":"","meta":[],"product_brand":[],"product_cat":[21542],"product_tag":[],"class_list":{"0":"post-149667","1":"product","2":"type-product","3":"status-publish","4":"has-post-thumbnail","6":"product_cat-sachbuecher-dokumentationen","7":"pa_autor-witzmann","8":"pa_erscheinungsjahr-21597","9":"pa_region-oesterreich","10":"pa_sprache-de","12":"first","13":"instock","14":"taxable","15":"shipping-taxable","16":"purchasable","17":"product-type-simple"},"_links":{"self":[{"href":"https:\/\/pizbube.ch\/en\/wp-json\/wp\/v2\/product\/149667","targetHints":{"allow":["GET"]}}],"collection":[{"href":"https:\/\/pizbube.ch\/en\/wp-json\/wp\/v2\/product"}],"about":[{"href":"https:\/\/pizbube.ch\/en\/wp-json\/wp\/v2\/types\/product"}],"wp:featuredmedia":[{"embeddable":true,"href":"https:\/\/pizbube.ch\/en\/wp-json\/wp\/v2\/media\/37685"}],"wp:attachment":[{"href":"https:\/\/pizbube.ch\/en\/wp-json\/wp\/v2\/media?parent=149667"}],"wp:term":[{"taxonomy":"product_brand","embeddable":true,"href":"https:\/\/pizbube.ch\/en\/wp-json\/wp\/v2\/product_brand?post=149667"},{"taxonomy":"product_cat","embeddable":true,"href":"https:\/\/pizbube.ch\/en\/wp-json\/wp\/v2\/product_cat?post=149667"},{"taxonomy":"product_tag","embeddable":true,"href":"https:\/\/pizbube.ch\/en\/wp-json\/wp\/v2\/product_tag?post=149667"}],"curies":[{"name":"wp","href":"https:\/\/api.w.org\/{rel}","templated":true}]}}