{"id":149673,"date":"2021-01-15T11:00:29","date_gmt":"2021-01-15T11:00:29","guid":{"rendered":"https:\/\/codengine3.ch\/?product=import-placeholder-for-205052"},"modified":"2021-01-15T14:38:19","modified_gmt":"2021-01-15T14:38:19","slug":"ein-spaziergang-im-hindukusch","status":"publish","type":"product","link":"https:\/\/pizbube.ch\/en\/shop\/ein-spaziergang-im-hindukusch\/","title":{"rendered":"Ein Spaziergang im Hindukusch"},"content":{"rendered":"<p>Mitte der 50er Jahre brechen zwei exzentrische Briten &#8211; der eine Verk\u00e4ufer in<br \/>\neinem Haute-Couture-Salon, der andere Diplomat im Dienste Ihrer Majest\u00e4t &#8211;<br \/>\nauf, um ein Abenteuer der ganz besonderen Art zu erleben. Nach einem Crash-<br \/>\nKurs im Bergsteigen (in den H\u00fcgeln von Wales) wollen sie im Inneren<br \/>\nAfghanistans einen Sechstausender bezwingen. Voller Selbstironie und zugleich<br \/>\nh\u00f6chst kenntnisreich schildert Eric Newby die Erlebnisse der beiden Dandys in<br \/>\ndiesem gottverlassenen Winkel der Welt. Sein Bericht, ein Klassiker der<br \/>\nangels\u00e4chsischen Reiseliteratur, hat bis heute nichts von seinem Charme &#8211; und<br \/>\nseiner Aktualit\u00e4t &#8211; eingeb\u00fc\u00dft. &#8218;Man k\u00f6nnte sich keine unterhaltsamere<br \/>\nEinf\u00fchrung in Geschichte, Topographie und Landeskunde dieser Weltgegend<br \/>\nvorstellen als diesen unsentimentalen Bericht.&#8216; Hannes Hintermeier,<br \/>\nFrankfurter Allgemeine Zeitung &#8218;Dieses Buch ist so k\u00f6stlich, dass man sich<br \/>\nfragt, weshalb es erst jetzt \u00fcbersetzt wurde.&#8216; Neue Z\u00fcrcher Zeitung &#8218;Wenn Sie,<br \/>\nverehrter Leser, noch etwas \u00fcbrig haben f\u00fcr die Eigenheiten unserer rauen<br \/>\nInsulanernation, wird Ihnen dieses wunderbare Werk gro\u00dfes Vergn\u00fcgen bereiten.&#8216;  <\/p>","protected":false},"excerpt":{"rendered":"<p>Mitte der 50er Jahre brechen zwei exzentrische Briten &#8211; der eine Verk\u00e4ufer in einem Haute-Couture-Salon, der andere Diplomat im Dienste Ihrer Majest\u00e4t &#8211; auf, um ein Abenteuer der ganz besonderen Art zu erleben. Nach einem Crash- Kurs im Bergsteigen (in den H\u00fcgeln von Wales) wollen sie im Inneren Afghanistans einen Sechstausender bezwingen. Voller Selbstironie und [&#8230;]\n","protected":false},"featured_media":33646,"template":"","meta":[],"product_brand":[],"product_cat":[21542],"product_tag":[],"class_list":{"0":"post-149673","1":"product","2":"type-product","3":"status-publish","4":"has-post-thumbnail","6":"product_cat-sachbuecher-dokumentationen","7":"pa_autor-newby","8":"pa_erscheinungsjahr-21776","9":"pa_region-asien","10":"pa_sprache-de","12":"first","13":"outofstock","14":"taxable","15":"shipping-taxable","16":"purchasable","17":"product-type-simple"},"_links":{"self":[{"href":"https:\/\/pizbube.ch\/en\/wp-json\/wp\/v2\/product\/149673","targetHints":{"allow":["GET"]}}],"collection":[{"href":"https:\/\/pizbube.ch\/en\/wp-json\/wp\/v2\/product"}],"about":[{"href":"https:\/\/pizbube.ch\/en\/wp-json\/wp\/v2\/types\/product"}],"wp:featuredmedia":[{"embeddable":true,"href":"https:\/\/pizbube.ch\/en\/wp-json\/wp\/v2\/media\/33646"}],"wp:attachment":[{"href":"https:\/\/pizbube.ch\/en\/wp-json\/wp\/v2\/media?parent=149673"}],"wp:term":[{"taxonomy":"product_brand","embeddable":true,"href":"https:\/\/pizbube.ch\/en\/wp-json\/wp\/v2\/product_brand?post=149673"},{"taxonomy":"product_cat","embeddable":true,"href":"https:\/\/pizbube.ch\/en\/wp-json\/wp\/v2\/product_cat?post=149673"},{"taxonomy":"product_tag","embeddable":true,"href":"https:\/\/pizbube.ch\/en\/wp-json\/wp\/v2\/product_tag?post=149673"}],"curies":[{"name":"wp","href":"https:\/\/api.w.org\/{rel}","templated":true}]}}