{"id":149678,"date":"2021-01-15T11:00:29","date_gmt":"2021-01-15T11:00:29","guid":{"rendered":"https:\/\/codengine3.ch\/?product=import-placeholder-for-201133"},"modified":"2021-01-15T11:03:52","modified_gmt":"2021-01-15T11:03:52","slug":"pakistan-land-geschichte-kultur","status":"publish","type":"product","link":"https:\/\/pizbube.ch\/en\/shop\/pakistan-land-geschichte-kultur\/","title":{"rendered":"Pakistan Land, Geschichte , Kultur"},"content":{"rendered":"<p>Reise- &#038;Trekkingf;\u00fchrer:<br \/>\ndetaillierte Beschreibung der 100 sch\u00f6nsten Trekkingrouten im pakistanischen<br \/>\nHimalaya, Hindukusch und Karakorum, ausf\u00fchrliche Beschreibungen mit Skizzen zu<br \/>\nSehensw\u00fcrdigkeiten, 75 pr\u00e4zise Landkarten.  <\/p>\n<p>360 Seiten alle erdenklichen Informationen (Geschichte, Islam, Reiseinfos) die<br \/>\nman als Reisender in Pakistan ben\u00f6tigt!  <\/p>\n<p>**SONDERPREIS CHF 19.00 STATT 39.80<br \/>\n2. \u00fcberarbeitete Auflg., 360 S.**  <\/p>","protected":false},"excerpt":{"rendered":"<p>Reise- &#038;Trekkingf;\u00fchrer: detaillierte Beschreibung der 100 sch\u00f6nsten Trekkingrouten im pakistanischen Himalaya, Hindukusch und Karakorum, ausf\u00fchrliche Beschreibungen mit Skizzen zu Sehensw\u00fcrdigkeiten, 75 pr\u00e4zise Landkarten. 360 Seiten alle erdenklichen Informationen (Geschichte, Islam, Reiseinfos) die man als Reisender in Pakistan ben\u00f6tigt! **SONDERPREIS CHF 19.00 STATT 39.80 2. \u00fcberarbeitete Auflg., 360 S.**<\/p>","protected":false},"featured_media":28300,"template":"","meta":[],"product_brand":[],"product_cat":[21605],"product_tag":[],"class_list":{"0":"post-149678","1":"product","2":"type-product","3":"status-publish","4":"has-post-thumbnail","6":"product_cat-wanderfuehrer-trekking","7":"pa_autor-beek","8":"pa_erscheinungsjahr-21763","9":"pa_region-asien","10":"pa_sprache-de","12":"first","13":"instock","14":"taxable","15":"shipping-taxable","16":"purchasable","17":"product-type-simple"},"_links":{"self":[{"href":"https:\/\/pizbube.ch\/en\/wp-json\/wp\/v2\/product\/149678","targetHints":{"allow":["GET"]}}],"collection":[{"href":"https:\/\/pizbube.ch\/en\/wp-json\/wp\/v2\/product"}],"about":[{"href":"https:\/\/pizbube.ch\/en\/wp-json\/wp\/v2\/types\/product"}],"wp:featuredmedia":[{"embeddable":true,"href":"https:\/\/pizbube.ch\/en\/wp-json\/wp\/v2\/media\/28300"}],"wp:attachment":[{"href":"https:\/\/pizbube.ch\/en\/wp-json\/wp\/v2\/media?parent=149678"}],"wp:term":[{"taxonomy":"product_brand","embeddable":true,"href":"https:\/\/pizbube.ch\/en\/wp-json\/wp\/v2\/product_brand?post=149678"},{"taxonomy":"product_cat","embeddable":true,"href":"https:\/\/pizbube.ch\/en\/wp-json\/wp\/v2\/product_cat?post=149678"},{"taxonomy":"product_tag","embeddable":true,"href":"https:\/\/pizbube.ch\/en\/wp-json\/wp\/v2\/product_tag?post=149678"}],"curies":[{"name":"wp","href":"https:\/\/api.w.org\/{rel}","templated":true}]}}