{"id":149680,"date":"2021-01-15T11:00:29","date_gmt":"2021-01-15T11:00:29","guid":{"rendered":"https:\/\/codengine3.ch\/?product=import-placeholder-for-208176"},"modified":"2021-01-15T17:51:02","modified_gmt":"2021-01-15T17:51:02","slug":"pakistan-land-geschichte-kultur-2","status":"publish","type":"product","link":"https:\/\/pizbube.ch\/en\/shop\/pakistan-land-geschichte-kultur-2\/","title":{"rendered":"Pakistan Land, Geschichte , Kultur"},"content":{"rendered":"<p>Reise- &#038; Trekkingf\u00fchrer:<br \/>\ndetaillierte Beschreibung der 100 sch\u00f6nsten Trekkingrouten im pakistanischen<br \/>\nHimalaya, Hindukusch und Karakorum, ausf\u00fchrliche Beschreibungen mit Skizzen zu<br \/>\nSehensw\u00fcrdigkeiten, 75 pr\u00e4zise Landkarten.<\/p>\n<p>Dieser F\u00fchrer f\u00fchrt Sie in den Norden Pakistans, von Islamabad \u00fcber den<br \/>\nKarakorum-Highway zum Khunjerab-Pass. Er beschreibt ausf\u00fchrlich Pakistans<br \/>\nGeschichte und Kultur und die sch\u00f6nsten Trekkingrouten im Karakorum, Hundukush<br \/>\nund dem pakistanischen Himalaya. Nach dem 1996 erschienenen Reisehandbuch \u00fcber<br \/>\nGesamt-Pakistan entstand 2006 der erste kompakte Trekkingreisef\u00fchrer \u00fcber<br \/>\nNordpakistan. Hier nun die neue, dritte, aktualisierte Auflage.<\/p>\n<p>364 Seiten alle erdenklichen Informationen (Geschichte, Islam, Reiseinfos) die<br \/>\nman als Reisender in Pakistan ben\u00f6tigt!  <\/p>\n<p>Neue vollst\u00e4ndig \u00fcberarbeitete Auflage 2019  <\/p>","protected":false},"excerpt":{"rendered":"<p>Reise- &#038; Trekkingf\u00fchrer: detaillierte Beschreibung der 100 sch\u00f6nsten Trekkingrouten im pakistanischen Himalaya, Hindukusch und Karakorum, ausf\u00fchrliche Beschreibungen mit Skizzen zu Sehensw\u00fcrdigkeiten, 75 pr\u00e4zise Landkarten. Dieser F\u00fchrer f\u00fchrt Sie in den Norden Pakistans, von Islamabad \u00fcber den Karakorum-Highway zum Khunjerab-Pass. Er beschreibt ausf\u00fchrlich Pakistans Geschichte und Kultur und die sch\u00f6nsten Trekkingrouten im Karakorum, Hundukush und dem [&#8230;]\n","protected":false},"featured_media":39569,"template":"","meta":[],"product_brand":[],"product_cat":[21605],"product_tag":[],"class_list":{"0":"post-149680","1":"product","2":"type-product","3":"status-publish","4":"has-post-thumbnail","6":"product_cat-wanderfuehrer-trekking","7":"pa_autor-beek","8":"pa_erscheinungsjahr-21586","9":"pa_region-asien","10":"pa_sprache-de","12":"first","13":"instock","14":"taxable","15":"shipping-taxable","16":"purchasable","17":"product-type-simple"},"_links":{"self":[{"href":"https:\/\/pizbube.ch\/en\/wp-json\/wp\/v2\/product\/149680","targetHints":{"allow":["GET"]}}],"collection":[{"href":"https:\/\/pizbube.ch\/en\/wp-json\/wp\/v2\/product"}],"about":[{"href":"https:\/\/pizbube.ch\/en\/wp-json\/wp\/v2\/types\/product"}],"wp:featuredmedia":[{"embeddable":true,"href":"https:\/\/pizbube.ch\/en\/wp-json\/wp\/v2\/media\/39569"}],"wp:attachment":[{"href":"https:\/\/pizbube.ch\/en\/wp-json\/wp\/v2\/media?parent=149680"}],"wp:term":[{"taxonomy":"product_brand","embeddable":true,"href":"https:\/\/pizbube.ch\/en\/wp-json\/wp\/v2\/product_brand?post=149680"},{"taxonomy":"product_cat","embeddable":true,"href":"https:\/\/pizbube.ch\/en\/wp-json\/wp\/v2\/product_cat?post=149680"},{"taxonomy":"product_tag","embeddable":true,"href":"https:\/\/pizbube.ch\/en\/wp-json\/wp\/v2\/product_tag?post=149680"}],"curies":[{"name":"wp","href":"https:\/\/api.w.org\/{rel}","templated":true}]}}