{"id":149681,"date":"2021-01-15T11:00:29","date_gmt":"2021-01-15T11:00:29","guid":{"rendered":"https:\/\/codengine3.ch\/?product=import-placeholder-for-204835"},"modified":"2023-10-31T10:12:24","modified_gmt":"2023-10-31T09:12:24","slug":"trekking-guide-argentinien","status":"publish","type":"product","link":"https:\/\/pizbube.ch\/en\/shop\/trekking-guide-argentinien\/","title":{"rendered":"Trekking Guide Argentinien"},"content":{"rendered":"<p>Die sch\u00f6nsten Andentouren zwischen Feuerland und der Puna de Atacama<\/p>\n<p>Wandern und Bergsteigen im \u00fcber 3000 Kilometer langen argentinischen Teil der<br \/>\nAnden geh\u00f6ren zu den beliebtesten touristischen Aktivit\u00e4ten.<br \/>\nBer\u00fchmt sind die Bergregionen Patagoniens mit ihren senkrechten Granitt\u00fcrmen,<br \/>\nwie dem Cerro Torre und dem Cerro Fitz Roy, und der Zentralanden mit dem<br \/>\nh\u00f6chsten Berg Amerikas, dem Aconcagua (6960 m).<\/p>\n<p>In Europa noch weitgehend unbekannt sind dagegen die phantastischen Welten der<br \/>\nPuna, der Quebradas und der Yungas im argentinischen Norden. Das Buch<br \/>\nbeschreibt die gro\u00dfen Trekkingrouten Argentiniens und schl\u00e4gt lohnende Touren<br \/>\nin wenig besuchten Regionen vor. Es ist der einzige Trekkingf\u00fchrer, der sich<br \/>\nmit den gesamten argentinischen Anden befasst.<\/p>\n<p>&#8211; die klassischen Trekking- und gro\u00dfen Gipfelziele mit genauen Angaben zur<br \/>\nVorbereitung, Organisation und Durchf\u00fchrung.<br \/>\n&#8211; mit Angaben zu GPS-Daten.<br \/>\n&#8211; ausf\u00fchrlicher allgemeiner Reisef\u00fchrerteil mit allen wichtigen Infos f\u00fcr den<br \/>\nTrekker.<br \/>\n&#8211; spannende Kurzreportagen zu Land und Leuten.<br \/>\n&#8211; kompetenter Infoservice zu allen wichtigen Ausgangsorten.<\/p>\n<p>328 Seiten; 5 \u00dcbersichtsktn; 21 cm x 14.5 cm<\/p>","protected":false},"excerpt":{"rendered":"<p>Die sch\u00f6nsten Andentouren zwischen Feuerland und der Puna de Atacama Wandern und Bergsteigen im \u00fcber 3000 Kilometer langen argentinischen Teil der Anden geh\u00f6ren zu den beliebtesten touristischen Aktivit\u00e4ten. Ber\u00fchmt sind die Bergregionen Patagoniens mit ihren senkrechten Granitt\u00fcrmen, wie dem Cerro Torre und dem Cerro Fitz Roy, und der Zentralanden mit dem h\u00f6chsten Berg Amerikas, dem [&#8230;]\n","protected":false},"featured_media":170144,"template":"","meta":[],"product_brand":[],"product_cat":[21605],"product_tag":[],"class_list":{"0":"post-149681","1":"product","2":"type-product","3":"status-publish","4":"has-post-thumbnail","6":"product_cat-wanderfuehrer-trekking","7":"pa_autor-hohl","8":"pa_erscheinungsjahr-21763","9":"pa_region-amerika-sued","10":"pa_sprache-de","12":"first","13":"instock","14":"taxable","15":"shipping-taxable","16":"purchasable","17":"product-type-simple"},"_links":{"self":[{"href":"https:\/\/pizbube.ch\/en\/wp-json\/wp\/v2\/product\/149681","targetHints":{"allow":["GET"]}}],"collection":[{"href":"https:\/\/pizbube.ch\/en\/wp-json\/wp\/v2\/product"}],"about":[{"href":"https:\/\/pizbube.ch\/en\/wp-json\/wp\/v2\/types\/product"}],"wp:featuredmedia":[{"embeddable":true,"href":"https:\/\/pizbube.ch\/en\/wp-json\/wp\/v2\/media\/170144"}],"wp:attachment":[{"href":"https:\/\/pizbube.ch\/en\/wp-json\/wp\/v2\/media?parent=149681"}],"wp:term":[{"taxonomy":"product_brand","embeddable":true,"href":"https:\/\/pizbube.ch\/en\/wp-json\/wp\/v2\/product_brand?post=149681"},{"taxonomy":"product_cat","embeddable":true,"href":"https:\/\/pizbube.ch\/en\/wp-json\/wp\/v2\/product_cat?post=149681"},{"taxonomy":"product_tag","embeddable":true,"href":"https:\/\/pizbube.ch\/en\/wp-json\/wp\/v2\/product_tag?post=149681"}],"curies":[{"name":"wp","href":"https:\/\/api.w.org\/{rel}","templated":true}]}}