{"id":149682,"date":"2021-01-15T11:00:29","date_gmt":"2021-01-15T11:00:29","guid":{"rendered":"https:\/\/codengine3.ch\/?product=import-placeholder-for-203156"},"modified":"2021-01-15T12:54:40","modified_gmt":"2021-01-15T12:54:40","slug":"die-schoensten-trekking-routen-nord-und-suedamerika","status":"publish","type":"product","link":"https:\/\/pizbube.ch\/en\/shop\/die-schoensten-trekking-routen-nord-und-suedamerika\/","title":{"rendered":"Die sch\u00f6nsten Trekking-Routen &#8211; Nord- und S\u00fcdamerika"},"content":{"rendered":"<p>Die Darstellung umfasst jeweils eine kurze Tourenbeschreibung und<br \/>\nInformationen zur Dauer der Tour, zum Schwierigkeitsgrad und der ben\u00f6tigten<br \/>\nAusr\u00fcstung sowie zu Anreisem\u00f6glichkeiten, Kosten, ben\u00f6tigten Permits und<br \/>\nVerf\u00fcgbarkeit von F\u00fchrern bzw. Tr\u00e4gern. Dar\u00fcber hinaus werden zu den<br \/>\njeweiligen Trekkingl\u00e4ndern die wichtigsten Reise-Informationen gegeben.<br \/>\nAlaska: Chilkoot Trail, USA: Grand Canyon Trails, Rocky Mountains &#038;<br \/>\nContinental Divide, Glacier Nationalpark, Panama und Costa Rica, Nord-Anden<br \/>\n(Kolumbien und Ecuador), Zentral-Anden (Bolivien und Peru), Patagonien (Chile<br \/>\nund Argentinien)<\/p>","protected":false},"excerpt":{"rendered":"<p>Die Darstellung umfasst jeweils eine kurze Tourenbeschreibung und Informationen zur Dauer der Tour, zum Schwierigkeitsgrad und der ben\u00f6tigten Ausr\u00fcstung sowie zu Anreisem\u00f6glichkeiten, Kosten, ben\u00f6tigten Permits und Verf\u00fcgbarkeit von F\u00fchrern bzw. Tr\u00e4gern. Dar\u00fcber hinaus werden zu den jeweiligen Trekkingl\u00e4ndern die wichtigsten Reise-Informationen gegeben. Alaska: Chilkoot Trail, USA: Grand Canyon Trails, Rocky Mountains &#038; Continental Divide, Glacier [&#8230;]\n","protected":false},"featured_media":30698,"template":"","meta":[],"product_brand":[],"product_cat":[21605],"product_tag":[],"class_list":{"0":"post-149682","1":"product","2":"type-product","3":"status-publish","4":"has-post-thumbnail","6":"product_cat-wanderfuehrer-trekking","7":"pa_autor-hoeh-schramm","8":"pa_erscheinungsjahr-22292","9":"pa_region-amerika-sued","10":"pa_sprache-de","12":"first","13":"instock","14":"taxable","15":"shipping-taxable","16":"purchasable","17":"product-type-simple"},"_links":{"self":[{"href":"https:\/\/pizbube.ch\/en\/wp-json\/wp\/v2\/product\/149682","targetHints":{"allow":["GET"]}}],"collection":[{"href":"https:\/\/pizbube.ch\/en\/wp-json\/wp\/v2\/product"}],"about":[{"href":"https:\/\/pizbube.ch\/en\/wp-json\/wp\/v2\/types\/product"}],"wp:featuredmedia":[{"embeddable":true,"href":"https:\/\/pizbube.ch\/en\/wp-json\/wp\/v2\/media\/30698"}],"wp:attachment":[{"href":"https:\/\/pizbube.ch\/en\/wp-json\/wp\/v2\/media?parent=149682"}],"wp:term":[{"taxonomy":"product_brand","embeddable":true,"href":"https:\/\/pizbube.ch\/en\/wp-json\/wp\/v2\/product_brand?post=149682"},{"taxonomy":"product_cat","embeddable":true,"href":"https:\/\/pizbube.ch\/en\/wp-json\/wp\/v2\/product_cat?post=149682"},{"taxonomy":"product_tag","embeddable":true,"href":"https:\/\/pizbube.ch\/en\/wp-json\/wp\/v2\/product_tag?post=149682"}],"curies":[{"name":"wp","href":"https:\/\/api.w.org\/{rel}","templated":true}]}}