{"id":149697,"date":"2021-01-15T11:00:30","date_gmt":"2021-01-15T11:00:30","guid":{"rendered":"https:\/\/codengine3.ch\/?product=import-placeholder-for-200749"},"modified":"2021-01-15T11:00:34","modified_gmt":"2021-01-15T11:00:34","slug":"touren-disk-basisprogramm","status":"publish","type":"product","link":"https:\/\/pizbube.ch\/en\/shop\/touren-disk-basisprogramm\/","title":{"rendered":"Touren Disk (Basisprogramm)"},"content":{"rendered":"<p>&#8218;Aktive&#8216; Touren Bibliothek ( Windows ab 3.1) Version 2. Programm-CD inklusive<br \/>\n8 Beispiel-Publikationen (37 Tourenbeschreibungen, 55 Kartenausschnitte, 290<br \/>\nFarbbilder, 5 Klettertopos, Tondateien, Video) und ausf\u00fchrlichem<br \/>\nBedienerhandbuch.<br \/>\nTourenDisk ist keine gew\u00f6hnliche, in sich geschlossene Multimedia-CD-ROM,<br \/>\nsondern ein vollwertiges Anwenderprogramm zum Aufbau einer universellen<br \/>\nOutdoor-Bibliothek, in der s\u00e4mtliche Informationen nach individuellen<br \/>\nKriterien abrufbar sind. Diese Touren-Bibliothek kann zum einen durch<br \/>\nkontinuierlich erscheinende CD-ROM-Publikationen namhafter Autoren erweitert<br \/>\nwerden, zum anderen ist das Programm ein leistungsf\u00e4higes Werkzeug zum aktiven<br \/>\nGestalten eigener Publikationen, die ebenfalls Bestandteil der Touren-<br \/>\nBibliothek werden. Machen Sie Ihr pers\u00f6nliches Tourenbuch lebendig, Ihrer<br \/>\nKreativit\u00e4t sind dabei keine Grenzen gesetzt!<br \/>\nZur Veranschaulichung der vielf\u00e4ltigen M\u00f6glichkeiten enth\u00e4lt die CD<br \/>\nverschiedene Beispiel-Publikationen, die die Themen Wandern, Klettersteige,<br \/>\nKlettern, Hochtouren, Skitouren, Radtouren, Trekking im Langtang-Himalaya und<br \/>\neine Bolivien-Reportage beinhalten. Siehe auch: TourenDisk-Info<br \/>\nSystemanforderungen: PC 486 (besser Pentium), 8 MB RAM (unterstes Limit),<br \/>\nWindows ab Version 3.1, VGA-Farbbildschirm mind. 256 Farben, CD-ROM-Laufwerk,<br \/>\nFestplatte, Soundkarte (optional).<\/p>","protected":false},"excerpt":{"rendered":"<p>&#8218;Aktive&#8216; Touren Bibliothek ( Windows ab 3.1) Version 2. Programm-CD inklusive 8 Beispiel-Publikationen (37 Tourenbeschreibungen, 55 Kartenausschnitte, 290 Farbbilder, 5 Klettertopos, Tondateien, Video) und ausf\u00fchrlichem Bedienerhandbuch. TourenDisk ist keine gew\u00f6hnliche, in sich geschlossene Multimedia-CD-ROM, sondern ein vollwertiges Anwenderprogramm zum Aufbau einer universellen Outdoor-Bibliothek, in der s\u00e4mtliche Informationen nach individuellen Kriterien abrufbar sind. Diese Touren-Bibliothek kann [&#8230;]\n","protected":false},"featured_media":27799,"template":"","meta":[],"product_brand":[],"product_cat":[21628],"product_tag":[],"class_list":{"0":"post-149697","1":"product","2":"type-product","3":"status-publish","4":"has-post-thumbnail","6":"product_cat-video-dvd-multimedia","7":"pa_autor-rother","8":"pa_erscheinungsjahr-22133","9":"pa_region-schweiz","10":"pa_sprache-de","12":"first","13":"instock","14":"taxable","15":"shipping-taxable","16":"purchasable","17":"product-type-simple"},"_links":{"self":[{"href":"https:\/\/pizbube.ch\/en\/wp-json\/wp\/v2\/product\/149697","targetHints":{"allow":["GET"]}}],"collection":[{"href":"https:\/\/pizbube.ch\/en\/wp-json\/wp\/v2\/product"}],"about":[{"href":"https:\/\/pizbube.ch\/en\/wp-json\/wp\/v2\/types\/product"}],"wp:featuredmedia":[{"embeddable":true,"href":"https:\/\/pizbube.ch\/en\/wp-json\/wp\/v2\/media\/27799"}],"wp:attachment":[{"href":"https:\/\/pizbube.ch\/en\/wp-json\/wp\/v2\/media?parent=149697"}],"wp:term":[{"taxonomy":"product_brand","embeddable":true,"href":"https:\/\/pizbube.ch\/en\/wp-json\/wp\/v2\/product_brand?post=149697"},{"taxonomy":"product_cat","embeddable":true,"href":"https:\/\/pizbube.ch\/en\/wp-json\/wp\/v2\/product_cat?post=149697"},{"taxonomy":"product_tag","embeddable":true,"href":"https:\/\/pizbube.ch\/en\/wp-json\/wp\/v2\/product_tag?post=149697"}],"curies":[{"name":"wp","href":"https:\/\/api.w.org\/{rel}","templated":true}]}}