{"id":149700,"date":"2021-01-15T11:00:30","date_gmt":"2021-01-15T11:00:30","guid":{"rendered":"https:\/\/codengine3.ch\/?product=import-placeholder-for-202095"},"modified":"2021-01-15T12:33:20","modified_gmt":"2021-01-15T12:33:20","slug":"hochtouren-berner-alpen-cd-rom","status":"publish","type":"product","link":"https:\/\/pizbube.ch\/en\/shop\/hochtouren-berner-alpen-cd-rom\/","title":{"rendered":"Hochtouren Berner Alpen (CD Rom)"},"content":{"rendered":"<p>Per Mausklick vom Sanetschpass zur Grimsel: \u00fcber 500 Tourenvorschl\u00e4ge mit<br \/>\nausf\u00fchrlichen Tourenbeschreibungen, Ausschnitten der Landeskarten 1: 50 000,<br \/>\nzahlreiche Fotos. (F\u00fcr Windows und Macintosh)<br \/>\nS\u00e4mtliche f\u00fcnf B\u00e4nde der beliebten SAC-Clubf\u00fchrer Berner Alpen sind auf dieser<br \/>\nCD in ausf\u00fchrlich \u00fcberarbeiteter Form vereint. Den Verfassern ist es gelungen,<br \/>\nweit \u00fcber 500 Tourenvorschl\u00e4ge, inklusive allen 4000-er der Berner Alpen,<br \/>\nzusammen mit unz\u00e4hligen Skizzen und Photos auf einer CD-ROM zu vereinen.<br \/>\nSystemanforderungen:<br \/>\nPC mit Windows 98se<br \/>\nProzessor Pentium mit 133 MHz<br \/>\n10MB freier Arbeitsspeicher<br \/>\nFreier Speicherplatz auf Festplatte: 120MB<br \/>\nAufl\u00f6sung Grafik: Min. 800&#215;600 Pixel \/ 256 Farben.<br \/>\nDrucker mit min. 300dpi Aufl\u00f6sung<br \/>\nCD-ROM-Laufwerk f\u00fcr die Installation der Software  <\/p>\n<p>Neuauflage Juni 2006<br \/>\nWin- und Mac-kompatibel.  <\/p>","protected":false},"excerpt":{"rendered":"<p>Per Mausklick vom Sanetschpass zur Grimsel: \u00fcber 500 Tourenvorschl\u00e4ge mit ausf\u00fchrlichen Tourenbeschreibungen, Ausschnitten der Landeskarten 1: 50 000, zahlreiche Fotos. (F\u00fcr Windows und Macintosh) S\u00e4mtliche f\u00fcnf B\u00e4nde der beliebten SAC-Clubf\u00fchrer Berner Alpen sind auf dieser CD in ausf\u00fchrlich \u00fcberarbeiteter Form vereint. Den Verfassern ist es gelungen, weit \u00fcber 500 Tourenvorschl\u00e4ge, inklusive allen 4000-er der Berner [&#8230;]\n","protected":false},"featured_media":29483,"template":"","meta":[],"product_brand":[],"product_cat":[21628],"product_tag":[],"class_list":{"0":"post-149700","1":"product","2":"type-product","3":"status-publish","4":"has-post-thumbnail","6":"product_cat-video-dvd-multimedia","7":"pa_autor-mosimann-oberli","8":"pa_erscheinungsjahr-21763","9":"pa_region-schweiz","10":"pa_sprache-de","12":"first","13":"instock","14":"taxable","15":"shipping-taxable","16":"purchasable","17":"product-type-simple"},"_links":{"self":[{"href":"https:\/\/pizbube.ch\/en\/wp-json\/wp\/v2\/product\/149700","targetHints":{"allow":["GET"]}}],"collection":[{"href":"https:\/\/pizbube.ch\/en\/wp-json\/wp\/v2\/product"}],"about":[{"href":"https:\/\/pizbube.ch\/en\/wp-json\/wp\/v2\/types\/product"}],"wp:featuredmedia":[{"embeddable":true,"href":"https:\/\/pizbube.ch\/en\/wp-json\/wp\/v2\/media\/29483"}],"wp:attachment":[{"href":"https:\/\/pizbube.ch\/en\/wp-json\/wp\/v2\/media?parent=149700"}],"wp:term":[{"taxonomy":"product_brand","embeddable":true,"href":"https:\/\/pizbube.ch\/en\/wp-json\/wp\/v2\/product_brand?post=149700"},{"taxonomy":"product_cat","embeddable":true,"href":"https:\/\/pizbube.ch\/en\/wp-json\/wp\/v2\/product_cat?post=149700"},{"taxonomy":"product_tag","embeddable":true,"href":"https:\/\/pizbube.ch\/en\/wp-json\/wp\/v2\/product_tag?post=149700"}],"curies":[{"name":"wp","href":"https:\/\/api.w.org\/{rel}","templated":true}]}}