{"id":149705,"date":"2021-01-15T11:00:31","date_gmt":"2021-01-15T11:00:31","guid":{"rendered":"https:\/\/codengine3.ch\/?product=import-placeholder-for-201923"},"modified":"2021-01-15T12:31:51","modified_gmt":"2021-01-15T12:31:51","slug":"the-wall","status":"publish","type":"product","link":"https:\/\/pizbube.ch\/en\/shop\/the-wall\/","title":{"rendered":"The Wall"},"content":{"rendered":"<p>Alles \u00fcber das Leben und Klettern der Huber Buben: Die neue Dimension des<br \/>\nKletterns. (Grossformatiger Bildband). Die erste Dokumentation \u00fcber Alexander<br \/>\nund Thomas Huber &#8211; Vorbild und Wegbereiter f\u00fcr innovative Kletterer im<br \/>\nh\u00f6chsten Schwierigkeitsgrad: Entwicklungsstationen, spektakul\u00e4re<br \/>\nErstbegehungen und Expeditionen; mit Kommentaren von Reinhold Messner.<\/p>","protected":false},"excerpt":{"rendered":"<p>Alles \u00fcber das Leben und Klettern der Huber Buben: Die neue Dimension des Kletterns. (Grossformatiger Bildband). Die erste Dokumentation \u00fcber Alexander und Thomas Huber &#8211; Vorbild und Wegbereiter f\u00fcr innovative Kletterer im h\u00f6chsten Schwierigkeitsgrad: Entwicklungsstationen, spektakul\u00e4re Erstbegehungen und Expeditionen; mit Kommentaren von Reinhold Messner.<\/p>","protected":false},"featured_media":29308,"template":"","meta":[],"product_brand":[],"product_cat":[21542],"product_tag":[],"class_list":{"0":"post-149705","1":"product","2":"type-product","3":"status-publish","4":"has-post-thumbnail","6":"product_cat-sachbuecher-dokumentationen","7":"pa_autor-huber","8":"pa_erscheinungsjahr-22150","9":"pa_region-deutschland","10":"pa_sprache-de","12":"first","13":"outofstock","14":"taxable","15":"shipping-taxable","16":"purchasable","17":"product-type-simple"},"_links":{"self":[{"href":"https:\/\/pizbube.ch\/en\/wp-json\/wp\/v2\/product\/149705","targetHints":{"allow":["GET"]}}],"collection":[{"href":"https:\/\/pizbube.ch\/en\/wp-json\/wp\/v2\/product"}],"about":[{"href":"https:\/\/pizbube.ch\/en\/wp-json\/wp\/v2\/types\/product"}],"wp:featuredmedia":[{"embeddable":true,"href":"https:\/\/pizbube.ch\/en\/wp-json\/wp\/v2\/media\/29308"}],"wp:attachment":[{"href":"https:\/\/pizbube.ch\/en\/wp-json\/wp\/v2\/media?parent=149705"}],"wp:term":[{"taxonomy":"product_brand","embeddable":true,"href":"https:\/\/pizbube.ch\/en\/wp-json\/wp\/v2\/product_brand?post=149705"},{"taxonomy":"product_cat","embeddable":true,"href":"https:\/\/pizbube.ch\/en\/wp-json\/wp\/v2\/product_cat?post=149705"},{"taxonomy":"product_tag","embeddable":true,"href":"https:\/\/pizbube.ch\/en\/wp-json\/wp\/v2\/product_tag?post=149705"}],"curies":[{"name":"wp","href":"https:\/\/api.w.org\/{rel}","templated":true}]}}