{"id":149706,"date":"2021-01-15T11:00:31","date_gmt":"2021-01-15T11:00:31","guid":{"rendered":"https:\/\/codengine3.ch\/?product=import-placeholder-for-200795"},"modified":"2021-01-15T11:01:00","modified_gmt":"2021-01-15T11:01:00","slug":"yosemite-mekka-des-freikletterns","status":"publish","type":"product","link":"https:\/\/pizbube.ch\/en\/shop\/yosemite-mekka-des-freikletterns\/","title":{"rendered":"Yosemite &#8211; Mekka des Freikletterns"},"content":{"rendered":"<p>Beeindruckenden Granitw\u00e4nde haben das Yosemite zu einem Mekka des<br \/>\nFreikletterns gemacht. Zu Beginn der Sechziger erfuhr das Klettern im Yosemite<br \/>\nmit der Erstbegehung der &#8218;Nose&#8216; am El Capitan durch Warren Harding Weltruhm.<br \/>\nDiese Route war der erste &#8218;Bigwall&#8216; der Welt, eine neue Dimension in<br \/>\nSchwierigkeit und L\u00e4nge.  <\/p>\n<p>Die 70er Jahre bedeuteten eine erneute Revolution im Klettersport. Nicht mehr<br \/>\ndie gro\u00dfen W\u00e4nde waren das Ma\u00df aller Dinge, Freiklettern war die Nachricht der<br \/>\nimmer gr\u00f6\u00dfer werdenden Gemeinschaft der &#8218;Yosemite Climber&#8216;. Kletterer aus<br \/>\naller Welt fanden sich allj\u00e4hrlich im Camp IV zusammen, um der wichtigsten<br \/>\nSache der Welt nachzugehen &#8211; dem Klettern.  <\/p>\n<p>1993 ersch\u00fctterte eine Frau die Grundfeste der alpinen M\u00e4nnergesellschaft:<br \/>\nLynn Hill kletterte als erste &#8218;frei&#8216; durch die Riesenwand des El Capitan.<br \/>\nNachdem alle glaubten, dass die Erschlie\u00dfung des Yosemite abgeschlossen w\u00e4re,<br \/>\n\u00f6ffnete sie den Klettern die Augen und entdeckte die W\u00e4nde des Yosemite neu.<br \/>\nNicht mehr mit Haken und Hammer, sondern mit Muskelkraft und Magnesia &#8211;<br \/>\nFreiklettern an den riesigen Bigwalls, das j\u00fcngste Kapitel im Yosemite Valley.  <\/p>","protected":false},"excerpt":{"rendered":"<ul>\n<li><b>INFO: Vergriffen, keine Neuauflage\/Nachdruck!<b><\/li>\n<\/ul>","protected":false},"featured_media":27858,"template":"","meta":[],"product_brand":[],"product_cat":[21542],"product_tag":[],"class_list":{"0":"post-149706","1":"product","2":"type-product","3":"status-publish","4":"has-post-thumbnail","6":"product_cat-sachbuecher-dokumentationen","7":"pa_autor-huber-zak","8":"pa_erscheinungsjahr-21842","9":"pa_region-amerika-nord","10":"pa_sprache-de","12":"first","13":"outofstock","14":"taxable","15":"shipping-taxable","16":"purchasable","17":"product-type-simple"},"_links":{"self":[{"href":"https:\/\/pizbube.ch\/en\/wp-json\/wp\/v2\/product\/149706","targetHints":{"allow":["GET"]}}],"collection":[{"href":"https:\/\/pizbube.ch\/en\/wp-json\/wp\/v2\/product"}],"about":[{"href":"https:\/\/pizbube.ch\/en\/wp-json\/wp\/v2\/types\/product"}],"wp:featuredmedia":[{"embeddable":true,"href":"https:\/\/pizbube.ch\/en\/wp-json\/wp\/v2\/media\/27858"}],"wp:attachment":[{"href":"https:\/\/pizbube.ch\/en\/wp-json\/wp\/v2\/media?parent=149706"}],"wp:term":[{"taxonomy":"product_brand","embeddable":true,"href":"https:\/\/pizbube.ch\/en\/wp-json\/wp\/v2\/product_brand?post=149706"},{"taxonomy":"product_cat","embeddable":true,"href":"https:\/\/pizbube.ch\/en\/wp-json\/wp\/v2\/product_cat?post=149706"},{"taxonomy":"product_tag","embeddable":true,"href":"https:\/\/pizbube.ch\/en\/wp-json\/wp\/v2\/product_tag?post=149706"}],"curies":[{"name":"wp","href":"https:\/\/api.w.org\/{rel}","templated":true}]}}