{"id":149708,"date":"2021-01-15T11:00:31","date_gmt":"2021-01-15T11:00:31","guid":{"rendered":"https:\/\/codengine3.ch\/?product=import-placeholder-for-204369"},"modified":"2024-11-07T09:04:35","modified_gmt":"2024-11-07T08:04:35","slug":"hautes-terres","status":"publish","type":"product","link":"https:\/\/pizbube.ch\/en\/shop\/hautes-terres\/","title":{"rendered":"Hautes Terres"},"content":{"rendered":"<p>Bonatti, t\u00e9moin solitaire et sensible, nous fait voyager dans le temps&#8230;<br \/>\nL\u00e0 o\u00f9 la nature est rest\u00e9e dans une ambiance intacte, o\u00f9 certains paysages<br \/>\nn&#8217;ont parfois jamais \u00e9t\u00e9 vus par l&#8217;homme, prot\u00e9g\u00e9s de ce fait d&#8217;un destin<br \/>\ndestructeur, se trouvent les &#8218;Hautes Terres&#8216;. Elles illustrent ce livre et<br \/>\nram\u00e8nent \u00e0 l&#8217;enfance.<\/p>\n<p>Dans ces pages Walter, songe aux explorateurs d&#8217;autrefois, aux sites vierges<br \/>\net secrets qui ont berc\u00e8s son imagination. Bien des ann\u00e9es plus tard, Walter<br \/>\nBonatti, au cours de ses propres explorations eut la chance d&#8217;approcher ce<br \/>\nqu&#8217;il nomme des fragments de l&#8217;origine du monde, et de les prendre en photo.<br \/>\nParfois un clich\u00e9 r\u00e9v\u00e8le un v\u00e9ritable tr\u00e9sor \u00e9cologique.<\/p>\n<p>Des sommets des Alpes au Venezuela, du cap Horn \u00e0 l&#8217;\u00eele de Paques, de<br \/>\nl&#8217;archipel des Vanuatu \u00e0 l&#8217;Himalaya, jusqu&#8217;au volcan Nyiragongo, le grand<br \/>\nalpiniste et explorateur italien emporte le lecteur dans un voyage de 360\u00b0<br \/>\nautour du monde et dans ses r\u00e9flexions d&#8217;auteur.<br \/>\nCe livre illustr\u00e9, unique par la profondeur de sa pens\u00e9e, rassemble les<br \/>\nphotos, in\u00e9dites pour la plupart, provenant de la collection personnelle de<br \/>\nWalter Bonatti.<\/p>\n<p>400 pages;<br \/>\n24 x 32 cm<\/p>","protected":false},"excerpt":{"rendered":"<p>Bonatti, t\u00e9moin solitaire et sensible, nous fait voyager dans le temps&#8230; L\u00e0 o\u00f9 la nature est rest\u00e9e dans une ambiance intacte, o\u00f9 certains paysages n&#8217;ont parfois jamais \u00e9t\u00e9 vus par l&#8217;homme, prot\u00e9g\u00e9s de ce fait d&#8217;un destin destructeur, se trouvent les &#8218;Hautes Terres&#8216;. Elles illustrent ce livre et ram\u00e8nent \u00e0 l&#8217;enfance. Dans ces pages Walter, [&#8230;]\n","protected":false},"featured_media":177071,"template":"","meta":[],"product_brand":[],"product_cat":[21542],"product_tag":[],"class_list":{"0":"post-149708","1":"product","2":"type-product","3":"status-publish","4":"has-post-thumbnail","6":"product_cat-sachbuecher-dokumentationen","7":"pa_autor-bonatti","8":"pa_erscheinungsjahr-21763","9":"pa_region-frankreich","10":"pa_sprache-fr","12":"first","13":"instock","14":"taxable","15":"shipping-taxable","16":"purchasable","17":"product-type-simple"},"_links":{"self":[{"href":"https:\/\/pizbube.ch\/en\/wp-json\/wp\/v2\/product\/149708","targetHints":{"allow":["GET"]}}],"collection":[{"href":"https:\/\/pizbube.ch\/en\/wp-json\/wp\/v2\/product"}],"about":[{"href":"https:\/\/pizbube.ch\/en\/wp-json\/wp\/v2\/types\/product"}],"wp:featuredmedia":[{"embeddable":true,"href":"https:\/\/pizbube.ch\/en\/wp-json\/wp\/v2\/media\/177071"}],"wp:attachment":[{"href":"https:\/\/pizbube.ch\/en\/wp-json\/wp\/v2\/media?parent=149708"}],"wp:term":[{"taxonomy":"product_brand","embeddable":true,"href":"https:\/\/pizbube.ch\/en\/wp-json\/wp\/v2\/product_brand?post=149708"},{"taxonomy":"product_cat","embeddable":true,"href":"https:\/\/pizbube.ch\/en\/wp-json\/wp\/v2\/product_cat?post=149708"},{"taxonomy":"product_tag","embeddable":true,"href":"https:\/\/pizbube.ch\/en\/wp-json\/wp\/v2\/product_tag?post=149708"}],"curies":[{"name":"wp","href":"https:\/\/api.w.org\/{rel}","templated":true}]}}