{"id":149709,"date":"2021-01-15T11:00:31","date_gmt":"2021-01-15T11:00:31","guid":{"rendered":"https:\/\/codengine3.ch\/?product=import-placeholder-for-203997"},"modified":"2021-01-15T14:28:43","modified_gmt":"2021-01-15T14:28:43","slug":"les-bottin-aux-sports-dhiver","status":"publish","type":"product","link":"https:\/\/pizbube.ch\/en\/shop\/les-bottin-aux-sports-dhiver\/","title":{"rendered":"Les Bottin aux sports d&#8217;hiver"},"content":{"rendered":"<p>Une adolescente, des moutards, une \u00e9pouse qui n&#8217;a peur de rien, un moniteur,<br \/>\nquelques malamutes et une fromagerie qui pue&#8230;<br \/>\nJean-Marc Aubry aime les caract\u00e8res tremp\u00e9s, (surtout lorsqu&#8217;il pleut), les<br \/>\nsituations expos\u00e9es (surtout sur les t\u00e9l\u00e9si\u00e8ges) et nous faire pleurer de rire<br \/>\nsur notre difficile condition d&#8217;humain (surtout les maris) aux prises avec la<br \/>\nvie quotidienne.<br \/>\nUne semaine de vacances aux sports d&#8217;hiver? Les vacances, oui. Mais le sport?<br \/>\nEt l&#8217;hiver?&#8230; Les sports d&#8217;hiver, c&#8217;est l&#8217;enfer!<\/p>","protected":false},"excerpt":{"rendered":"<p>Une adolescente, des moutards, une \u00e9pouse qui n&#8217;a peur de rien, un moniteur, quelques malamutes et une fromagerie qui pue&#8230; Jean-Marc Aubry aime les caract\u00e8res tremp\u00e9s, (surtout lorsqu&#8217;il pleut), les situations expos\u00e9es (surtout sur les t\u00e9l\u00e9si\u00e8ges) et nous faire pleurer de rire sur notre difficile condition d&#8217;humain (surtout les maris) aux prises avec la vie [&#8230;]\n","protected":false},"featured_media":31727,"template":"","meta":[],"product_brand":[],"product_cat":[21629],"product_tag":[],"class_list":{"0":"post-149709","1":"product","2":"type-product","3":"status-publish","4":"has-post-thumbnail","6":"product_cat-belletristik","7":"pa_autor-aubry","8":"pa_erscheinungsjahr-21763","9":"pa_region-frankreich","10":"pa_sprache-fr","12":"first","13":"instock","14":"taxable","15":"shipping-taxable","16":"purchasable","17":"product-type-simple"},"_links":{"self":[{"href":"https:\/\/pizbube.ch\/en\/wp-json\/wp\/v2\/product\/149709","targetHints":{"allow":["GET"]}}],"collection":[{"href":"https:\/\/pizbube.ch\/en\/wp-json\/wp\/v2\/product"}],"about":[{"href":"https:\/\/pizbube.ch\/en\/wp-json\/wp\/v2\/types\/product"}],"wp:featuredmedia":[{"embeddable":true,"href":"https:\/\/pizbube.ch\/en\/wp-json\/wp\/v2\/media\/31727"}],"wp:attachment":[{"href":"https:\/\/pizbube.ch\/en\/wp-json\/wp\/v2\/media?parent=149709"}],"wp:term":[{"taxonomy":"product_brand","embeddable":true,"href":"https:\/\/pizbube.ch\/en\/wp-json\/wp\/v2\/product_brand?post=149709"},{"taxonomy":"product_cat","embeddable":true,"href":"https:\/\/pizbube.ch\/en\/wp-json\/wp\/v2\/product_cat?post=149709"},{"taxonomy":"product_tag","embeddable":true,"href":"https:\/\/pizbube.ch\/en\/wp-json\/wp\/v2\/product_tag?post=149709"}],"curies":[{"name":"wp","href":"https:\/\/api.w.org\/{rel}","templated":true}]}}