{"id":149710,"date":"2021-01-15T11:00:31","date_gmt":"2021-01-15T11:00:31","guid":{"rendered":"https:\/\/codengine3.ch\/?product=import-placeholder-for-206141"},"modified":"2021-01-15T14:46:44","modified_gmt":"2021-01-15T14:46:44","slug":"mont-blanc-jeu-de-regards","status":"publish","type":"product","link":"https:\/\/pizbube.ch\/en\/shop\/mont-blanc-jeu-de-regards\/","title":{"rendered":"Mont-Blanc Jeu de regards"},"content":{"rendered":"<p>Ce livre convie non pas \u00e0 une s\u00e9rie de portraits des monuments naturels qui<br \/>\npars\u00e8ment le massif du Mont-Blanc, mais \u00e0 une randonn\u00e9e photographique au fil<br \/>\nde laquelle on les retrouve tous.<br \/>\nIl propose un jeu de l&#8217;oie en montagne, un ping-pong en images, et adresse un<br \/>\nclin d\u2019\u0153il au visiteur, pour tenter de l\u2019emmener plus loin, plus haut.<br \/>\nAu hasard de p\u00e9r\u00e9grinations sur les trois versants du massif, fran\u00e7ais, suisse<br \/>\net italien, au d\u00e9tour des pages comme du chemin, composition de regards et<br \/>\nassociation d\u2019id\u00e9es l\u2019invitent \u00e0 s\u2019\u00e9tonner, \u00e0 s\u2019\u00e9merveiller ou \u00e0 sourire de la<br \/>\nvari\u00e9t\u00e9 des paysages, des formes, des couleurs et des mati\u00e8res concentr\u00e9s dans<br \/>\nl\u2019espace restreint qu\u2019est ce coin de plaque africaine engonc\u00e9e dans l\u2019Europe.<br \/>\nUne vari\u00e9t\u00e9 qui d\u00e9passe l\u2019imagination humaine.  <\/p>","protected":false},"excerpt":{"rendered":"<p>Ce livre convie non pas \u00e0 une s\u00e9rie de portraits des monuments naturels qui pars\u00e8ment le massif du Mont-Blanc, mais \u00e0 une randonn\u00e9e photographique au fil de laquelle on les retrouve tous. Il propose un jeu de l&#8217;oie en montagne, un ping-pong en images, et adresse un clin d\u2019\u0153il au visiteur, pour tenter de l\u2019emmener [&#8230;]\n","protected":false},"featured_media":35077,"template":"","meta":[],"product_brand":[],"product_cat":[21580],"product_tag":[],"class_list":{"0":"post-149710","1":"product","2":"type-product","3":"status-publish","4":"has-post-thumbnail","6":"product_cat-kunst-kultur","7":"pa_autor-roy-tourasse","8":"pa_erscheinungsjahr-21830","9":"pa_region-frankreich","10":"pa_sprache-fr","12":"first","13":"instock","14":"taxable","15":"shipping-taxable","16":"purchasable","17":"product-type-simple"},"_links":{"self":[{"href":"https:\/\/pizbube.ch\/en\/wp-json\/wp\/v2\/product\/149710","targetHints":{"allow":["GET"]}}],"collection":[{"href":"https:\/\/pizbube.ch\/en\/wp-json\/wp\/v2\/product"}],"about":[{"href":"https:\/\/pizbube.ch\/en\/wp-json\/wp\/v2\/types\/product"}],"wp:featuredmedia":[{"embeddable":true,"href":"https:\/\/pizbube.ch\/en\/wp-json\/wp\/v2\/media\/35077"}],"wp:attachment":[{"href":"https:\/\/pizbube.ch\/en\/wp-json\/wp\/v2\/media?parent=149710"}],"wp:term":[{"taxonomy":"product_brand","embeddable":true,"href":"https:\/\/pizbube.ch\/en\/wp-json\/wp\/v2\/product_brand?post=149710"},{"taxonomy":"product_cat","embeddable":true,"href":"https:\/\/pizbube.ch\/en\/wp-json\/wp\/v2\/product_cat?post=149710"},{"taxonomy":"product_tag","embeddable":true,"href":"https:\/\/pizbube.ch\/en\/wp-json\/wp\/v2\/product_tag?post=149710"}],"curies":[{"name":"wp","href":"https:\/\/api.w.org\/{rel}","templated":true}]}}