{"id":149712,"date":"2021-01-15T11:00:31","date_gmt":"2021-01-15T11:00:31","guid":{"rendered":"https:\/\/codengine3.ch\/?product=import-placeholder-for-202945"},"modified":"2021-01-15T12:52:42","modified_gmt":"2021-01-15T12:52:42","slug":"bonshommes-de-neige","status":"publish","type":"product","link":"https:\/\/pizbube.ch\/en\/shop\/bonshommes-de-neige\/","title":{"rendered":"Bonshommes de neige"},"content":{"rendered":"<p>Samovar et Baculot, d\u00e9go\u00fbt\u00e9s de la civilisation, partent, sac au dos, \u00e0 la<br \/>\nrecherche des grandes solitudes. Ils \u00e9chouent \u00e0 Mira-neige : Une station de<br \/>\nsports d&#8217;hiver des plus snob. Victimes d&#8217;un malentendu, les deux amis<br \/>\nconna\u00eetront bien des p\u00e9rip\u00e9ties, sportives et sentimentales. Sous l&#8217;oeil<br \/>\ncomplice de Dickens, T\u00f6pffer, Twain, Christophe, Heath Robinson et autres<br \/>\ngrands anc\u00eatres&#8230; Cette r\u00e9\u00e9dition d&#8217;un dessin inanim\u00e9 o\u00f9 Samivel agrafe<br \/>\nspirituellement, \u00e0 travers une cascade de trouvailles cocasses et de gags<br \/>\nconfinant au surr\u00e9alisme, la faune pittoresque du ski \u00e0 la (deuxi\u00e8me) Belle<br \/>\nEpoque. Le Samivel dessinateur est associ\u00e9 ici au Samivel \u00e9crivain, pour nous<br \/>\nlivrer un chef-d&#8217;oeuvre \u00e0 l&#8217;intention stricte des amateurs de v\u00e9ritable<br \/>\nhumour.<\/p>","protected":false},"excerpt":{"rendered":"<p>Samovar et Baculot, d\u00e9go\u00fbt\u00e9s de la civilisation, partent, sac au dos, \u00e0 la recherche des grandes solitudes. Ils \u00e9chouent \u00e0 Mira-neige : Une station de sports d&#8217;hiver des plus snob. Victimes d&#8217;un malentendu, les deux amis conna\u00eetront bien des p\u00e9rip\u00e9ties, sportives et sentimentales. Sous l&#8217;oeil complice de Dickens, T\u00f6pffer, Twain, Christophe, Heath Robinson et autres [&#8230;]\n","protected":false},"featured_media":30437,"template":"","meta":[],"product_brand":[],"product_cat":[21881],"product_tag":[],"class_list":{"0":"post-149712","1":"product","2":"type-product","3":"status-publish","4":"has-post-thumbnail","6":"product_cat-comics","7":"pa_autor-samivel","8":"pa_erscheinungsjahr-22275","9":"pa_region-frankreich","10":"pa_sprache-fr","12":"first","13":"instock","14":"taxable","15":"shipping-taxable","16":"purchasable","17":"product-type-simple"},"_links":{"self":[{"href":"https:\/\/pizbube.ch\/en\/wp-json\/wp\/v2\/product\/149712","targetHints":{"allow":["GET"]}}],"collection":[{"href":"https:\/\/pizbube.ch\/en\/wp-json\/wp\/v2\/product"}],"about":[{"href":"https:\/\/pizbube.ch\/en\/wp-json\/wp\/v2\/types\/product"}],"wp:featuredmedia":[{"embeddable":true,"href":"https:\/\/pizbube.ch\/en\/wp-json\/wp\/v2\/media\/30437"}],"wp:attachment":[{"href":"https:\/\/pizbube.ch\/en\/wp-json\/wp\/v2\/media?parent=149712"}],"wp:term":[{"taxonomy":"product_brand","embeddable":true,"href":"https:\/\/pizbube.ch\/en\/wp-json\/wp\/v2\/product_brand?post=149712"},{"taxonomy":"product_cat","embeddable":true,"href":"https:\/\/pizbube.ch\/en\/wp-json\/wp\/v2\/product_cat?post=149712"},{"taxonomy":"product_tag","embeddable":true,"href":"https:\/\/pizbube.ch\/en\/wp-json\/wp\/v2\/product_tag?post=149712"}],"curies":[{"name":"wp","href":"https:\/\/api.w.org\/{rel}","templated":true}]}}