{"id":149713,"date":"2021-01-15T11:00:31","date_gmt":"2021-01-15T11:00:31","guid":{"rendered":"https:\/\/codengine3.ch\/?product=import-placeholder-for-208630"},"modified":"2021-01-15T17:56:06","modified_gmt":"2021-01-15T17:56:06","slug":"schnee","status":"publish","type":"product","link":"https:\/\/pizbube.ch\/en\/shop\/schnee\/","title":{"rendered":"Schnee"},"content":{"rendered":"<p>Alles \u00fcber den Schnee!<\/p>\n<p>Der reich illustrierte Band taucht tief ein in die kalte Wunderwelt und zeigt<br \/>\neine \u00fcberraschende Themenvielfalt rund um den Schnee.<br \/>\nWas w\u00e4re der Winter ohne Schnee? Ob glitzernde Winterlandschaft, polare<br \/>\nEisw\u00fcste oder verlockende Skipiste \u2013 in vielerlei Gestalt zieht Schnee die<br \/>\nMenschen an. Und birgt zugleich Gefahren. Etwa wenn sich eine Lawine l\u00f6st und<br \/>\nalles zerst\u00f6rend zu Tal donnert. Es ist vielleicht dieser Gegensatz von<br \/>\nSch\u00f6nheit und Bedrohung, der einen guten Teil der Faszination des Schnees<br \/>\nausmacht.<\/p>\n<p>Schnee bedeutet aber viel mehr als das. Ohne Schnee auch kein Wasserspeicher,<br \/>\nkeine Unterlage f\u00fcr stiebende Pulverschneeabfahrten, keine W\u00e4rmeisolation f\u00fcr<br \/>\nPermafrost, kein Schutz f\u00fcr Fauna und Flora, keine k\u00fchlende R\u00fcckkopplung zur<br \/>\nAtmosph\u00e4re. Die Aufz\u00e4hlung lie\u00dfe sich beliebig fortsetzen und macht deutlich,<br \/>\nwelch wichtige Rolle die Schneedecke f\u00fcr den Menschen, f\u00fcr das Klima und die<br \/>\nUmwelt spielt.<br \/>\n160 S. mit ca. 100 farb. Abb., geb. mit SU; Format 22,0 x 29,0 cm  <\/p>","protected":false},"excerpt":{"rendered":"<ul>\n<li><a href=\"https:\/\/pizbube.ch\/wp-content\/uploads\/attachments\/a_032\/FB9BAE51A15F7A2331C5E2022DE7313E.pdf\" target=\"_blank\" rel=\"noopener\">PDF: Leseprobe Schnee<\/a><\/li>\n<\/ul>","protected":false},"featured_media":27189,"template":"","meta":[],"product_brand":[],"product_cat":[21542],"product_tag":[],"class_list":{"0":"post-149713","1":"product","2":"type-product","3":"status-publish","4":"has-post-thumbnail","6":"product_cat-sachbuecher-dokumentationen","7":"pa_autor-wsl-institut-fuer-schnee-und-lawinenforschung-slf-hg","8":"pa_erscheinungsjahr-21568","9":"pa_region-schweiz","10":"pa_sprache-de","12":"first","13":"instock","14":"taxable","15":"shipping-taxable","16":"purchasable","17":"product-type-simple"},"_links":{"self":[{"href":"https:\/\/pizbube.ch\/en\/wp-json\/wp\/v2\/product\/149713","targetHints":{"allow":["GET"]}}],"collection":[{"href":"https:\/\/pizbube.ch\/en\/wp-json\/wp\/v2\/product"}],"about":[{"href":"https:\/\/pizbube.ch\/en\/wp-json\/wp\/v2\/types\/product"}],"wp:featuredmedia":[{"embeddable":true,"href":"https:\/\/pizbube.ch\/en\/wp-json\/wp\/v2\/media\/27189"}],"wp:attachment":[{"href":"https:\/\/pizbube.ch\/en\/wp-json\/wp\/v2\/media?parent=149713"}],"wp:term":[{"taxonomy":"product_brand","embeddable":true,"href":"https:\/\/pizbube.ch\/en\/wp-json\/wp\/v2\/product_brand?post=149713"},{"taxonomy":"product_cat","embeddable":true,"href":"https:\/\/pizbube.ch\/en\/wp-json\/wp\/v2\/product_cat?post=149713"},{"taxonomy":"product_tag","embeddable":true,"href":"https:\/\/pizbube.ch\/en\/wp-json\/wp\/v2\/product_tag?post=149713"}],"curies":[{"name":"wp","href":"https:\/\/api.w.org\/{rel}","templated":true}]}}