{"id":149714,"date":"2021-01-15T11:00:36","date_gmt":"2021-01-15T11:00:36","guid":{"rendered":"https:\/\/codengine3.ch\/?product=import-placeholder-for-200754"},"modified":"2021-01-15T11:00:39","modified_gmt":"2021-01-15T11:00:39","slug":"mountainbike-trails-auf-alten-militaerstrassen-um-die-hoechsten-berge-der-alpen","status":"publish","type":"product","link":"https:\/\/pizbube.ch\/en\/shop\/mountainbike-trails-auf-alten-militaerstrassen-um-die-hoechsten-berge-der-alpen\/","title":{"rendered":"Mountainbike Trails Auf alten Milit\u00e4rstrassen um die h\u00f6chsten Berge der Alpen"},"content":{"rendered":"<p>In den hintersten Winkeln, oft entlang der Grenzen, lassen sich in den Alpen<br \/>\nviele alte Milit\u00e4rstra\u00dfen optimal mit dem Mountainbike erobern.<\/p>\n<p>Dieses praktische Buch stellt die sch\u00f6nsten Ein- und Mehrtagestouren und 200<br \/>\nder h\u00f6chsten Mountainbike-Gipfel in den West- und Ostalpen vor. Jede Route<br \/>\nwird mit detaillierter Karte, Angaben zur H\u00f6he, Region, Erlebniswert und<br \/>\nSchwierigkeiten und vielen Tipps zur Planung und Ausr\u00fcstung detailliert<br \/>\nbeschrieben.<\/p>\n<p>288 Seiten, mit 250 Abbildungen.  <\/p>","protected":false},"excerpt":{"rendered":"<p>In den hintersten Winkeln, oft entlang der Grenzen, lassen sich in den Alpen viele alte Milit\u00e4rstra\u00dfen optimal mit dem Mountainbike erobern. Dieses praktische Buch stellt die sch\u00f6nsten Ein- und Mehrtagestouren und 200 der h\u00f6chsten Mountainbike-Gipfel in den West- und Ostalpen vor. Jede Route wird mit detaillierter Karte, Angaben zur H\u00f6he, Region, Erlebniswert und Schwierigkeiten und [&#8230;]\n","protected":false},"featured_media":27804,"template":"","meta":[],"product_brand":[],"product_cat":[21606],"product_tag":[],"class_list":{"0":"post-149714","1":"product","2":"type-product","3":"status-publish","4":"has-post-thumbnail","6":"product_cat-mountainbikefuehrer","7":"pa_autor-zahn","8":"pa_erscheinungsjahr-21693","9":"pa_region-italien","10":"pa_sprache-de","12":"first","13":"outofstock","14":"taxable","15":"shipping-taxable","16":"purchasable","17":"product-type-simple"},"_links":{"self":[{"href":"https:\/\/pizbube.ch\/en\/wp-json\/wp\/v2\/product\/149714","targetHints":{"allow":["GET"]}}],"collection":[{"href":"https:\/\/pizbube.ch\/en\/wp-json\/wp\/v2\/product"}],"about":[{"href":"https:\/\/pizbube.ch\/en\/wp-json\/wp\/v2\/types\/product"}],"wp:featuredmedia":[{"embeddable":true,"href":"https:\/\/pizbube.ch\/en\/wp-json\/wp\/v2\/media\/27804"}],"wp:attachment":[{"href":"https:\/\/pizbube.ch\/en\/wp-json\/wp\/v2\/media?parent=149714"}],"wp:term":[{"taxonomy":"product_brand","embeddable":true,"href":"https:\/\/pizbube.ch\/en\/wp-json\/wp\/v2\/product_brand?post=149714"},{"taxonomy":"product_cat","embeddable":true,"href":"https:\/\/pizbube.ch\/en\/wp-json\/wp\/v2\/product_cat?post=149714"},{"taxonomy":"product_tag","embeddable":true,"href":"https:\/\/pizbube.ch\/en\/wp-json\/wp\/v2\/product_tag?post=149714"}],"curies":[{"name":"wp","href":"https:\/\/api.w.org\/{rel}","templated":true}]}}