{"id":149719,"date":"2021-01-15T11:00:36","date_gmt":"2021-01-15T11:00:36","guid":{"rendered":"https:\/\/codengine3.ch\/?product=import-placeholder-for-203340"},"modified":"2021-01-15T14:22:18","modified_gmt":"2021-01-15T14:22:18","slug":"die-schoensten-alpentouren-mit-dem-mountainbike","status":"publish","type":"product","link":"https:\/\/pizbube.ch\/en\/shop\/die-schoensten-alpentouren-mit-dem-mountainbike\/","title":{"rendered":"Die sch\u00f6nsten Alpentouren mit dem Mountainbike"},"content":{"rendered":"<p>40 ausgew\u00e4hlte Touren in Deutschland, \u00d6sterreich, Italien, Frankreich und der<br \/>\nSchweiz. Der Tremalzopass hoch \u00fcber dem Gardasee, die schwindelerregend in den<br \/>\nFels gesprengte Pasublo-Bergstra\u00dfe in Venetien, die Chaberton-Bergstra\u00dfe, mit<br \/>\n3130 Metern H\u00f6he der h\u00f6chste mit dem Moutainbike anfahrbare Punkt in den<br \/>\nAlpen, das sind nur einige der bekanntesten Namen in einer ganzen Reihe<br \/>\nunbefestigter Pass- und Bergstra\u00dfen im Alpenraum, die in diesem Buch<br \/>\nvorgestellt werden. Zur Planung der Tour finden sich neben einer exakten<br \/>\nStreckenbeschreibung Detailkarten, H\u00f6henprofile mit Steigungsangaben und<br \/>\nHinweisen zur Anfahrt. 232 S.<\/p>","protected":false},"excerpt":{"rendered":"<p>40 ausgew\u00e4hlte Touren in Deutschland, \u00d6sterreich, Italien, Frankreich und der Schweiz. Der Tremalzopass hoch \u00fcber dem Gardasee, die schwindelerregend in den Fels gesprengte Pasublo-Bergstra\u00dfe in Venetien, die Chaberton-Bergstra\u00dfe, mit 3130 Metern H\u00f6he der h\u00f6chste mit dem Moutainbike anfahrbare Punkt in den Alpen, das sind nur einige der bekanntesten Namen in einer ganzen Reihe unbefestigter Pass- [&#8230;]\n","protected":false},"featured_media":30926,"template":"","meta":[],"product_brand":[],"product_cat":[21606],"product_tag":[],"class_list":{"0":"post-149719","1":"product","2":"type-product","3":"status-publish","4":"has-post-thumbnail","6":"product_cat-mountainbikefuehrer","7":"pa_autor-geser","8":"pa_erscheinungsjahr-21920","9":"pa_region-schweiz","10":"pa_sprache-de","12":"first","13":"instock","14":"taxable","15":"shipping-taxable","16":"purchasable","17":"product-type-simple"},"_links":{"self":[{"href":"https:\/\/pizbube.ch\/en\/wp-json\/wp\/v2\/product\/149719","targetHints":{"allow":["GET"]}}],"collection":[{"href":"https:\/\/pizbube.ch\/en\/wp-json\/wp\/v2\/product"}],"about":[{"href":"https:\/\/pizbube.ch\/en\/wp-json\/wp\/v2\/types\/product"}],"wp:featuredmedia":[{"embeddable":true,"href":"https:\/\/pizbube.ch\/en\/wp-json\/wp\/v2\/media\/30926"}],"wp:attachment":[{"href":"https:\/\/pizbube.ch\/en\/wp-json\/wp\/v2\/media?parent=149719"}],"wp:term":[{"taxonomy":"product_brand","embeddable":true,"href":"https:\/\/pizbube.ch\/en\/wp-json\/wp\/v2\/product_brand?post=149719"},{"taxonomy":"product_cat","embeddable":true,"href":"https:\/\/pizbube.ch\/en\/wp-json\/wp\/v2\/product_cat?post=149719"},{"taxonomy":"product_tag","embeddable":true,"href":"https:\/\/pizbube.ch\/en\/wp-json\/wp\/v2\/product_tag?post=149719"}],"curies":[{"name":"wp","href":"https:\/\/api.w.org\/{rel}","templated":true}]}}