{"id":149720,"date":"2021-01-15T11:00:36","date_gmt":"2021-01-15T11:00:36","guid":{"rendered":"https:\/\/codengine3.ch\/?product=import-placeholder-for-203467"},"modified":"2021-01-15T14:23:33","modified_gmt":"2021-01-15T14:23:33","slug":"mountain-bike-sulle-strade-militari-alpine-91-itinerari-dalla-costa-azzurra-al-monte-bianco","status":"publish","type":"product","link":"https:\/\/pizbube.ch\/en\/shop\/mountain-bike-sulle-strade-militari-alpine-91-itinerari-dalla-costa-azzurra-al-monte-bianco\/","title":{"rendered":"MOUNTAIN BIKE SULLE STRADE MILITARI ALPINE 91 ITINERARI DALLA COSTA AZZURRA AL MONTE BIANCO"},"content":{"rendered":"<p>Fin dall&#8217;anno della prima edizione di questa guida, andata a ruba tra gli<br \/>\nappassionati e ristampata pi\u00f9 volte, tecnici, riviste specializzate e librerie<br \/>\ndel settore montagna, non hanno esitato a definirla la guida pi\u00f9 completa e<br \/>\npi\u00f9 tecnica sul mercato.<br \/>\nIn bicicletta sulle strade militari alpine, dove storia ed escursioni si<br \/>\nfondono al cospetto di quanto rimane della linea difensiva tra Francia e<br \/>\nItalia.<br \/>\nE sono proprio le strade militari, ideate per il trasporto di materiali<br \/>\npesanti il terreno idelae per la mountain bike con la loro pendenza graduale e<br \/>\ncostante e la solidit\u00e0 a dispetto delle intemperie.  <\/p>","protected":false},"excerpt":{"rendered":"<p>Fin dall&#8217;anno della prima edizione di questa guida, andata a ruba tra gli appassionati e ristampata pi\u00f9 volte, tecnici, riviste specializzate e librerie del settore montagna, non hanno esitato a definirla la guida pi\u00f9 completa e pi\u00f9 tecnica sul mercato. In bicicletta sulle strade militari alpine, dove storia ed escursioni si fondono al cospetto di [&#8230;]\n","protected":false},"featured_media":31082,"template":"","meta":[],"product_brand":[],"product_cat":[21606],"product_tag":[],"class_list":{"0":"post-149720","1":"product","2":"type-product","3":"status-publish","4":"has-post-thumbnail","6":"product_cat-mountainbikefuehrer","7":"pa_autor-ragazzini","8":"pa_erscheinungsjahr-22060","9":"pa_region-italien","10":"pa_sprache-it","12":"first","13":"outofstock","14":"taxable","15":"shipping-taxable","16":"purchasable","17":"product-type-simple"},"_links":{"self":[{"href":"https:\/\/pizbube.ch\/en\/wp-json\/wp\/v2\/product\/149720","targetHints":{"allow":["GET"]}}],"collection":[{"href":"https:\/\/pizbube.ch\/en\/wp-json\/wp\/v2\/product"}],"about":[{"href":"https:\/\/pizbube.ch\/en\/wp-json\/wp\/v2\/types\/product"}],"wp:featuredmedia":[{"embeddable":true,"href":"https:\/\/pizbube.ch\/en\/wp-json\/wp\/v2\/media\/31082"}],"wp:attachment":[{"href":"https:\/\/pizbube.ch\/en\/wp-json\/wp\/v2\/media?parent=149720"}],"wp:term":[{"taxonomy":"product_brand","embeddable":true,"href":"https:\/\/pizbube.ch\/en\/wp-json\/wp\/v2\/product_brand?post=149720"},{"taxonomy":"product_cat","embeddable":true,"href":"https:\/\/pizbube.ch\/en\/wp-json\/wp\/v2\/product_cat?post=149720"},{"taxonomy":"product_tag","embeddable":true,"href":"https:\/\/pizbube.ch\/en\/wp-json\/wp\/v2\/product_tag?post=149720"}],"curies":[{"name":"wp","href":"https:\/\/api.w.org\/{rel}","templated":true}]}}