{"id":149729,"date":"2021-01-15T11:00:37","date_gmt":"2021-01-15T11:00:37","guid":{"rendered":"https:\/\/codengine3.ch\/?product=import-placeholder-for-201743"},"modified":"2021-01-15T12:04:12","modified_gmt":"2021-01-15T12:04:12","slug":"wiedersehen-mit-patagonien","status":"publish","type":"product","link":"https:\/\/pizbube.ch\/en\/shop\/wiedersehen-mit-patagonien\/","title":{"rendered":"Wiedersehen mit Patagonien"},"content":{"rendered":"<p>Literarischer Reisebeschrieb: Bruce Chatwin und Paul Theroux, zwei erfahrene<br \/>\nPatagonien-Reisende, die beide bereits B\u00fccher \u00fcber dieses Land am \u00e4u\u00dfersten<br \/>\nRand der bewohnbaren Welt geschrieben haben, treffen in Wiedersehen mit<br \/>\nPatagonienzu einem reizvollen Zwiegespr\u00e4ch \u00fcber ihre Erlebnisse zusammen. Und<br \/>\nda sie &#8218;literarisch&#8216; Reisende sind, erregt ein literarischer Bezug genauso<br \/>\nihre Neugier wie ein merkw\u00fcrdiges Tier oder eine seltene Pflanze. Die hier<br \/>\nzusammengetragenen Fundst\u00fccke wecken die Sehnsucht nach diesem Land, das zur<br \/>\nMetapher wurde f\u00fcr das Unheimliche, das verh\u00e4ngnisvoll Anziehende.<\/p>","protected":false},"excerpt":{"rendered":"<p>Literarischer Reisebeschrieb: Bruce Chatwin und Paul Theroux, zwei erfahrene Patagonien-Reisende, die beide bereits B\u00fccher \u00fcber dieses Land am \u00e4u\u00dfersten Rand der bewohnbaren Welt geschrieben haben, treffen in Wiedersehen mit Patagonienzu einem reizvollen Zwiegespr\u00e4ch \u00fcber ihre Erlebnisse zusammen. Und da sie &#8218;literarisch&#8216; Reisende sind, erregt ein literarischer Bezug genauso ihre Neugier wie ein merkw\u00fcrdiges Tier oder [&#8230;]\n","protected":false},"featured_media":29135,"template":"","meta":[],"product_brand":[],"product_cat":[21629],"product_tag":[],"class_list":{"0":"post-149729","1":"product","2":"type-product","3":"status-publish","4":"has-post-thumbnail","6":"product_cat-belletristik","7":"pa_autor-chatwin","8":"pa_erscheinungsjahr-22112","9":"pa_region-amerika-sued","10":"pa_sprache-de","12":"first","13":"instock","14":"taxable","15":"shipping-taxable","16":"purchasable","17":"product-type-simple"},"_links":{"self":[{"href":"https:\/\/pizbube.ch\/en\/wp-json\/wp\/v2\/product\/149729","targetHints":{"allow":["GET"]}}],"collection":[{"href":"https:\/\/pizbube.ch\/en\/wp-json\/wp\/v2\/product"}],"about":[{"href":"https:\/\/pizbube.ch\/en\/wp-json\/wp\/v2\/types\/product"}],"wp:featuredmedia":[{"embeddable":true,"href":"https:\/\/pizbube.ch\/en\/wp-json\/wp\/v2\/media\/29135"}],"wp:attachment":[{"href":"https:\/\/pizbube.ch\/en\/wp-json\/wp\/v2\/media?parent=149729"}],"wp:term":[{"taxonomy":"product_brand","embeddable":true,"href":"https:\/\/pizbube.ch\/en\/wp-json\/wp\/v2\/product_brand?post=149729"},{"taxonomy":"product_cat","embeddable":true,"href":"https:\/\/pizbube.ch\/en\/wp-json\/wp\/v2\/product_cat?post=149729"},{"taxonomy":"product_tag","embeddable":true,"href":"https:\/\/pizbube.ch\/en\/wp-json\/wp\/v2\/product_tag?post=149729"}],"curies":[{"name":"wp","href":"https:\/\/api.w.org\/{rel}","templated":true}]}}