{"id":149730,"date":"2021-01-15T11:00:37","date_gmt":"2021-01-15T11:00:37","guid":{"rendered":"https:\/\/codengine3.ch\/?product=import-placeholder-for-203189"},"modified":"2021-01-15T12:54:56","modified_gmt":"2021-01-15T12:54:56","slug":"durch-patagonien-zum-fitz-roy","status":"publish","type":"product","link":"https:\/\/pizbube.ch\/en\/shop\/durch-patagonien-zum-fitz-roy\/","title":{"rendered":"Durch Patagonien zum Fitz Roy"},"content":{"rendered":"<p>Die Besteigung des Fitz Roy, einem der sch\u00f6nsten und schwierigsten Berge der<br \/>\nWelt, bildet den Hintergrund f\u00fcr eine Geschichte, die Fiktion und Realit\u00e4t,<br \/>\nDenken und Handeln in spannender, aber auch humorvoller Weise miteinander<br \/>\nvermischt.  <\/p>\n<p>Die gemeinsame Besteigung des Fitz Roy zusammen mit dem Innsbrucker Robert<br \/>\nPurtscheller (dem das Buch gewidmet ist) vor 20 Jahren bildet den<br \/>\nAusgangspunkt f\u00fcr diese Geschichte. Die alpine Gipfeltour, auf die uns der<br \/>\nfr\u00fchrere Extrembergsteiger Rudolf Alexander Rudi Mayr mitnimmt, wird zu einer<br \/>\nvielschichtigen Reise, die dem Leser Land und Leute n\u00e4herbringt &#8211; und<br \/>\ngleichzeitig immer wieder die Frage nach dem Sinn des menschlichen Tuns<br \/>\nstellt. 224 Seiten, 9 farbige Abbildungen, 2 Skizzen  <\/p>","protected":false},"excerpt":{"rendered":"<p>Die Besteigung des Fitz Roy, einem der sch\u00f6nsten und schwierigsten Berge der Welt, bildet den Hintergrund f\u00fcr eine Geschichte, die Fiktion und Realit\u00e4t, Denken und Handeln in spannender, aber auch humorvoller Weise miteinander vermischt. Die gemeinsame Besteigung des Fitz Roy zusammen mit dem Innsbrucker Robert Purtscheller (dem das Buch gewidmet ist) vor 20 Jahren bildet [&#8230;]\n","protected":false},"featured_media":30735,"template":"","meta":[],"product_brand":[],"product_cat":[21629],"product_tag":[],"class_list":{"0":"post-149730","1":"product","2":"type-product","3":"status-publish","4":"has-post-thumbnail","6":"product_cat-belletristik","7":"pa_autor-mayr","8":"pa_erscheinungsjahr-21920","9":"pa_region-amerika-sued","10":"pa_sprache-de","12":"first","13":"instock","14":"taxable","15":"shipping-taxable","16":"purchasable","17":"product-type-simple"},"_links":{"self":[{"href":"https:\/\/pizbube.ch\/en\/wp-json\/wp\/v2\/product\/149730","targetHints":{"allow":["GET"]}}],"collection":[{"href":"https:\/\/pizbube.ch\/en\/wp-json\/wp\/v2\/product"}],"about":[{"href":"https:\/\/pizbube.ch\/en\/wp-json\/wp\/v2\/types\/product"}],"wp:featuredmedia":[{"embeddable":true,"href":"https:\/\/pizbube.ch\/en\/wp-json\/wp\/v2\/media\/30735"}],"wp:attachment":[{"href":"https:\/\/pizbube.ch\/en\/wp-json\/wp\/v2\/media?parent=149730"}],"wp:term":[{"taxonomy":"product_brand","embeddable":true,"href":"https:\/\/pizbube.ch\/en\/wp-json\/wp\/v2\/product_brand?post=149730"},{"taxonomy":"product_cat","embeddable":true,"href":"https:\/\/pizbube.ch\/en\/wp-json\/wp\/v2\/product_cat?post=149730"},{"taxonomy":"product_tag","embeddable":true,"href":"https:\/\/pizbube.ch\/en\/wp-json\/wp\/v2\/product_tag?post=149730"}],"curies":[{"name":"wp","href":"https:\/\/api.w.org\/{rel}","templated":true}]}}