{"id":149732,"date":"2021-01-15T11:00:37","date_gmt":"2021-01-15T11:00:37","guid":{"rendered":"https:\/\/codengine3.ch\/?product=import-placeholder-for-205563"},"modified":"2021-01-15T14:42:13","modified_gmt":"2021-01-15T14:42:13","slug":"faszination-patagonien-2008","status":"publish","type":"product","link":"https:\/\/pizbube.ch\/en\/shop\/faszination-patagonien-2008\/","title":{"rendered":"Faszination Patagonien 2008"},"content":{"rendered":"<p>Monatskalender; Der Kalender zeigt die atemberaubende Bergwelt Patagoniens.  <\/p>\n<p>Mit sechs transparenten Zwischenbl\u00e4ttern werden Topos von Michel Piola mit<br \/>\nAngaben zur Erstbesteigung \u00fcber die grossen Granitt\u00fcrme gelegt. Gipfel in<br \/>\nfarbintensivem Morgenlicht, vor tiefblauem Himmel oder auch verschleiert durch<br \/>\nNebelschwaden- Patagonien ist f\u00fcr viele Bergsteiger ein Traumgebiet! 43 x 30<br \/>\ncm  <\/p>\n<p>Zus\u00e4tzlich mit 8 Ansichtskarten der Gipfel mit Topos.  <\/p>\n<p>Bitte beachten Sie \/ please note:<br \/>\nVersandkosten Poster\/ Kalender: CHF 7.00 Postage for posters \/calendars: CHF<br \/>\n7.00  <\/p>","protected":false},"excerpt":{"rendered":"<p>Monatskalender; Der Kalender zeigt die atemberaubende Bergwelt Patagoniens. Mit sechs transparenten Zwischenbl\u00e4ttern werden Topos von Michel Piola mit Angaben zur Erstbesteigung \u00fcber die grossen Granitt\u00fcrme gelegt. Gipfel in farbintensivem Morgenlicht, vor tiefblauem Himmel oder auch verschleiert durch Nebelschwaden- Patagonien ist f\u00fcr viele Bergsteiger ein Traumgebiet! 43 x 30 cm Zus\u00e4tzlich mit 8 Ansichtskarten der Gipfel [&#8230;]\n","protected":false},"featured_media":34318,"template":"","meta":[],"product_brand":[],"product_cat":[21607],"product_tag":[],"class_list":{"0":"post-149732","1":"product","2":"type-product","3":"status-publish","4":"has-post-thumbnail","6":"product_cat-kalender-posters","7":"pa_autor-von-birckhahn","8":"pa_erscheinungsjahr-21842","9":"pa_region-amerika-sued","10":"pa_sprache-de","12":"first","13":"instock","14":"taxable","15":"shipping-taxable","16":"purchasable","17":"product-type-simple"},"_links":{"self":[{"href":"https:\/\/pizbube.ch\/en\/wp-json\/wp\/v2\/product\/149732","targetHints":{"allow":["GET"]}}],"collection":[{"href":"https:\/\/pizbube.ch\/en\/wp-json\/wp\/v2\/product"}],"about":[{"href":"https:\/\/pizbube.ch\/en\/wp-json\/wp\/v2\/types\/product"}],"wp:featuredmedia":[{"embeddable":true,"href":"https:\/\/pizbube.ch\/en\/wp-json\/wp\/v2\/media\/34318"}],"wp:attachment":[{"href":"https:\/\/pizbube.ch\/en\/wp-json\/wp\/v2\/media?parent=149732"}],"wp:term":[{"taxonomy":"product_brand","embeddable":true,"href":"https:\/\/pizbube.ch\/en\/wp-json\/wp\/v2\/product_brand?post=149732"},{"taxonomy":"product_cat","embeddable":true,"href":"https:\/\/pizbube.ch\/en\/wp-json\/wp\/v2\/product_cat?post=149732"},{"taxonomy":"product_tag","embeddable":true,"href":"https:\/\/pizbube.ch\/en\/wp-json\/wp\/v2\/product_tag?post=149732"}],"curies":[{"name":"wp","href":"https:\/\/api.w.org\/{rel}","templated":true}]}}