{"id":149736,"date":"2021-01-15T11:00:37","date_gmt":"2021-01-15T11:00:37","guid":{"rendered":"https:\/\/codengine3.ch\/?product=import-placeholder-for-203901"},"modified":"2021-01-15T14:27:41","modified_gmt":"2021-01-15T14:27:41","slug":"parois-de-legende-les-plus-belles-escalades-autour-du-monde","status":"publish","type":"product","link":"https:\/\/pizbube.ch\/en\/shop\/parois-de-legende-les-plus-belles-escalades-autour-du-monde\/","title":{"rendered":"Parois de l\u00e9gende, Les plus belles escalades autour du monde"},"content":{"rendered":"<p>Arnaud Petit, guide de haute montagne et champion du monde d&#8217;escalade, nous<br \/>\nfait d\u00e9couvrir les parois rocheuses les plus belles, les plus grandes, les<br \/>\nplus mythiques, celles qui font r\u00eaver tous les grimpeurs et les amateurs de<br \/>\npaysages exceptionnels. Certaines sont c\u00e9l\u00e9brissimes, comme les 1000 m\u00e8tres en<br \/>\ngranit parfait du Nose, au Yosemite, en Californie, ou les pains de sucre de<br \/>\nRio de Janeiro. D&#8217;autres constituent des d\u00e9cors d&#8217;une incroyable beaut\u00e9 comme<br \/>\nles tours basaltiques qui s&#8217;\u00e9talent au pied de l&#8217;ermitage du P\u00e8re de Foucault<br \/>\nau coeur du Sahara. L&#8217;auteur nous livre quelques sites in\u00e9dits, comme la<br \/>\nfalaise de Taghia au Maroc, r\u00e9cemment explor\u00e9e et qui serait la plus belle de<br \/>\ntoutes. La plupart forment de grands murs d&#8217;apparence lisse et color\u00e9e comme<br \/>\nau Canada, \u00e0 Madagascar, au Mali, en Jordanie ou en Tha\u00eflande. Cet ouvrage<br \/>\nnous r\u00e9v\u00e8le, outre les renseignements pratiques pour s&#8217;y rendre, que<br \/>\nl&#8217;escalade est possible et souvent accessible \u00e0 la moyenne des grimpeurs. Les<br \/>\nphotos et les topos d\u00e9taill\u00e9s de chaque voie (une cinquantaine au total)<br \/>\npermettent au lecteur de se projeter dans ces belles parois, avant de passer<br \/>\ndu r\u00eave \u00e0 la r\u00e9alit\u00e9.<br \/>\nLes sites pr\u00e9sent\u00e9s dans cet ouvrage se trouvent hors de l&#8217;Europe.<\/p>","protected":false},"excerpt":{"rendered":"<p>Arnaud Petit, guide de haute montagne et champion du monde d&#8217;escalade, nous fait d\u00e9couvrir les parois rocheuses les plus belles, les plus grandes, les plus mythiques, celles qui font r\u00eaver tous les grimpeurs et les amateurs de paysages exceptionnels. Certaines sont c\u00e9l\u00e9brissimes, comme les 1000 m\u00e8tres en granit parfait du Nose, au Yosemite, en Californie, [&#8230;]\n","protected":false},"featured_media":31611,"template":"","meta":[],"product_brand":[],"product_cat":[21542],"product_tag":[],"class_list":{"0":"post-149736","1":"product","2":"type-product","3":"status-publish","4":"has-post-thumbnail","6":"product_cat-sachbuecher-dokumentationen","7":"pa_autor-petit","8":"pa_erscheinungsjahr-21776","9":"pa_region-frankreich","10":"pa_sprache-fr","12":"first","13":"outofstock","14":"taxable","15":"shipping-taxable","16":"purchasable","17":"product-type-simple"},"_links":{"self":[{"href":"https:\/\/pizbube.ch\/en\/wp-json\/wp\/v2\/product\/149736","targetHints":{"allow":["GET"]}}],"collection":[{"href":"https:\/\/pizbube.ch\/en\/wp-json\/wp\/v2\/product"}],"about":[{"href":"https:\/\/pizbube.ch\/en\/wp-json\/wp\/v2\/types\/product"}],"wp:featuredmedia":[{"embeddable":true,"href":"https:\/\/pizbube.ch\/en\/wp-json\/wp\/v2\/media\/31611"}],"wp:attachment":[{"href":"https:\/\/pizbube.ch\/en\/wp-json\/wp\/v2\/media?parent=149736"}],"wp:term":[{"taxonomy":"product_brand","embeddable":true,"href":"https:\/\/pizbube.ch\/en\/wp-json\/wp\/v2\/product_brand?post=149736"},{"taxonomy":"product_cat","embeddable":true,"href":"https:\/\/pizbube.ch\/en\/wp-json\/wp\/v2\/product_cat?post=149736"},{"taxonomy":"product_tag","embeddable":true,"href":"https:\/\/pizbube.ch\/en\/wp-json\/wp\/v2\/product_tag?post=149736"}],"curies":[{"name":"wp","href":"https:\/\/api.w.org\/{rel}","templated":true}]}}