{"id":149739,"date":"2021-01-15T11:00:37","date_gmt":"2021-01-15T11:00:37","guid":{"rendered":"https:\/\/codengine3.ch\/?product=import-placeholder-for-200759"},"modified":"2023-10-04T10:52:36","modified_gmt":"2023-10-04T08:52:36","slug":"monti-sibillini-150000","status":"publish","type":"product","link":"https:\/\/pizbube.ch\/en\/shop\/monti-sibillini-150000\/","title":{"rendered":"Monti Sibillini nel Parco Nazionale 1:50&#8217;000"},"content":{"rendered":"<p>Cascia, Norcia, Valnerina.<\/p>\n<p>Wandern &#8211; Rad 1: 50&#8217;000<br \/>\n(Wandern Fahrradfahren, No. 2474). In Plastikh\u00fclle; inkl. App<\/p>\n<p>Die KOMPASS Wanderkarten \u00fcberzeugen durch . eine GPS-genaue und aktuelle Karte<br \/>\nzur einfachen Orientierung . lesefreundliche Optik im idealen Ma\u00dfstab von<br \/>\n1:25.000\/1:35.000 oder 1:50.000 . Herstellung auf robustem rei\u00df- und<br \/>\nwetterfesten Papier<\/p>","protected":false},"excerpt":{"rendered":"<p>Cascia, Norcia, Valnerina. Wandern &#8211; Rad 1: 50&#8217;000 (Wandern Fahrradfahren, No. 2474). In Plastikh\u00fclle; inkl. App Die KOMPASS Wanderkarten \u00fcberzeugen durch . eine GPS-genaue und aktuelle Karte zur einfachen Orientierung . lesefreundliche Optik im idealen Ma\u00dfstab von 1:25.000\/1:35.000 oder 1:50.000 . Herstellung auf robustem rei\u00df- und wetterfesten Papier<\/p>","protected":false},"featured_media":157607,"template":"","meta":[],"product_brand":[],"product_cat":[21543],"product_tag":[26883],"class_list":{"0":"post-149739","1":"product","2":"type-product","3":"status-publish","4":"has-post-thumbnail","6":"product_cat-landkarten","7":"product_tag-sibillinische-alpen","8":"pa_autor-kompass","9":"pa_erscheinungsjahr-27129","10":"pa_region-italien","11":"pa_sprache-de","13":"first","14":"instock","15":"taxable","16":"shipping-taxable","17":"purchasable","18":"product-type-simple"},"_links":{"self":[{"href":"https:\/\/pizbube.ch\/en\/wp-json\/wp\/v2\/product\/149739","targetHints":{"allow":["GET"]}}],"collection":[{"href":"https:\/\/pizbube.ch\/en\/wp-json\/wp\/v2\/product"}],"about":[{"href":"https:\/\/pizbube.ch\/en\/wp-json\/wp\/v2\/types\/product"}],"wp:featuredmedia":[{"embeddable":true,"href":"https:\/\/pizbube.ch\/en\/wp-json\/wp\/v2\/media\/157607"}],"wp:attachment":[{"href":"https:\/\/pizbube.ch\/en\/wp-json\/wp\/v2\/media?parent=149739"}],"wp:term":[{"taxonomy":"product_brand","embeddable":true,"href":"https:\/\/pizbube.ch\/en\/wp-json\/wp\/v2\/product_brand?post=149739"},{"taxonomy":"product_cat","embeddable":true,"href":"https:\/\/pizbube.ch\/en\/wp-json\/wp\/v2\/product_cat?post=149739"},{"taxonomy":"product_tag","embeddable":true,"href":"https:\/\/pizbube.ch\/en\/wp-json\/wp\/v2\/product_tag?post=149739"}],"curies":[{"name":"wp","href":"https:\/\/api.w.org\/{rel}","templated":true}]}}