{"id":149743,"date":"2021-01-15T11:00:37","date_gmt":"2021-01-15T11:00:37","guid":{"rendered":"https:\/\/codengine3.ch\/?product=import-placeholder-for-203946"},"modified":"2021-01-15T14:28:09","modified_gmt":"2021-01-15T14:28:09","slug":"7-sommets-pour-un-biplace-flying-the-seven-summits-dvd","status":"publish","type":"product","link":"https:\/\/pizbube.ch\/en\/shop\/7-sommets-pour-un-biplace-flying-the-seven-summits-dvd\/","title":{"rendered":"7 sommets pour un biplace \/ flying the seven summits DVD"},"content":{"rendered":"<p>L&#8217;incroyable d\u00e9fi de Claire et Z\u00e9bulon : gravir et s&#8217;envoler en parapente<br \/>\nbiplace du point culminant de chaque continent.<br \/>\nUn tour du monde original associant parapente et alpinisme. Claire &#038; Zeb vous<br \/>\nfont vivre leurs aventures les plus extr\u00eames avec la joie et la simplicit\u00e9 qui<br \/>\nles caract\u00e9risent.<br \/>\nClimbing and flying from the 7 highest sumits of each continent. An original<br \/>\ntour of the world combining paragliding and mountaineering.<br \/>\nKilimanjaro (Afrique), Mackinley (Am\u00e9rique du nord), Elbrouz (Europe), Vinson<br \/>\n(Antarctique), Aconcagua (Am\u00e9rique du Sud), Everest (Asie), Kosiusko<br \/>\n(Australie); DVD<\/p>","protected":false},"excerpt":{"rendered":"<p>L&#8217;incroyable d\u00e9fi de Claire et Z\u00e9bulon : gravir et s&#8217;envoler en parapente biplace du point culminant de chaque continent. Un tour du monde original associant parapente et alpinisme. Claire &#038; Zeb vous font vivre leurs aventures les plus extr\u00eames avec la joie et la simplicit\u00e9 qui les caract\u00e9risent. Climbing and flying from the 7 highest [&#8230;]\n","protected":false},"featured_media":31660,"template":"","meta":[],"product_brand":[],"product_cat":[21628],"product_tag":[],"class_list":{"0":"post-149743","1":"product","2":"type-product","3":"status-publish","4":"has-post-thumbnail","6":"product_cat-video-dvd-multimedia","7":"pa_autor-roche","8":"pa_erscheinungsjahr-21920","9":"pa_region-frankreich","10":"pa_sprache-e","11":"pa_sprache-f","13":"first","14":"outofstock","15":"taxable","16":"shipping-taxable","17":"purchasable","18":"product-type-simple"},"_links":{"self":[{"href":"https:\/\/pizbube.ch\/en\/wp-json\/wp\/v2\/product\/149743","targetHints":{"allow":["GET"]}}],"collection":[{"href":"https:\/\/pizbube.ch\/en\/wp-json\/wp\/v2\/product"}],"about":[{"href":"https:\/\/pizbube.ch\/en\/wp-json\/wp\/v2\/types\/product"}],"wp:featuredmedia":[{"embeddable":true,"href":"https:\/\/pizbube.ch\/en\/wp-json\/wp\/v2\/media\/31660"}],"wp:attachment":[{"href":"https:\/\/pizbube.ch\/en\/wp-json\/wp\/v2\/media?parent=149743"}],"wp:term":[{"taxonomy":"product_brand","embeddable":true,"href":"https:\/\/pizbube.ch\/en\/wp-json\/wp\/v2\/product_brand?post=149743"},{"taxonomy":"product_cat","embeddable":true,"href":"https:\/\/pizbube.ch\/en\/wp-json\/wp\/v2\/product_cat?post=149743"},{"taxonomy":"product_tag","embeddable":true,"href":"https:\/\/pizbube.ch\/en\/wp-json\/wp\/v2\/product_tag?post=149743"}],"curies":[{"name":"wp","href":"https:\/\/api.w.org\/{rel}","templated":true}]}}