{"id":149746,"date":"2021-01-15T11:00:38","date_gmt":"2021-01-15T11:00:38","guid":{"rendered":"https:\/\/codengine3.ch\/?product=import-placeholder-for-201432"},"modified":"2025-03-18T16:39:37","modified_gmt":"2025-03-18T15:39:37","slug":"die-schoensten-fluggebiete-der-alpen","status":"publish","type":"product","link":"https:\/\/pizbube.ch\/en\/shop\/die-schoensten-fluggebiete-der-alpen\/","title":{"rendered":"Die sch\u00f6nsten Fluggebiete der Alpen"},"content":{"rendered":"<p>Schweiz, Frankreich, \u00d6sterreich, Italien, Slowenien- f\u00fcr Gleitschirm- und<br \/>\nDrachenflieger;<\/p>\n<p>Alles, was du f\u00fcr ein \u00adAbenteuer brauchst!<br \/>\nDer kompetente Ratgeber zu den Fluggebieten in den Alpen. Die aktualisierte<br \/>\nund \u00aderweiterte \u00ad5. \u00adNeuauflage des Standardwerks f\u00fcr alle \u00adGleitschirm- und<br \/>\n\u00adDrachenflieger!<br \/>\nDieser Outdoor-F\u00fchrer beschreibt detailliert \u00adausgew\u00e4hlte \u00adFluggebiete der<br \/>\nsechs \u00adAlpenl\u00e4nder: Deutschland, \u00d6sterreich, Slowenien, \u00adItalien, Schweiz und<br \/>\nFrankreich.<\/p>\n<p>\u2022 Praktische Hinweise zu Flugrouten, \u00adStreckenfl\u00fcgen, Start- und Landepl\u00e4tzen<br \/>\n\u2022 Flugalternativen rund um die \u00adbeschriebenen Gebiete<br \/>\n\u2022 Karten und Fotos zu den Fluggebieten<br \/>\n\u2022 Infos zu Flugschulen, Clubs, Unterk\u00fcnften, \u00adTreffpunkten und Wetter<br \/>\n\u2022 Tipps zu sonstigen sportlichen und kulturellen Aktivit\u00e4ten, auch f\u00fcr<br \/>\nFamilienreisen<br \/>\n\u2022 uvm.<\/p>\n<p>Mit vielen Fotos, detaillierten Karten und beinahe 300 Seiten ist dieser<br \/>\nOutdoor-F\u00fchrer der Schl\u00fcssel f\u00fcr die fliegerischen Geheimnisse der ganzen<br \/>\nAlpenregion (gebundene Ausgabe).<\/p>\n<p>5. aktualis. u. erw. Auflage 2014<br \/>\n295 Seiten, fester Einband<\/p>","protected":false},"excerpt":{"rendered":"<p>Schweiz, Frankreich, \u00d6sterreich, Italien, Slowenien- f\u00fcr Gleitschirm- und Drachenflieger; Alles, was du f\u00fcr ein \u00adAbenteuer brauchst! Der kompetente Ratgeber zu den Fluggebieten in den Alpen. Die aktualisierte und \u00aderweiterte \u00ad5. \u00adNeuauflage des Standardwerks f\u00fcr alle \u00adGleitschirm- und \u00adDrachenflieger! Dieser Outdoor-F\u00fchrer beschreibt detailliert \u00adausgew\u00e4hlte \u00adFluggebiete der sechs \u00adAlpenl\u00e4nder: Deutschland, \u00d6sterreich, Slowenien, \u00adItalien, Schweiz und Frankreich. \u2022 [&#8230;]\n","protected":false},"featured_media":41262,"template":"","meta":[],"product_brand":[],"product_cat":[22064],"product_tag":[],"class_list":{"0":"post-149746","1":"product","2":"type-product","3":"status-publish","4":"has-post-thumbnail","6":"product_cat-gleitschirmbuecher","7":"pa_autor-guenay","8":"pa_erscheinungsjahr-21550","9":"pa_region-uebrigers-europa","10":"pa_sprache-de","12":"first","13":"outofstock","14":"taxable","15":"shipping-taxable","16":"purchasable","17":"product-type-simple"},"_links":{"self":[{"href":"https:\/\/pizbube.ch\/en\/wp-json\/wp\/v2\/product\/149746","targetHints":{"allow":["GET"]}}],"collection":[{"href":"https:\/\/pizbube.ch\/en\/wp-json\/wp\/v2\/product"}],"about":[{"href":"https:\/\/pizbube.ch\/en\/wp-json\/wp\/v2\/types\/product"}],"wp:featuredmedia":[{"embeddable":true,"href":"https:\/\/pizbube.ch\/en\/wp-json\/wp\/v2\/media\/41262"}],"wp:attachment":[{"href":"https:\/\/pizbube.ch\/en\/wp-json\/wp\/v2\/media?parent=149746"}],"wp:term":[{"taxonomy":"product_brand","embeddable":true,"href":"https:\/\/pizbube.ch\/en\/wp-json\/wp\/v2\/product_brand?post=149746"},{"taxonomy":"product_cat","embeddable":true,"href":"https:\/\/pizbube.ch\/en\/wp-json\/wp\/v2\/product_cat?post=149746"},{"taxonomy":"product_tag","embeddable":true,"href":"https:\/\/pizbube.ch\/en\/wp-json\/wp\/v2\/product_tag?post=149746"}],"curies":[{"name":"wp","href":"https:\/\/api.w.org\/{rel}","templated":true}]}}