{"id":149748,"date":"2021-01-15T11:00:38","date_gmt":"2021-01-15T11:00:38","guid":{"rendered":"https:\/\/codengine3.ch\/?product=import-placeholder-for-202823"},"modified":"2021-01-15T12:39:36","modified_gmt":"2021-01-15T12:39:36","slug":"paragliding-handbuch","status":"publish","type":"product","link":"https:\/\/pizbube.ch\/en\/shop\/paragliding-handbuch\/","title":{"rendered":"Paragliding Handbuch"},"content":{"rendered":"<p>Das unter Fachleuten bekannte Autorenduo begleitet den Leser auf seinem Weg<br \/>\nvom Anf\u00e4nger zum Paragliding-Profi. Von der Wahl der richtigen Flugschule,<br \/>\n\u00fcber die Beschreibung der Flugtechniken bis hin zu Kaufempfehlungen f\u00fcr<br \/>\nSchirme und Ausr\u00fcstung wird alles Wichtige vermittelt. Zus\u00e4tzlich geben die<br \/>\nAutoren Tipps zum Reisen mit dem Gleitschirm und stellen die sch\u00f6nsten<br \/>\nFluggebiete Europas vor. Es werden \u00fcber 50 Startpl\u00e4tze beschrieben. \u00dcber 60<br \/>\nFotos, Zeichnungen und Grafiken, durchgehend vierfarbig, Register,<br \/>\nGriffmarken,<br \/>\n160 Seiten. 2. aktual. Auflg.  <\/p>","protected":false},"excerpt":{"rendered":"<p>Das unter Fachleuten bekannte Autorenduo begleitet den Leser auf seinem Weg vom Anf\u00e4nger zum Paragliding-Profi. Von der Wahl der richtigen Flugschule, \u00fcber die Beschreibung der Flugtechniken bis hin zu Kaufempfehlungen f\u00fcr Schirme und Ausr\u00fcstung wird alles Wichtige vermittelt. Zus\u00e4tzlich geben die Autoren Tipps zum Reisen mit dem Gleitschirm und stellen die sch\u00f6nsten Fluggebiete Europas vor. [&#8230;]\n","protected":false},"featured_media":30270,"template":"","meta":[],"product_brand":[],"product_cat":[22064],"product_tag":[],"class_list":{"0":"post-149748","1":"product","2":"type-product","3":"status-publish","4":"has-post-thumbnail","6":"product_cat-gleitschirmbuecher","7":"pa_autor-knoller-stritzke","8":"pa_erscheinungsjahr-21842","9":"pa_region-orientierung-wetter-ausbildung","10":"pa_sprache-de","12":"first","13":"instock","14":"taxable","15":"shipping-taxable","16":"purchasable","17":"product-type-simple"},"_links":{"self":[{"href":"https:\/\/pizbube.ch\/en\/wp-json\/wp\/v2\/product\/149748","targetHints":{"allow":["GET"]}}],"collection":[{"href":"https:\/\/pizbube.ch\/en\/wp-json\/wp\/v2\/product"}],"about":[{"href":"https:\/\/pizbube.ch\/en\/wp-json\/wp\/v2\/types\/product"}],"wp:featuredmedia":[{"embeddable":true,"href":"https:\/\/pizbube.ch\/en\/wp-json\/wp\/v2\/media\/30270"}],"wp:attachment":[{"href":"https:\/\/pizbube.ch\/en\/wp-json\/wp\/v2\/media?parent=149748"}],"wp:term":[{"taxonomy":"product_brand","embeddable":true,"href":"https:\/\/pizbube.ch\/en\/wp-json\/wp\/v2\/product_brand?post=149748"},{"taxonomy":"product_cat","embeddable":true,"href":"https:\/\/pizbube.ch\/en\/wp-json\/wp\/v2\/product_cat?post=149748"},{"taxonomy":"product_tag","embeddable":true,"href":"https:\/\/pizbube.ch\/en\/wp-json\/wp\/v2\/product_tag?post=149748"}],"curies":[{"name":"wp","href":"https:\/\/api.w.org\/{rel}","templated":true}]}}