{"id":149749,"date":"2021-01-15T11:00:38","date_gmt":"2021-01-15T11:00:38","guid":{"rendered":"https:\/\/codengine3.ch\/?product=import-placeholder-for-207416"},"modified":"2024-11-29T10:04:14","modified_gmt":"2024-11-29T09:04:14","slug":"hike-fly-guide-berner-oberland","status":"publish","type":"product","link":"https:\/\/pizbube.ch\/en\/shop\/hike-fly-guide-berner-oberland\/","title":{"rendered":"Hike &amp; Fly Guide Berner Oberland"},"content":{"rendered":"<p>Der Guide beinhaltet 60 Vorschl\u00e4ge f\u00fcr Hike &amp; Fly, Climb &amp; Fly, Ski &amp; Fly und<br \/>\nFly to Ski-Touren im ganzen Berner Oberland vom Oldenhorn (Les Diablerets) bis<br \/>\nzum Sustenhorn, systematisch beschrieben und beurteilt nach Kriterien wie<br \/>\nZeitbedarf und H\u00f6henunterschied des Aufstiegs, Schwierigkeitsgrad des Start-<br \/>\nund Landeplatzes, Hangexposition, Positives, Negatives, Gefahrenhinweise,<br \/>\nHinweise auf Wildschutzgebiete sowie Wissenswertes.<\/p>\n<p>Die Touren k\u00f6nnen dabei auf topographischen Karten im Massstab 1:100 000 und<br \/>\nalle Start- und Landepl\u00e4tze auf Karten im Massstab von 1:25\u2018000 nachgeschlagen<br \/>\nwerden. Weiter verf\u00fcgt das Buch \u00fcber informative Kapitel wie<br \/>\nTourenvorbereitung, Hike &amp; Fly Praxistipps von Chrigel Maurer, Meteo<br \/>\n(insbesondere \u00fcber die lokalen Wetterph\u00e4nomene in den verschiedenen T\u00e4lern des<br \/>\nBerner Oberlandes) und Wildtierschutz. Als Auflockerung gibt es im Buch<br \/>\ndiverse Erlebnisberichte, unter anderem auch einen \u00fcber Roger\u2019s Schweiz<br \/>\nTraversierung per Hike &amp; Fly.<\/p>\n<p>Der Hike &amp; Fly Guide Berner Oberland hat 416 Seiten, 271 Abbildungen und 189<br \/>\nSwisstopo-Kartenausschnitte. Er dokumentiert 96 Start- und 38 Landepl\u00e4tze.<\/p>\n<p>The Guide is written in German and Englisch (in the same book).<\/p>","protected":false},"excerpt":{"rendered":"<ul>\n<li><a href=\"https:\/\/pizbube.ch\/wp-content\/uploads\/attachments\/a_024\/89B49F37DDEF2CCB37F34C2C722B3A75.pdf\" target=\"_blank\" rel=\"noopener\"><strong>PDF: Leseprobe_hike&amp;fly_BernerOberland<\/strong><\/a><\/li>\n<\/ul>","protected":false},"featured_media":163048,"template":"","meta":[],"product_brand":[],"product_cat":[22064],"product_tag":[],"class_list":{"0":"post-149749","1":"product","2":"type-product","3":"status-publish","4":"has-post-thumbnail","6":"product_cat-gleitschirmbuecher","7":"pa_autor-fischer","8":"pa_erscheinungsjahr-21586","9":"pa_region-schweiz","10":"pa_sprache-de-en","12":"first","13":"instock","14":"taxable","15":"shipping-taxable","16":"purchasable","17":"product-type-simple"},"_links":{"self":[{"href":"https:\/\/pizbube.ch\/en\/wp-json\/wp\/v2\/product\/149749","targetHints":{"allow":["GET"]}}],"collection":[{"href":"https:\/\/pizbube.ch\/en\/wp-json\/wp\/v2\/product"}],"about":[{"href":"https:\/\/pizbube.ch\/en\/wp-json\/wp\/v2\/types\/product"}],"wp:featuredmedia":[{"embeddable":true,"href":"https:\/\/pizbube.ch\/en\/wp-json\/wp\/v2\/media\/163048"}],"wp:attachment":[{"href":"https:\/\/pizbube.ch\/en\/wp-json\/wp\/v2\/media?parent=149749"}],"wp:term":[{"taxonomy":"product_brand","embeddable":true,"href":"https:\/\/pizbube.ch\/en\/wp-json\/wp\/v2\/product_brand?post=149749"},{"taxonomy":"product_cat","embeddable":true,"href":"https:\/\/pizbube.ch\/en\/wp-json\/wp\/v2\/product_cat?post=149749"},{"taxonomy":"product_tag","embeddable":true,"href":"https:\/\/pizbube.ch\/en\/wp-json\/wp\/v2\/product_tag?post=149749"}],"curies":[{"name":"wp","href":"https:\/\/api.w.org\/{rel}","templated":true}]}}