{"id":149751,"date":"2021-01-15T11:00:38","date_gmt":"2021-01-15T11:00:38","guid":{"rendered":"https:\/\/codengine3.ch\/?product=import-placeholder-for-202874"},"modified":"2021-01-15T12:40:06","modified_gmt":"2021-01-15T12:40:06","slug":"pilatus-2","status":"publish","type":"product","link":"https:\/\/pizbube.ch\/en\/shop\/pilatus-2\/","title":{"rendered":"Pilatus"},"content":{"rendered":"<p>Ein Geheimnis verbindet Jolan und K., ein Geheimnis, das die ungleichen<br \/>\nSchwestern aneinanderkettet und unerbittlich miteinander ringen l\u00e4\u00dft. Seit dem<br \/>\nr\u00e4tselhaften Verschwinden ihrer Mutter, die von einem gemeinsamen Bergausflug<br \/>\nmit Jolan nicht wiederkehrt, nimmt die Ha\u00dfliebe zwischen den Schwestern<br \/>\nbedenkliche Formen an. K. hat Jolan nie verziehen, um so weniger, als sie aus<br \/>\nihr nicht herausbekommt, was an jenem Oktobertag, der voller unguter<br \/>\nVorzeichen begann, eigentlich geschehen ist.<br \/>\nEinem Familienr\u00e4tsel gilt es auf die Spur zu kommen, das sich \u00fcber<br \/>\nGenerationen hinweg zu wiederholen scheint, w\u00e4hrend den M\u00e4nnern, bei denen<br \/>\nsich die Wege der Frauen kreuzen, meist nur die Flucht bleibt.<br \/>\nWie eine Berglandschaft von r\u00e4tselhafter und zugleich bestechend klarer<br \/>\nSch\u00f6nheit er\u00f6ffnet der Text immer neue Perspektiven auf die Abgr\u00fcnde und H\u00f6hen<br \/>\neines vielschichtigen Familiendramas und zieht die Lesenden magisch hinein in<br \/>\ndie Suche nach der Wahrheit jenes verh\u00e4ngnisvollen Bergtags.  <\/p>","protected":false},"excerpt":{"rendered":"<p>Ein Geheimnis verbindet Jolan und K., ein Geheimnis, das die ungleichen Schwestern aneinanderkettet und unerbittlich miteinander ringen l\u00e4\u00dft. Seit dem r\u00e4tselhaften Verschwinden ihrer Mutter, die von einem gemeinsamen Bergausflug mit Jolan nicht wiederkehrt, nimmt die Ha\u00dfliebe zwischen den Schwestern bedenkliche Formen an. K. hat Jolan nie verziehen, um so weniger, als sie aus ihr nicht [&#8230;]\n","protected":false},"featured_media":30340,"template":"","meta":[],"product_brand":[],"product_cat":[21629],"product_tag":[],"class_list":{"0":"post-149751","1":"product","2":"type-product","3":"status-publish","4":"has-post-thumbnail","6":"product_cat-belletristik","7":"pa_autor-viragh","8":"pa_erscheinungsjahr-22292","9":"pa_region-schweiz","10":"pa_sprache-de","12":"first","13":"instock","14":"taxable","15":"shipping-taxable","16":"purchasable","17":"product-type-simple"},"_links":{"self":[{"href":"https:\/\/pizbube.ch\/en\/wp-json\/wp\/v2\/product\/149751","targetHints":{"allow":["GET"]}}],"collection":[{"href":"https:\/\/pizbube.ch\/en\/wp-json\/wp\/v2\/product"}],"about":[{"href":"https:\/\/pizbube.ch\/en\/wp-json\/wp\/v2\/types\/product"}],"wp:featuredmedia":[{"embeddable":true,"href":"https:\/\/pizbube.ch\/en\/wp-json\/wp\/v2\/media\/30340"}],"wp:attachment":[{"href":"https:\/\/pizbube.ch\/en\/wp-json\/wp\/v2\/media?parent=149751"}],"wp:term":[{"taxonomy":"product_brand","embeddable":true,"href":"https:\/\/pizbube.ch\/en\/wp-json\/wp\/v2\/product_brand?post=149751"},{"taxonomy":"product_cat","embeddable":true,"href":"https:\/\/pizbube.ch\/en\/wp-json\/wp\/v2\/product_cat?post=149751"},{"taxonomy":"product_tag","embeddable":true,"href":"https:\/\/pizbube.ch\/en\/wp-json\/wp\/v2\/product_tag?post=149751"}],"curies":[{"name":"wp","href":"https:\/\/api.w.org\/{rel}","templated":true}]}}