{"id":149757,"date":"2021-01-15T11:00:38","date_gmt":"2021-01-15T11:00:38","guid":{"rendered":"https:\/\/codengine3.ch\/?product=import-placeholder-for-205996"},"modified":"2023-01-20T17:11:18","modified_gmt":"2023-01-20T16:11:18","slug":"ecuador-galapagos","status":"publish","type":"product","link":"https:\/\/pizbube.ch\/en\/shop\/ecuador-galapagos\/","title":{"rendered":"Ecuador &#8211; Galapagos"},"content":{"rendered":"<p>Die sch\u00f6nsten Wanderungen und Trekkingtouren &#8211; 58 Touren<\/p>\n<p>Ecuador, das kleine Land am \u00c4quator, ist an Abwechslung kaum zu \u00fcbertreffen:<br \/>\nMit wenigen Stunden Autofahrt bewegt man sich von der Pazifikk\u00fcste in die<br \/>\nBergwelt der Anden auf 5000 Meter H\u00f6he und wieder hinunter in die Tiefen des<br \/>\nAmazonasbeckens. Auch die Gal\u00e1pagos-Inseln sind in wenigen Flugstunden zu<br \/>\nerreichen. Ob man schneebedeckte Vulkankegel, tropischen Urwald oder endlose<br \/>\nSandstr\u00e4nde sucht: In Ecuador findet sich alles nahe beieinander.<\/p>\n<p>F\u00fcr alle, die Ecuador individuell bereisen wollen, bietet Autorin Sonja Henne,<br \/>\ndie viele Monate in Ecuador verbracht hat, eine vielf\u00e4ltige Auswahl an<br \/>\nWanderungen auf dem Festland sowie auf den Gal\u00e1pagos-Inseln: Mehrt\u00e4gige<br \/>\nTrekkingtouren f\u00fchren in wildromantische P\u00e1ramo-Landschaft, auf alten<br \/>\nInkawegen geht es in die Weiten menschenleerer Hochebenen. Auf \u00fcberwucherten<br \/>\nDschungelpfaden l\u00e4sst sich die faszinierende Flora Ecuadors erleben, mit ihren<br \/>\nOrchideen und Bromelien, den erstaunlichen Frailejones (Schopfrosetten) und<br \/>\nden riesigen Ceibo-B\u00e4umen. Auch Tageswanderungen werden vorgestellt,<br \/>\nabwechslungsreiche Touren f\u00fchren zu Br\u00fcllaffen oder Brillenb\u00e4ren. Auf kurzen<br \/>\nSpazierg\u00e4ngen lassen sich die K\u00fcsten und sogar die Hauptstadt Quito erobern.<\/p>\n<p>Highlights im wahrsten Sinn des Wortes sind anspruchsvolle Hochtouren auf<br \/>\nF\u00fcnf- und Sechstausender. Unter anderem geht es auf den Cotopaxi, den h\u00f6chsten<br \/>\naktiven Vulkan, und den \u00fcber 6000 Meter hohen Chimborazo.<\/p>\n<p>Jede Tourenbeschreibung wird durch ein Wanderk\u00e4rtchen mit eingetragenem<br \/>\nRoutenverlauf, ein H\u00f6henprofil und einen \u00fcbersichtlichen Tourensteckbrief mit<br \/>\nallen wichtigen Fakten erg\u00e4nzt, sodass einer optimalen Planung und<br \/>\nOrganisation des Wanderurlaubs nichts im Wege steht. Zahlreiche Fotos und<br \/>\nzus\u00e4tzliche Informationen zu Land und Leuten runden den Wanderf\u00fchrer ab.<\/p>\n<p>2. neu bearbeit. Auflage 2019; 240 Seiten mit 145 Farbabbildungen<br \/>\n58 H\u00f6henprofile, 58 Wanderk\u00e4rtchen im Ma\u00dfstab 1:50.000 \/ 1:75.000 \/ 1:150.000,<br \/>\nzwei \u00dcbersichtskarten, GPS-Daten zum Download<\/p>","protected":false},"excerpt":{"rendered":"<ul>\n<li><a href=\"https:\/\/pizbube.ch\/wp-content\/uploads\/attachments\/a_025\/957F51DEC2291D7582F441ED5825E456.pdf\" target=\"_blank\" rel=\"noopener\">PDF: Inhaltsverzeichnis_Ecuador.pdf<\/a><\/li>\n<\/ul>","protected":false},"featured_media":165744,"template":"","meta":[],"product_brand":[],"product_cat":[21605],"product_tag":[],"class_list":{"0":"post-149757","1":"product","2":"type-product","3":"status-publish","4":"has-post-thumbnail","6":"product_cat-wanderfuehrer-trekking","7":"pa_autor-henne","8":"pa_erscheinungsjahr-21586","9":"pa_region-amerika-sued","10":"pa_sprache-de","12":"first","13":"instock","14":"taxable","15":"shipping-taxable","16":"purchasable","17":"product-type-simple"},"_links":{"self":[{"href":"https:\/\/pizbube.ch\/en\/wp-json\/wp\/v2\/product\/149757","targetHints":{"allow":["GET"]}}],"collection":[{"href":"https:\/\/pizbube.ch\/en\/wp-json\/wp\/v2\/product"}],"about":[{"href":"https:\/\/pizbube.ch\/en\/wp-json\/wp\/v2\/types\/product"}],"wp:featuredmedia":[{"embeddable":true,"href":"https:\/\/pizbube.ch\/en\/wp-json\/wp\/v2\/media\/165744"}],"wp:attachment":[{"href":"https:\/\/pizbube.ch\/en\/wp-json\/wp\/v2\/media?parent=149757"}],"wp:term":[{"taxonomy":"product_brand","embeddable":true,"href":"https:\/\/pizbube.ch\/en\/wp-json\/wp\/v2\/product_brand?post=149757"},{"taxonomy":"product_cat","embeddable":true,"href":"https:\/\/pizbube.ch\/en\/wp-json\/wp\/v2\/product_cat?post=149757"},{"taxonomy":"product_tag","embeddable":true,"href":"https:\/\/pizbube.ch\/en\/wp-json\/wp\/v2\/product_tag?post=149757"}],"curies":[{"name":"wp","href":"https:\/\/api.w.org\/{rel}","templated":true}]}}