{"id":149759,"date":"2021-01-15T11:00:38","date_gmt":"2021-01-15T11:00:38","guid":{"rendered":"https:\/\/codengine3.ch\/?product=import-placeholder-for-205975"},"modified":"2025-02-01T14:43:05","modified_gmt":"2025-02-01T13:43:05","slug":"nevado-chimborazo-1-20000","status":"publish","type":"product","link":"https:\/\/pizbube.ch\/en\/shop\/nevado-chimborazo-1-20000\/","title":{"rendered":"Nevado Chimborazo 1: 20`000"},"content":{"rendered":"<p>Trekking \/ Orthophotokarte<br \/>\nCordillera Occidental, Ecuador<\/p>\n<p>Ma\u00dfstab 1 : 20 000<br \/>\nmit Stra\u00dfen, Pfaden, Fahrwegen, An- und Abstiegsrouten<br \/>\nst\u00e4ndige und episodische Wasserl\u00e4ufe<br \/>\nBodenbedeckung (permanente Schneefelder, Fels, &#8230;)<br \/>\nBergh\u00fctten, Geb\u00e4ude<br \/>\nH\u00f6henpunkte<br \/>\nH\u00f6henlinenabstand 25 m<br \/>\n100 m-H\u00f6henlinien verst\u00e4rkt<\/p>","protected":false},"excerpt":{"rendered":"<p>Trekking \/ Orthophotokarte Cordillera Occidental, Ecuador Ma\u00dfstab 1 : 20 000 mit Stra\u00dfen, Pfaden, Fahrwegen, An- und Abstiegsrouten st\u00e4ndige und episodische Wasserl\u00e4ufe Bodenbedeckung (permanente Schneefelder, Fels, &#8230;) Bergh\u00fctten, Geb\u00e4ude H\u00f6henpunkte H\u00f6henlinenabstand 25 m 100 m-H\u00f6henlinien verst\u00e4rkt<\/p>","protected":false},"featured_media":34842,"template":"","meta":[],"product_brand":[],"product_cat":[21543],"product_tag":[],"class_list":{"0":"post-149759","1":"product","2":"type-product","3":"status-publish","4":"has-post-thumbnail","6":"product_cat-landkarten","7":"pa_autor-arbeitsgemeinschaft-fuer-vergleichende-hochgebirgsforschung","8":"pa_erscheinungsjahr-21693","9":"pa_region-amerika-sued","10":"pa_sprache-d","11":"pa_sprache-e","12":"pa_sprache-sp","14":"first","15":"outofstock","16":"taxable","17":"shipping-taxable","18":"purchasable","19":"product-type-simple"},"_links":{"self":[{"href":"https:\/\/pizbube.ch\/en\/wp-json\/wp\/v2\/product\/149759","targetHints":{"allow":["GET"]}}],"collection":[{"href":"https:\/\/pizbube.ch\/en\/wp-json\/wp\/v2\/product"}],"about":[{"href":"https:\/\/pizbube.ch\/en\/wp-json\/wp\/v2\/types\/product"}],"wp:featuredmedia":[{"embeddable":true,"href":"https:\/\/pizbube.ch\/en\/wp-json\/wp\/v2\/media\/34842"}],"wp:attachment":[{"href":"https:\/\/pizbube.ch\/en\/wp-json\/wp\/v2\/media?parent=149759"}],"wp:term":[{"taxonomy":"product_brand","embeddable":true,"href":"https:\/\/pizbube.ch\/en\/wp-json\/wp\/v2\/product_brand?post=149759"},{"taxonomy":"product_cat","embeddable":true,"href":"https:\/\/pizbube.ch\/en\/wp-json\/wp\/v2\/product_cat?post=149759"},{"taxonomy":"product_tag","embeddable":true,"href":"https:\/\/pizbube.ch\/en\/wp-json\/wp\/v2\/product_tag?post=149759"}],"curies":[{"name":"wp","href":"https:\/\/api.w.org\/{rel}","templated":true}]}}