{"id":149760,"date":"2021-01-15T11:00:38","date_gmt":"2021-01-15T11:00:38","guid":{"rendered":"https:\/\/codengine3.ch\/?product=import-placeholder-for-202358"},"modified":"2021-01-15T12:35:36","modified_gmt":"2021-01-15T12:35:36","slug":"bergfuehrer-ecuador","status":"publish","type":"product","link":"https:\/\/pizbube.ch\/en\/shop\/bergfuehrer-ecuador\/","title":{"rendered":"Bergf\u00fchrer Ecuador"},"content":{"rendered":"<p>Wanderungen um Quito, Trekking Touren, Bergtouren, Kletterberge,<br \/>\nDschungelberge: exakte Angaben zu jeder Tour \u00fcber Anfahrt, Aufstieg und<br \/>\nAbstieg. Hintergrundinformationen zu Andinismus, Geologie, Fauna und Flora.<br \/>\nAktuelle Adressen, Fotos, sketch maps und Skizzen  <\/p>\n<p>Grandiose Berge und katastophale Informationen. Schon bei seinem ersten langen<br \/>\nAufenthalt in Ecuador tr\u00e4umte G\u00fcnter Schmudlach ein ums andere mal von einem<br \/>\ninformativen und genauen Bergf\u00fchrer f\u00fcr das Land am \u00c4quator. Einige Besuche<br \/>\nsp\u00e4ter nahm er die Sache dann einfach selbst in die Hand und lie\u00df seinen Traum<br \/>\nmit Schweizer Gr\u00fcndlichkeit und Pr\u00e4zision wahr werden: umfassend, mit vielen<br \/>\nZusatzinformationen und in der v\u00f6llig \u00fcberarbeiteten dritten Auflage jetzt<br \/>\nkomplett vierfarbig. F\u00fcr jeden Ecuador-Reisenden &#8211; und f\u00fcr Bergsteiger im<br \/>\nspeziellen &#8211; f\u00fchrt an diesem Buch definitiv kein Weg vorbei.<br \/>\n3. Auflage 2009, 328 Seiten.<\/p>","protected":false},"excerpt":{"rendered":"<ul>\n<li><a href=\"https:\/\/pizbube.ch\/wp-content\/uploads\/attachments\/a_025\/92C685CA087C27A13294D6A071E2A069.pdf\" target=\"_blank\" rel=\"noopener\">PDF: Ecuador Leseprobe<\/a><\/li>\n<\/ul>","protected":false},"featured_media":29738,"template":"","meta":[],"product_brand":[],"product_cat":[21544],"product_tag":[],"class_list":{"0":"post-149760","1":"product","2":"type-product","3":"status-publish","4":"has-post-thumbnail","6":"product_cat-fuehrerliteratur-alpin-sommer","7":"pa_autor-schmudlach","8":"pa_erscheinungsjahr-21693","9":"pa_region-amerika-sued","10":"pa_sprache-de","12":"first","13":"instock","14":"taxable","15":"shipping-taxable","16":"purchasable","17":"product-type-simple"},"_links":{"self":[{"href":"https:\/\/pizbube.ch\/en\/wp-json\/wp\/v2\/product\/149760","targetHints":{"allow":["GET"]}}],"collection":[{"href":"https:\/\/pizbube.ch\/en\/wp-json\/wp\/v2\/product"}],"about":[{"href":"https:\/\/pizbube.ch\/en\/wp-json\/wp\/v2\/types\/product"}],"wp:featuredmedia":[{"embeddable":true,"href":"https:\/\/pizbube.ch\/en\/wp-json\/wp\/v2\/media\/29738"}],"wp:attachment":[{"href":"https:\/\/pizbube.ch\/en\/wp-json\/wp\/v2\/media?parent=149760"}],"wp:term":[{"taxonomy":"product_brand","embeddable":true,"href":"https:\/\/pizbube.ch\/en\/wp-json\/wp\/v2\/product_brand?post=149760"},{"taxonomy":"product_cat","embeddable":true,"href":"https:\/\/pizbube.ch\/en\/wp-json\/wp\/v2\/product_cat?post=149760"},{"taxonomy":"product_tag","embeddable":true,"href":"https:\/\/pizbube.ch\/en\/wp-json\/wp\/v2\/product_tag?post=149760"}],"curies":[{"name":"wp","href":"https:\/\/api.w.org\/{rel}","templated":true}]}}