{"id":149762,"date":"2021-01-15T11:00:39","date_gmt":"2021-01-15T11:00:39","guid":{"rendered":"https:\/\/codengine3.ch\/?product=import-placeholder-for-200767"},"modified":"2024-03-26T11:25:45","modified_gmt":"2024-03-26T10:25:45","slug":"generalkarte-der-schweiz-1-300-000","status":"publish","type":"product","link":"https:\/\/pizbube.ch\/en\/shop\/generalkarte-der-schweiz-1-300-000\/","title":{"rendered":"Generalkarte der Schweiz 1: 300 000"},"content":{"rendered":"<p>Die ganze Schweiz auf einem Kartenblatt- Ideal um die Gipfel zu erkl\u00e4ren!<\/p>\n<p>Die genauste \u00dcbersichtskarte der Schweiz f\u00fcr Wanderer, Bergsteiger,<br \/>\nBahnreisende sowie Entdecker.<\/p>\n<p>Vollst\u00e4ndiges Eisenbahnnetz, alle Autobahnen, Autostrassen, Durchgangs- und<br \/>\nVerbindungsstrassen.<br \/>\nGute Siedlungs- und Gel\u00e4ndedarstellung.<br \/>\nNamen der wichtigen Objekte.<br \/>\nDie ganze Schweiz und das angrenzende Ausland auf 1 Blatt.<\/p>\n<p>**Gefalzt und ungefalzt (zus\u00e4tzlich CHF 9.00) lieferbar.**<\/p>","protected":false},"excerpt":{"rendered":"<p>Die ganze Schweiz auf einem Kartenblatt- Ideal um die Gipfel zu erkl\u00e4ren! Die genauste \u00dcbersichtskarte der Schweiz f\u00fcr Wanderer, Bergsteiger, Bahnreisende sowie Entdecker. Vollst\u00e4ndiges Eisenbahnnetz, alle Autobahnen, Autostrassen, Durchgangs- und Verbindungsstrassen. Gute Siedlungs- und Gel\u00e4ndedarstellung. Namen der wichtigen Objekte. Die ganze Schweiz und das angrenzende Ausland auf 1 Blatt. **Gefalzt und ungefalzt (zus\u00e4tzlich CHF 9.00) [&#8230;]\n","protected":false},"featured_media":172208,"template":"","meta":[],"product_brand":[],"product_cat":[21543],"product_tag":[],"class_list":{"0":"post-149762","1":"product","2":"type-product","3":"status-publish","4":"has-post-thumbnail","6":"product_cat-landkarten","7":"pa_autor-landestopografie","8":"pa_erscheinungsjahr-27339","9":"pa_region-schweiz","10":"pa_sprache-de","12":"first","13":"instock","14":"taxable","15":"shipping-taxable","16":"purchasable","17":"product-type-simple"},"_links":{"self":[{"href":"https:\/\/pizbube.ch\/en\/wp-json\/wp\/v2\/product\/149762","targetHints":{"allow":["GET"]}}],"collection":[{"href":"https:\/\/pizbube.ch\/en\/wp-json\/wp\/v2\/product"}],"about":[{"href":"https:\/\/pizbube.ch\/en\/wp-json\/wp\/v2\/types\/product"}],"wp:featuredmedia":[{"embeddable":true,"href":"https:\/\/pizbube.ch\/en\/wp-json\/wp\/v2\/media\/172208"}],"wp:attachment":[{"href":"https:\/\/pizbube.ch\/en\/wp-json\/wp\/v2\/media?parent=149762"}],"wp:term":[{"taxonomy":"product_brand","embeddable":true,"href":"https:\/\/pizbube.ch\/en\/wp-json\/wp\/v2\/product_brand?post=149762"},{"taxonomy":"product_cat","embeddable":true,"href":"https:\/\/pizbube.ch\/en\/wp-json\/wp\/v2\/product_cat?post=149762"},{"taxonomy":"product_tag","embeddable":true,"href":"https:\/\/pizbube.ch\/en\/wp-json\/wp\/v2\/product_tag?post=149762"}],"curies":[{"name":"wp","href":"https:\/\/api.w.org\/{rel}","templated":true}]}}