{"id":149763,"date":"2021-01-15T11:00:39","date_gmt":"2021-01-15T11:00:39","guid":{"rendered":"https:\/\/codengine3.ch\/?product=import-placeholder-for-203100"},"modified":"2021-01-15T12:54:07","modified_gmt":"2021-01-15T12:54:07","slug":"pioniere-der-alpentopografie","status":"publish","type":"product","link":"https:\/\/pizbube.ch\/en\/shop\/pioniere-der-alpentopografie\/","title":{"rendered":"Pioniere der Alpentopografie"},"content":{"rendered":"<p>Die Geschichte des Alpinismus ist auch eine Geschichte der Topografie: Viele<br \/>\nErstbesteigungen der Alpengipfel waren von der Absicht motiviert, die Bergwelt<br \/>\ntopografisch zu erfassen und meteorologische, physikalische und geologische<br \/>\nBeobachtungen zu erm\u00f6glichen.<br \/>\nIn Pioniere der Alpentopografie stellt Paul Caminada \u2013 reich illustriert und<br \/>\nmit einem ausf\u00fchrlichen Anmerkungs- und Quellenapparat versehen \u2013 die Anf\u00e4nge<br \/>\nder Schweizer Topografie und ihre Entwicklung bis in die ersten Jahrzehnte des<br \/>\n20. Jahrhunderts dar, also bis in die Zeit, als Vermessungsflugzeuge die<br \/>\nLandgeometer abzul\u00f6sen begannen.<br \/>\nDabei liegt der Schwerpunkt auf den ersten beiden nationalen Kartenwerken der<br \/>\nSchweiz, der Dufourkarte, die zwischen 1844 und 1864 erschien, und dem<br \/>\nSiegfriedatlas, der zwischen 1868 und etwa 1950 entstand; die Darstellung<br \/>\nbeginnt aber schon im Sp\u00e4tmittelalter und widmet sich ausf\u00fchrlich den fr\u00fchen<br \/>\nReliefpl\u00e4nen und Kartenwerken der Schweiz. Die Arbeitsinstrumente der<br \/>\nTopografen werden ebenso vorgestellt wie \u2013 in 275 Kurzbiografien \u2013 die<br \/>\nwichtigen Pers\u00f6nlichkeiten und ihre Leistungen.  <\/p>","protected":false},"excerpt":{"rendered":"<p>Die Geschichte des Alpinismus ist auch eine Geschichte der Topografie: Viele Erstbesteigungen der Alpengipfel waren von der Absicht motiviert, die Bergwelt topografisch zu erfassen und meteorologische, physikalische und geologische Beobachtungen zu erm\u00f6glichen. In Pioniere der Alpentopografie stellt Paul Caminada \u2013 reich illustriert und mit einem ausf\u00fchrlichen Anmerkungs- und Quellenapparat versehen \u2013 die Anf\u00e4nge der Schweizer [&#8230;]\n","protected":false},"featured_media":30630,"template":"","meta":[],"product_brand":[],"product_cat":[21542],"product_tag":[],"class_list":{"0":"post-149763","1":"product","2":"type-product","3":"status-publish","4":"has-post-thumbnail","6":"product_cat-sachbuecher-dokumentationen","7":"pa_autor-caminada","8":"pa_erscheinungsjahr-22292","9":"pa_region-schweiz","10":"pa_sprache-de","12":"first","13":"outofstock","14":"taxable","15":"shipping-taxable","16":"purchasable","17":"product-type-simple"},"_links":{"self":[{"href":"https:\/\/pizbube.ch\/en\/wp-json\/wp\/v2\/product\/149763","targetHints":{"allow":["GET"]}}],"collection":[{"href":"https:\/\/pizbube.ch\/en\/wp-json\/wp\/v2\/product"}],"about":[{"href":"https:\/\/pizbube.ch\/en\/wp-json\/wp\/v2\/types\/product"}],"wp:featuredmedia":[{"embeddable":true,"href":"https:\/\/pizbube.ch\/en\/wp-json\/wp\/v2\/media\/30630"}],"wp:attachment":[{"href":"https:\/\/pizbube.ch\/en\/wp-json\/wp\/v2\/media?parent=149763"}],"wp:term":[{"taxonomy":"product_brand","embeddable":true,"href":"https:\/\/pizbube.ch\/en\/wp-json\/wp\/v2\/product_brand?post=149763"},{"taxonomy":"product_cat","embeddable":true,"href":"https:\/\/pizbube.ch\/en\/wp-json\/wp\/v2\/product_cat?post=149763"},{"taxonomy":"product_tag","embeddable":true,"href":"https:\/\/pizbube.ch\/en\/wp-json\/wp\/v2\/product_tag?post=149763"}],"curies":[{"name":"wp","href":"https:\/\/api.w.org\/{rel}","templated":true}]}}