{"id":149765,"date":"2021-01-15T11:00:39","date_gmt":"2021-01-15T11:00:39","guid":{"rendered":"https:\/\/codengine3.ch\/?product=import-placeholder-for-200770"},"modified":"2021-01-15T11:00:47","modified_gmt":"2021-01-15T11:00:47","slug":"luftfahrtkarte-icao-1-500-000","status":"publish","type":"product","link":"https:\/\/pizbube.ch\/en\/shop\/luftfahrtkarte-icao-1-500-000\/","title":{"rendered":"Luftfahrtkarte ICAO 1: 500 000"},"content":{"rendered":"<p>Flugh\u00e4fen und Flugpl\u00e4tze. Luftr\u00e4ume mit Klassierung. Sperr- und<br \/>\nGefahrengebiete. Hindernisse. Flugsicherungsangaben. Liste mit Frequenzen. 1:<br \/>\n500 000<\/p>","protected":false},"excerpt":{"rendered":"<p>Flugh\u00e4fen und Flugpl\u00e4tze. Luftr\u00e4ume mit Klassierung. Sperr- und Gefahrengebiete. Hindernisse. Flugsicherungsangaben. Liste mit Frequenzen. 1: 500 000<\/p>","protected":false},"featured_media":27825,"template":"","meta":[],"product_brand":[],"product_cat":[21543],"product_tag":[],"class_list":{"0":"post-149765","1":"product","2":"type-product","3":"status-publish","4":"has-post-thumbnail","6":"product_cat-landkarten","7":"pa_autor-landestopografie","8":"pa_erscheinungsjahr-21776","9":"pa_region-schweiz","10":"pa_sprache-de","12":"first","13":"instock","14":"taxable","15":"shipping-taxable","16":"purchasable","17":"product-type-simple"},"_links":{"self":[{"href":"https:\/\/pizbube.ch\/en\/wp-json\/wp\/v2\/product\/149765","targetHints":{"allow":["GET"]}}],"collection":[{"href":"https:\/\/pizbube.ch\/en\/wp-json\/wp\/v2\/product"}],"about":[{"href":"https:\/\/pizbube.ch\/en\/wp-json\/wp\/v2\/types\/product"}],"wp:featuredmedia":[{"embeddable":true,"href":"https:\/\/pizbube.ch\/en\/wp-json\/wp\/v2\/media\/27825"}],"wp:attachment":[{"href":"https:\/\/pizbube.ch\/en\/wp-json\/wp\/v2\/media?parent=149765"}],"wp:term":[{"taxonomy":"product_brand","embeddable":true,"href":"https:\/\/pizbube.ch\/en\/wp-json\/wp\/v2\/product_brand?post=149765"},{"taxonomy":"product_cat","embeddable":true,"href":"https:\/\/pizbube.ch\/en\/wp-json\/wp\/v2\/product_cat?post=149765"},{"taxonomy":"product_tag","embeddable":true,"href":"https:\/\/pizbube.ch\/en\/wp-json\/wp\/v2\/product_tag?post=149765"}],"curies":[{"name":"wp","href":"https:\/\/api.w.org\/{rel}","templated":true}]}}