{"id":149777,"date":"2021-01-15T11:00:44","date_gmt":"2021-01-15T11:00:44","guid":{"rendered":"https:\/\/codengine3.ch\/?product=import-placeholder-for-200773"},"modified":"2025-04-12T09:55:03","modified_gmt":"2025-04-12T07:55:03","slug":"tabacco-topografische-karten-125-000-blaetter-01-bis-072","status":"publish","type":"product","link":"https:\/\/pizbube.ch\/en\/shop\/tabacco-topografische-karten-125-000-blaetter-01-bis-072\/","title":{"rendered":"Tabacco Topografische Karten 1:25 000; Bl\u00e4tter 01 bis 081"},"content":{"rendered":"<p>Vom Ortler \u00fcber S\u00fcdtirol (Dolomiten) bis Tarvisiano;<br \/>\nDie besten Landkarten f\u00fcr S\u00fcdtirol \/ Dolomiten<\/p>\n<p>Blattschnitt siehe 2. Bild nach cover<\/p>\n<p><strong>Bitte Blattnummern am Ende des Bestellungsvorganges (\u201eAbschluss\u201c der <\/strong><strong>Bestellung) unter<\/strong><br \/>\n<strong>\u201eZus\u00e4tzliche Angaben\u201c eingeben!<\/strong><\/p>\n<p>&nbsp;<\/p>\n<p>Carte topografiche per escursionisti realizzate con<br \/>\nun dettaglio estremo con sentieri del C.A.I., vie<br \/>\nferrate, itinerari scialpinistici e rifugi. Fogli con reticolo<br \/>\nchilometrico U.T.M. e fogli con itinerari scialpinistici.<\/p>","protected":false},"excerpt":{"rendered":"<p>Vom Ortler \u00fcber S\u00fcdtirol (Dolomiten) bis Tarvisiano; Die besten Landkarten f\u00fcr S\u00fcdtirol \/ Dolomiten Blattschnitt siehe 2. Bild nach cover Bitte Blattnummern am Ende des Bestellungsvorganges (\u201eAbschluss\u201c der Bestellung) unter \u201eZus\u00e4tzliche Angaben\u201c eingeben! &nbsp; Carte topografiche per escursionisti realizzate con un dettaglio estremo con sentieri del C.A.I., vie ferrate, itinerari scialpinistici e rifugi. Fogli con [&#8230;]\n","protected":false},"featured_media":163132,"template":"","meta":[],"product_brand":[],"product_cat":[21543],"product_tag":[],"class_list":{"0":"post-149777","1":"product","2":"type-product","3":"status-publish","4":"has-post-thumbnail","6":"product_cat-landkarten","7":"pa_autor-tabacco","8":"pa_region-italien","9":"pa_sprache-de-it","11":"first","12":"instock","13":"taxable","14":"shipping-taxable","15":"purchasable","16":"product-type-simple"},"_links":{"self":[{"href":"https:\/\/pizbube.ch\/en\/wp-json\/wp\/v2\/product\/149777","targetHints":{"allow":["GET"]}}],"collection":[{"href":"https:\/\/pizbube.ch\/en\/wp-json\/wp\/v2\/product"}],"about":[{"href":"https:\/\/pizbube.ch\/en\/wp-json\/wp\/v2\/types\/product"}],"wp:featuredmedia":[{"embeddable":true,"href":"https:\/\/pizbube.ch\/en\/wp-json\/wp\/v2\/media\/163132"}],"wp:attachment":[{"href":"https:\/\/pizbube.ch\/en\/wp-json\/wp\/v2\/media?parent=149777"}],"wp:term":[{"taxonomy":"product_brand","embeddable":true,"href":"https:\/\/pizbube.ch\/en\/wp-json\/wp\/v2\/product_brand?post=149777"},{"taxonomy":"product_cat","embeddable":true,"href":"https:\/\/pizbube.ch\/en\/wp-json\/wp\/v2\/product_cat?post=149777"},{"taxonomy":"product_tag","embeddable":true,"href":"https:\/\/pizbube.ch\/en\/wp-json\/wp\/v2\/product_tag?post=149777"}],"curies":[{"name":"wp","href":"https:\/\/api.w.org\/{rel}","templated":true}]}}