{"id":149778,"date":"2021-01-15T11:00:44","date_gmt":"2021-01-15T11:00:44","guid":{"rendered":"https:\/\/codengine3.ch\/?product=import-placeholder-for-201177"},"modified":"2021-01-15T11:59:11","modified_gmt":"2021-01-15T11:59:11","slug":"igc-wanderkarten-1-25-000-blatt-101-bis-114","status":"publish","type":"product","link":"https:\/\/pizbube.ch\/en\/shop\/igc-wanderkarten-1-25-000-blatt-101-bis-114\/","title":{"rendered":"IGC Wanderkarten 1: 25 000; Blatt 101 bis 114"},"content":{"rendered":"<p>\nVon der S\u00fcdseite Monte Rosa \u00fcber Gran Paradiso \u00fcbers Piemont bis ans<br \/>\nMittelmeer&#8230;<\/p>\n<p>Bitte Blattnummern am Ende des Bestellungsvorganges (\u201eAbschluss\u201c der<br \/>\nBestellung) unter<br \/>\n\u201eZus\u00e4tzliche Angaben\u201c eingeben!  <\/p>\n<p>**Blatteinteilung siehe untenstehend unter \u201eText\u201c**<\/p>","protected":false},"excerpt":{"rendered":"<p>Von der S\u00fcdseite Monte Rosa \u00fcber Gran Paradiso \u00fcbers Piemont bis ans Mittelmeer&#8230; Bitte Blattnummern am Ende des Bestellungsvorganges (\u201eAbschluss\u201c der Bestellung) unter \u201eZus\u00e4tzliche Angaben\u201c eingeben! **Blatteinteilung siehe untenstehend unter \u201eText\u201c**<\/p>","protected":false},"featured_media":26471,"template":"","meta":[],"product_brand":[],"product_cat":[21543],"product_tag":[],"class_list":{"0":"post-149778","1":"product","2":"type-product","3":"status-publish","4":"has-post-thumbnail","6":"product_cat-landkarten","7":"pa_autor-igc-torino","8":"pa_region-italien","9":"pa_sprache-it-de","11":"first","12":"instock","13":"taxable","14":"shipping-taxable","15":"purchasable","16":"product-type-simple"},"_links":{"self":[{"href":"https:\/\/pizbube.ch\/en\/wp-json\/wp\/v2\/product\/149778","targetHints":{"allow":["GET"]}}],"collection":[{"href":"https:\/\/pizbube.ch\/en\/wp-json\/wp\/v2\/product"}],"about":[{"href":"https:\/\/pizbube.ch\/en\/wp-json\/wp\/v2\/types\/product"}],"wp:featuredmedia":[{"embeddable":true,"href":"https:\/\/pizbube.ch\/en\/wp-json\/wp\/v2\/media\/26471"}],"wp:attachment":[{"href":"https:\/\/pizbube.ch\/en\/wp-json\/wp\/v2\/media?parent=149778"}],"wp:term":[{"taxonomy":"product_brand","embeddable":true,"href":"https:\/\/pizbube.ch\/en\/wp-json\/wp\/v2\/product_brand?post=149778"},{"taxonomy":"product_cat","embeddable":true,"href":"https:\/\/pizbube.ch\/en\/wp-json\/wp\/v2\/product_cat?post=149778"},{"taxonomy":"product_tag","embeddable":true,"href":"https:\/\/pizbube.ch\/en\/wp-json\/wp\/v2\/product_tag?post=149778"}],"curies":[{"name":"wp","href":"https:\/\/api.w.org\/{rel}","templated":true}]}}