{"id":149779,"date":"2021-01-15T11:00:45","date_gmt":"2021-01-15T11:00:45","guid":{"rendered":"https:\/\/codengine3.ch\/?product=import-placeholder-for-202975"},"modified":"2026-02-05T09:45:55","modified_gmt":"2026-02-05T08:45:55","slug":"ortles-ortler-1-25000","status":"publish","type":"product","link":"https:\/\/pizbube.ch\/en\/shop\/ortles-ortler-1-25000\/","title":{"rendered":"Ortler, Cevedale, Suldental, Valfurva 1: 25&#8217;000"},"content":{"rendered":"<p>Ortler, Cevedale, Suldental, Valfurva. 1:25&#8217;000<br \/>\nWanderkarte 1: 25 000; mit Kompass Lexikon (Blatt 077).<\/p>\n<p>3in1 Wanderkarte 1:25000 mit Aktiv Guide inklusive Karte zur offline<br \/>\nVerwendung<\/p>\n<p><span class=\"value\">Die 3in1 Wanderkarte ist jetzt noch \u00fcbersichtlicher und besser lesbar. Der Aktiv Guide informiert Sie rund um das Thema Outdoor und die kostenlose App f\u00fcr unterwegs gibt es auch noch dazu. Das bildet die perfekte Grundlage f\u00fcr die Planung einer Wandertour. Die pr\u00e4zise Kartografie zeigt alle begehbaren Wanderwege inklusive Klassifizierung. Informationen wie Schwimmb\u00e4der, Klettersteige, Kinderspielpl\u00e4tze, H\u00fctten und vieles mehr sind in der Karte ebenfalls enthalten. Dank der rei\u00df- und wetterfesten Papierqualit\u00e4t ist die Karte bei jedem Wetter ein treuer Begleiter.<\/span><\/p>","protected":false},"excerpt":{"rendered":"<p>Ortler, Cevedale, Suldental, Valfurva. 1:25&#8217;000 Wanderkarte 1: 25 000; mit Kompass Lexikon (Blatt 077). 3in1 Wanderkarte 1:25000 mit Aktiv Guide inklusive Karte zur offline Verwendung Die 3in1 Wanderkarte ist jetzt noch \u00fcbersichtlicher und besser lesbar. Der Aktiv Guide informiert Sie rund um das Thema Outdoor und die kostenlose App f\u00fcr unterwegs gibt es auch noch [&#8230;]\n","protected":false},"featured_media":168885,"template":"","meta":[],"product_brand":[],"product_cat":[21543],"product_tag":[],"class_list":{"0":"post-149779","1":"product","2":"type-product","3":"status-publish","4":"has-post-thumbnail","6":"product_cat-landkarten","7":"pa_autor-kompass","8":"pa_erscheinungsjahr-27013","9":"pa_region-italien","10":"pa_sprache-de-it","12":"first","13":"instock","14":"taxable","15":"shipping-taxable","16":"purchasable","17":"product-type-simple"},"_links":{"self":[{"href":"https:\/\/pizbube.ch\/en\/wp-json\/wp\/v2\/product\/149779","targetHints":{"allow":["GET"]}}],"collection":[{"href":"https:\/\/pizbube.ch\/en\/wp-json\/wp\/v2\/product"}],"about":[{"href":"https:\/\/pizbube.ch\/en\/wp-json\/wp\/v2\/types\/product"}],"wp:featuredmedia":[{"embeddable":true,"href":"https:\/\/pizbube.ch\/en\/wp-json\/wp\/v2\/media\/168885"}],"wp:attachment":[{"href":"https:\/\/pizbube.ch\/en\/wp-json\/wp\/v2\/media?parent=149779"}],"wp:term":[{"taxonomy":"product_brand","embeddable":true,"href":"https:\/\/pizbube.ch\/en\/wp-json\/wp\/v2\/product_brand?post=149779"},{"taxonomy":"product_cat","embeddable":true,"href":"https:\/\/pizbube.ch\/en\/wp-json\/wp\/v2\/product_cat?post=149779"},{"taxonomy":"product_tag","embeddable":true,"href":"https:\/\/pizbube.ch\/en\/wp-json\/wp\/v2\/product_tag?post=149779"}],"curies":[{"name":"wp","href":"https:\/\/api.w.org\/{rel}","templated":true}]}}