{"id":149780,"date":"2021-01-15T11:00:45","date_gmt":"2021-01-15T11:00:45","guid":{"rendered":"https:\/\/codengine3.ch\/?product=import-placeholder-for-200778"},"modified":"2025-04-04T09:27:57","modified_gmt":"2025-04-04T07:27:57","slug":"alpenvereinskarten-1-25-000-1-50-000-skirouten-oder-sommer","status":"publish","type":"product","link":"https:\/\/pizbube.ch\/en\/shop\/alpenvereinskarten-1-25-000-1-50-000-skirouten-oder-sommer\/","title":{"rendered":"Alpenvereinskarten 1: 25 000 \/ 1: 50 000 ; Skirouten oder Sommer"},"content":{"rendered":"<p class=\"text-lg\">Die klassische AV-Kartenserie ist ein Gemeinschaftprojekt des Deutschen und des \u00d6sterreichischen Alpenvereins und \u00fcberzeugt seit 1865 durch hohe Genauigkeit, \u00e4u\u00dferst detaillierte Gel\u00e4nde- und Felsdarstellung sowie ihre hohe Aktualit\u00e4t.<\/p>\n<p>Zumeist im Ma\u00dfstab 1:25 000 gehalten, decken die Karten nahezu s\u00e4mtliche, f\u00fcr Wanderer und Bergsteiger interessanten Gebiete der Alpen ab und sind mit Recht seit Jahrzehnten eine Referenz f\u00fcr topografische Alpinkarten und somit erste Wahl f\u00fcr alle Wanderer, Bergsteiger, Mountainbiker und Skitourengeher.<\/p>\n<p class=\"padding-top-1x\">Produktinformationen:<\/p>\n<ul>\n<li>hohe Genauigkeit (meist im Ma\u00dfstab 1:25.000)<\/li>\n<li>detaillierte Gel\u00e4nde- und Felsdarstellung<\/li>\n<li>abgestimmte Einteilung mit \u00fcberlappenden Kartenbl\u00e4ttern<\/li>\n<li>Schwerpunkt auf alpine Hochgebirgsregionen<\/li>\n<li>\u00dcberpr\u00fcfung der Karten im Gel\u00e4nde durch Kartografen<\/li>\n<li>unterschiedliche Ausgaben (WEG, SKI, WEG\/SKI) f\u00fcr Sommer- und Wintertouren<\/li>\n<li>UTM-Gitter<\/li>\n<\/ul>\n<p>Allg\u00e4u, \u00d6tztal, Stubaier Alpen, Sellrain, Zillertal, Grossglockner, Hohe<br \/>\nTauern, Salzburger Alpen, Karwendel; Brenta; Sella&#8230;<\/p>\n<p><strong>**Bitte Blattnummern am Ende des Bestellungsvorganges (\u201eAbschluss\u201c der<\/strong><br \/>\n<strong>Bestellung) unter**<\/strong><br \/>\n<strong>**\u201eZus\u00e4tzliche Angaben\u201c eingeben!**<\/strong><\/p>\n<p>Blatteinteilung siehe <strong><a href=\"https:\/\/pizbube.ch\/wp-content\/uploads\/attachments\/a_004\/3DDFB64FBA80DD3664510B52C475598F.pdf\" target=\"_blank\" rel=\"noopener\">PDF<\/a><\/strong><\/p>","protected":false},"excerpt":{"rendered":"<ul>\n<li><strong><a href=\"https:\/\/pizbube.ch\/wp-content\/uploads\/attachments\/a_004\/3DDFB64FBA80DD3664510B52C475598F.pdf\" target=\"_blank\" rel=\"noopener\">PDF: Blattschnitt \/ \u00dcbersicht Alpenvereinskarten <\/a><\/strong><\/li>\n<\/ul>","protected":false},"featured_media":160679,"template":"","meta":[],"product_brand":[],"product_cat":[21543],"product_tag":[],"class_list":{"0":"post-149780","1":"product","2":"type-product","3":"status-publish","4":"has-post-thumbnail","6":"product_cat-landkarten","7":"pa_autor-alpenverein","8":"pa_region-oesterreich","9":"pa_sprache-de","11":"first","12":"instock","13":"taxable","14":"shipping-taxable","15":"purchasable","16":"product-type-simple"},"_links":{"self":[{"href":"https:\/\/pizbube.ch\/en\/wp-json\/wp\/v2\/product\/149780","targetHints":{"allow":["GET"]}}],"collection":[{"href":"https:\/\/pizbube.ch\/en\/wp-json\/wp\/v2\/product"}],"about":[{"href":"https:\/\/pizbube.ch\/en\/wp-json\/wp\/v2\/types\/product"}],"wp:featuredmedia":[{"embeddable":true,"href":"https:\/\/pizbube.ch\/en\/wp-json\/wp\/v2\/media\/160679"}],"wp:attachment":[{"href":"https:\/\/pizbube.ch\/en\/wp-json\/wp\/v2\/media?parent=149780"}],"wp:term":[{"taxonomy":"product_brand","embeddable":true,"href":"https:\/\/pizbube.ch\/en\/wp-json\/wp\/v2\/product_brand?post=149780"},{"taxonomy":"product_cat","embeddable":true,"href":"https:\/\/pizbube.ch\/en\/wp-json\/wp\/v2\/product_cat?post=149780"},{"taxonomy":"product_tag","embeddable":true,"href":"https:\/\/pizbube.ch\/en\/wp-json\/wp\/v2\/product_tag?post=149780"}],"curies":[{"name":"wp","href":"https:\/\/api.w.org\/{rel}","templated":true}]}}