{"id":149782,"date":"2021-01-15T11:00:45","date_gmt":"2021-01-15T11:00:45","guid":{"rendered":"https:\/\/codengine3.ch\/?product=import-placeholder-for-203074"},"modified":"2021-01-15T12:53:51","modified_gmt":"2021-01-15T12:53:51","slug":"die-dolomiten-wunder-aus-stein","status":"publish","type":"product","link":"https:\/\/pizbube.ch\/en\/shop\/die-dolomiten-wunder-aus-stein\/","title":{"rendered":"Die Dolomiten Wunder aus Stein"},"content":{"rendered":"<p>Die Dolomiten von ihrer sch\u00f6nsten Seite: Der renommierte Fotograf Bernd<br \/>\nRitschel hat die Dolomiten neu fotografiert und zeigt wundersch\u00f6ne<br \/>\nBildstrecken dieses einzigartigen Gebirges. Die begleitenden Texte zur<br \/>\nEntstehung der Dolomiten, den Entdeckern und Gipfelst\u00fcrmern der Pionierzeit,<br \/>\nder Kriegsfront 1915-1917, zur Erschlie\u00dfung des Gebirges f\u00fcr den Tourismus und<br \/>\nzum Naturerlebnis heute stammen aus der Feder des Dolomiten-Kenners Eugen E.<br \/>\nH\u00fcsler.<br \/>\nZahlr. Farbfotos. 176 S.  <\/p>","protected":false},"excerpt":{"rendered":"<p>Die Dolomiten von ihrer sch\u00f6nsten Seite: Der renommierte Fotograf Bernd Ritschel hat die Dolomiten neu fotografiert und zeigt wundersch\u00f6ne Bildstrecken dieses einzigartigen Gebirges. Die begleitenden Texte zur Entstehung der Dolomiten, den Entdeckern und Gipfelst\u00fcrmern der Pionierzeit, der Kriegsfront 1915-1917, zur Erschlie\u00dfung des Gebirges f\u00fcr den Tourismus und zum Naturerlebnis heute stammen aus der Feder des [&#8230;]\n","protected":false},"featured_media":30597,"template":"","meta":[],"product_brand":[],"product_cat":[21542],"product_tag":[],"class_list":{"0":"post-149782","1":"product","2":"type-product","3":"status-publish","4":"has-post-thumbnail","6":"product_cat-sachbuecher-dokumentationen","7":"pa_autor-ritschel-huesler","8":"pa_erscheinungsjahr-22292","9":"pa_region-italien","10":"pa_sprache-de","12":"first","13":"instock","14":"taxable","15":"shipping-taxable","16":"purchasable","17":"product-type-simple"},"_links":{"self":[{"href":"https:\/\/pizbube.ch\/en\/wp-json\/wp\/v2\/product\/149782","targetHints":{"allow":["GET"]}}],"collection":[{"href":"https:\/\/pizbube.ch\/en\/wp-json\/wp\/v2\/product"}],"about":[{"href":"https:\/\/pizbube.ch\/en\/wp-json\/wp\/v2\/types\/product"}],"wp:featuredmedia":[{"embeddable":true,"href":"https:\/\/pizbube.ch\/en\/wp-json\/wp\/v2\/media\/30597"}],"wp:attachment":[{"href":"https:\/\/pizbube.ch\/en\/wp-json\/wp\/v2\/media?parent=149782"}],"wp:term":[{"taxonomy":"product_brand","embeddable":true,"href":"https:\/\/pizbube.ch\/en\/wp-json\/wp\/v2\/product_brand?post=149782"},{"taxonomy":"product_cat","embeddable":true,"href":"https:\/\/pizbube.ch\/en\/wp-json\/wp\/v2\/product_cat?post=149782"},{"taxonomy":"product_tag","embeddable":true,"href":"https:\/\/pizbube.ch\/en\/wp-json\/wp\/v2\/product_tag?post=149782"}],"curies":[{"name":"wp","href":"https:\/\/api.w.org\/{rel}","templated":true}]}}