{"id":149785,"date":"2021-01-15T11:00:45","date_gmt":"2021-01-15T11:00:45","guid":{"rendered":"https:\/\/codengine3.ch\/?product=import-placeholder-for-200819"},"modified":"2022-08-20T10:21:46","modified_gmt":"2022-08-20T08:21:46","slug":"sella-langkofel-extrem","status":"publish","type":"product","link":"https:\/\/pizbube.ch\/en\/shop\/sella-langkofel-extrem\/","title":{"rendered":"Sella &#8211; Langkofel extrem"},"content":{"rendered":"<p>In der \u00fcberarbeiteten zweiten Auflage pr\u00e4sentiert sich der AVF extrem Sella &#8211;<br \/>\nLangkofel wieder als topaktueller Kletterf\u00fchrer, der allen Anspr\u00fcchen des<br \/>\nmodernen Bergsteigers und Felskletterers gerecht wird. Beschrieben werden alle<br \/>\ngebr\u00e4uchlichen und empfehlenswerten Routen ab dem unteren III.<br \/>\nSchwierigkeitsgrad.<\/p>\n<p>\u00dcbersichtliche und zuverl\u00e4ssige Anstiegsskizzen der Routen werden durch<br \/>\nWandbilder mit einge- zeichnetem Routenverlauf optimal erg\u00e4nzt. Die<br \/>\nRoutenbeschreibungen sind in ihrer Ausf\u00fchrlichkeit der Bedeutung der Routen<br \/>\nangepa\u00dft. Der einf\u00fchrende Teil nennt St\u00fctzpunkte und Zug\u00e4nge, ein<br \/>\nInformationsteil am Schlu\u00df des F\u00fchrers verzeichnet neben den wichtigsten<br \/>\nTalorten auch die Kletterg\u00e4rten der Region.<\/p>\n<p>\u00fcberarbeitete 2. Auflage 2001<br \/>\n416 Seiten,<br \/>\n88 Anstiegsskizzen, 56 Wandfotos, 4 \u00dcbersichtsskizzen, eine \u00dcbersichtskarte im Ma\u00dfstab 1:50.000 Verfa\u00dft nach den Richtlinien der UIAA<\/p>","protected":false},"excerpt":{"rendered":"<p>In der \u00fcberarbeiteten zweiten Auflage pr\u00e4sentiert sich der AVF extrem Sella &#8211; Langkofel wieder als topaktueller Kletterf\u00fchrer, der allen Anspr\u00fcchen des modernen Bergsteigers und Felskletterers gerecht wird. Beschrieben werden alle gebr\u00e4uchlichen und empfehlenswerten Routen ab dem unteren III. Schwierigkeitsgrad. \u00dcbersichtliche und zuverl\u00e4ssige Anstiegsskizzen der Routen werden durch Wandbilder mit einge- zeichnetem Routenverlauf optimal erg\u00e4nzt. Die [&#8230;]\n","protected":false},"featured_media":163264,"template":"","meta":[],"product_brand":[],"product_cat":[21539],"product_tag":[],"class_list":{"0":"post-149785","1":"product","2":"type-product","3":"status-publish","4":"has-post-thumbnail","6":"product_cat-fuehrerliteratur-sportklettern-bouldern","7":"pa_autor-goedeke","8":"pa_erscheinungsjahr-22242","9":"pa_region-italien","10":"pa_sprache-de","12":"first","13":"onbackorder","14":"taxable","15":"shipping-taxable","16":"purchasable","17":"product-type-simple"},"_links":{"self":[{"href":"https:\/\/pizbube.ch\/en\/wp-json\/wp\/v2\/product\/149785","targetHints":{"allow":["GET"]}}],"collection":[{"href":"https:\/\/pizbube.ch\/en\/wp-json\/wp\/v2\/product"}],"about":[{"href":"https:\/\/pizbube.ch\/en\/wp-json\/wp\/v2\/types\/product"}],"wp:featuredmedia":[{"embeddable":true,"href":"https:\/\/pizbube.ch\/en\/wp-json\/wp\/v2\/media\/163264"}],"wp:attachment":[{"href":"https:\/\/pizbube.ch\/en\/wp-json\/wp\/v2\/media?parent=149785"}],"wp:term":[{"taxonomy":"product_brand","embeddable":true,"href":"https:\/\/pizbube.ch\/en\/wp-json\/wp\/v2\/product_brand?post=149785"},{"taxonomy":"product_cat","embeddable":true,"href":"https:\/\/pizbube.ch\/en\/wp-json\/wp\/v2\/product_cat?post=149785"},{"taxonomy":"product_tag","embeddable":true,"href":"https:\/\/pizbube.ch\/en\/wp-json\/wp\/v2\/product_tag?post=149785"}],"curies":[{"name":"wp","href":"https:\/\/api.w.org\/{rel}","templated":true}]}}