{"id":149786,"date":"2021-01-15T11:00:45","date_gmt":"2021-01-15T11:00:45","guid":{"rendered":"https:\/\/codengine3.ch\/?product=import-placeholder-for-205593"},"modified":"2022-11-30T14:33:33","modified_gmt":"2022-11-30T13:33:33","slug":"dolomiten-die-weissen-berge","status":"publish","type":"product","link":"https:\/\/pizbube.ch\/en\/shop\/dolomiten-die-weissen-berge\/","title":{"rendered":"Dolomiten &#8211; Die wei\u00dfen Berge"},"content":{"rendered":"<p>Der Aufschwung des Skisports. Die Geschichte der Abenteurer und Helden. Die<br \/>\nunglaublichen Erlebnisse ihrer Taten. 208 Seiten, 260 Abbildungen.<\/p>\n<p>Aus dem Inhalt:<br \/>\nSchon immer verband man mit den Bergen etwas Magisches und Mystisches, etwas<br \/>\njenseits der Wirklichkeit Liegendes. Im R\u00fcckblick der Geschichte offenbart<br \/>\nsich eine Welt der Wunder mit Helden und Verlierern, mit Wundern und<br \/>\nTrag\u00f6dien. Au\u00dferordentliche Ereignisse, welche \u00fcber Leben und Tod entschieden,<br \/>\ngab es genauso oft wie Episoden jenseits des menschlichen Fassungsverm\u00f6gens.<br \/>\nR\u00fcckblickend wertet die Geschichte und verkl\u00e4rt, ernennt Helden und feiert das<br \/>\nUngew\u00f6hnliche.<\/p>\n<p>Sehr oft wissen jene, welche im Augenblick Entscheidendes<br \/>\ngeleistet haben, nichts von der Beurteilung der Umwelt; ein fr\u00fcher Tod<br \/>\nstilisierte sie zu Helden. So sind auch die Dolomiten voll von Gestalten,<br \/>\nFrauen wie M\u00e4nnern, welche auf ihren H\u00f6llenfahrten sich selbst \u00fcberwunden<br \/>\nhaben und noch \u00f6fter einen tieferen Einblick in die Geheimnisse der Natur<br \/>\nanderen verschafft haben.<\/p>","protected":false},"excerpt":{"rendered":"<p>Der Aufschwung des Skisports. Die Geschichte der Abenteurer und Helden. Die unglaublichen Erlebnisse ihrer Taten. 208 Seiten, 260 Abbildungen. Aus dem Inhalt: Schon immer verband man mit den Bergen etwas Magisches und Mystisches, etwas jenseits der Wirklichkeit Liegendes. Im R\u00fcckblick der Geschichte offenbart sich eine Welt der Wunder mit Helden und Verlierern, mit Wundern und [&#8230;]\n","protected":false},"featured_media":34366,"template":"","meta":[],"product_brand":[],"product_cat":[21542],"product_tag":[],"class_list":{"0":"post-149786","1":"product","2":"type-product","3":"status-publish","4":"has-post-thumbnail","6":"product_cat-sachbuecher-dokumentationen","7":"pa_autor-wachtler","8":"pa_erscheinungsjahr-22292","9":"pa_region-italien","10":"pa_sprache-de","12":"first","13":"onbackorder","14":"taxable","15":"shipping-taxable","16":"purchasable","17":"product-type-simple"},"_links":{"self":[{"href":"https:\/\/pizbube.ch\/en\/wp-json\/wp\/v2\/product\/149786","targetHints":{"allow":["GET"]}}],"collection":[{"href":"https:\/\/pizbube.ch\/en\/wp-json\/wp\/v2\/product"}],"about":[{"href":"https:\/\/pizbube.ch\/en\/wp-json\/wp\/v2\/types\/product"}],"wp:featuredmedia":[{"embeddable":true,"href":"https:\/\/pizbube.ch\/en\/wp-json\/wp\/v2\/media\/34366"}],"wp:attachment":[{"href":"https:\/\/pizbube.ch\/en\/wp-json\/wp\/v2\/media?parent=149786"}],"wp:term":[{"taxonomy":"product_brand","embeddable":true,"href":"https:\/\/pizbube.ch\/en\/wp-json\/wp\/v2\/product_brand?post=149786"},{"taxonomy":"product_cat","embeddable":true,"href":"https:\/\/pizbube.ch\/en\/wp-json\/wp\/v2\/product_cat?post=149786"},{"taxonomy":"product_tag","embeddable":true,"href":"https:\/\/pizbube.ch\/en\/wp-json\/wp\/v2\/product_tag?post=149786"}],"curies":[{"name":"wp","href":"https:\/\/api.w.org\/{rel}","templated":true}]}}