{"id":149792,"date":"2021-01-15T11:00:45","date_gmt":"2021-01-15T11:00:45","guid":{"rendered":"https:\/\/codengine3.ch\/?product=import-placeholder-for-203603"},"modified":"2024-04-23T10:16:20","modified_gmt":"2024-04-23T08:16:20","slug":"italien-ligurischer-hoehenweg-alta-via-dei-monte-liguri","status":"publish","type":"product","link":"https:\/\/pizbube.ch\/en\/shop\/italien-ligurischer-hoehenweg-alta-via-dei-monte-liguri\/","title":{"rendered":"Italien: Ligurischer H\u00f6henweg &#8211; Alta Via dei Monte Liguri"},"content":{"rendered":"<p>Der ligurische H\u00f6henweg ist ein markierter Fernwanderweg, der Ligurien der<br \/>\nL\u00e4nge nach durchmisst. Der Ausgangspunkt liegt in Ventimilia an der<br \/>\nfranz\u00f6sischen Grenze, das Ziel befindet sich in Ceparana, einem kleinen<br \/>\nSt\u00e4dtchen vor den Toren La Spezias. Dazwischen liegen 440 km Wegstrecke. Zu<br \/>\nBeginn pr\u00e4gt die grandiose Hochgebirgskulisse der ligurischen Alpen das<br \/>\nLandschaftsbild.<\/p>\n<p>Das Dach Liguriens, der \u00fcber 2000 m hohe Gipfel des Monte Sacarello, steht<br \/>\nbereits im Verlauf der 3. Etappe auf dem Programm. Am Cadibona-Pass l\u00f6sen die<br \/>\nrunden Kuppen des Apennin das Alpenpanorama ab. Seiner H\u00f6henlage ist es zu<br \/>\nverdanken, dass sich auf der gesamten Wegstrecke des H\u00f6henweges faszinierende<br \/>\nFernblicke auf die nahe gelegene K\u00fcstenlinie und das Ligurische Meer er\u00f6ffnen.<br \/>\nDer Weg ist das Ziel. s\/w. Abb., 22 Karten. 176 S.<\/p>\n<p>2. aktualis. Auflg. 2011<\/p>","protected":false},"excerpt":{"rendered":"<p>Der ligurische H\u00f6henweg ist ein markierter Fernwanderweg, der Ligurien der L\u00e4nge nach durchmisst. Der Ausgangspunkt liegt in Ventimilia an der franz\u00f6sischen Grenze, das Ziel befindet sich in Ceparana, einem kleinen St\u00e4dtchen vor den Toren La Spezias. Dazwischen liegen 440 km Wegstrecke. Zu Beginn pr\u00e4gt die grandiose Hochgebirgskulisse der ligurischen Alpen das Landschaftsbild. Das Dach Liguriens, [&#8230;]\n","protected":false},"featured_media":172661,"template":"","meta":[],"product_brand":[],"product_cat":[21605],"product_tag":[],"class_list":{"0":"post-149792","1":"product","2":"type-product","3":"status-publish","4":"has-post-thumbnail","6":"product_cat-wanderfuehrer-trekking","7":"pa_autor-thomas","8":"pa_erscheinungsjahr-21610","9":"pa_region-italien","10":"pa_sprache-de","12":"first","13":"instock","14":"taxable","15":"shipping-taxable","16":"purchasable","17":"product-type-simple"},"_links":{"self":[{"href":"https:\/\/pizbube.ch\/en\/wp-json\/wp\/v2\/product\/149792","targetHints":{"allow":["GET"]}}],"collection":[{"href":"https:\/\/pizbube.ch\/en\/wp-json\/wp\/v2\/product"}],"about":[{"href":"https:\/\/pizbube.ch\/en\/wp-json\/wp\/v2\/types\/product"}],"wp:featuredmedia":[{"embeddable":true,"href":"https:\/\/pizbube.ch\/en\/wp-json\/wp\/v2\/media\/172661"}],"wp:attachment":[{"href":"https:\/\/pizbube.ch\/en\/wp-json\/wp\/v2\/media?parent=149792"}],"wp:term":[{"taxonomy":"product_brand","embeddable":true,"href":"https:\/\/pizbube.ch\/en\/wp-json\/wp\/v2\/product_brand?post=149792"},{"taxonomy":"product_cat","embeddable":true,"href":"https:\/\/pizbube.ch\/en\/wp-json\/wp\/v2\/product_cat?post=149792"},{"taxonomy":"product_tag","embeddable":true,"href":"https:\/\/pizbube.ch\/en\/wp-json\/wp\/v2\/product_tag?post=149792"}],"curies":[{"name":"wp","href":"https:\/\/api.w.org\/{rel}","templated":true}]}}